{"id":690331,"date":"2025-08-27T13:51:15","date_gmt":"2025-08-27T10:51:15","guid":{"rendered":"https:\/\/roveyayinevi.com.tr\/index.php\/urun\/imparatorlarin-denizi-akdeniz\/"},"modified":"2026-04-16T01:59:53","modified_gmt":"2026-04-15T22:59:53","slug":"imparatorlarin-denizi-akdeniz","status":"publish","type":"product","link":"https:\/\/roveyayinevi.com.tr\/index.php\/urun\/imparatorlarin-denizi-akdeniz\/","title":{"rendered":"\u0130mparatorlar\u0131n Denizi Akdeniz"},"content":{"rendered":"<p>Tarih 16. Y\u00fczy\u0131l&#8230; Osmanl\u0131 \u0130mparatorlu\u011fu\u2019nda Yavuz Sultan Selim, Kanuni Sultan S\u00fcleyman, II. Selim. \u0130spanya\u2019da V. Kari ve II. Felipe&#8230; \u0130ngiltere\u2019de VIII. Henry ve I. Elizabeth&#8230; Rusya\u2019da Korkun\u00e7 Ivan&#8230; Vatikan\u2019da IV. ve V. Pius&#8230; Ma\u011frip\u2019te Barbaros ve Oru\u00e7 karde\u015fler, Turgut ve Ulu\u00e7 Ali Reisler,.. Venedik\u2019te t\u00fcm zamanlar\u0131n en f\u0131rsat\u00e7\u0131 ve becerikli diplomatlar\u0131.. K\u0131y\u0131lara korku salan az\u0131l\u0131 ve ac\u0131mas\u0131z Korsanlar&#8230; Ve t\u00fcm bu g\u00fc\u00e7lerin \u00fczerinde rekabete tutu\u015ftu\u011fu, bilinen d\u00fcnyan\u0131n merkezi; Akdeniz. T\u00fcrkiye\u2019yi ve tarihini \u00e7ok iyi tan\u0131yan Roger Crowley, \u2018Son B\u00fcy\u00fck \u2018 Ku\u015fatma 1453\u2019 ba\u015fl\u0131kl\u0131 ses getiren kitab\u0131n\u0131n devam\u0131 niteli\u011findeki bu \u00e7al\u0131\u015fmas\u0131nda, b\u00fcy\u00fck imparatorluklar\u0131n egemenli\u011fini kabul ettirme ve arada kalan k\u00fc\u00e7\u00fcklerin var olma sava\u015fma yine bir romanc\u0131 gibi yakla\u015f\u0131yor, kalemini kesinli\u011fi tart\u0131\u015f\u0131lmaz kaynaklarla destekliyor. <\/p>\n","protected":false},"excerpt":{"rendered":"<p>Tarih 16. Y\u00fczy\u0131l&#8230; Osmanl\u0131 \u0130mparatorlu\u011fu\u2019nda Yavuz Sultan Selim, Kanuni Sultan S\u00fcleyman, II. Selim. \u0130spanya\u2019da V. Kari ve II. Felipe&#8230; \u0130ngiltere\u2019de VIII. Henry ve I. Elizabeth&#8230; Rusya\u2019da<span class=\"excerpt-hellip\"> [\u2026]<\/span><\/p>\n","protected":false},"featured_media":0,"template":"","meta":{"_monsterinsights_skip_tracking":false,"_monsterinsights_sitenote_active":false,"_monsterinsights_sitenote_note":"","_monsterinsights_sitenote_category":0},"product_brand":[],"product_cat":[12364],"product_tag":[],"class_list":{"0":"post-690331","1":"product","2":"type-product","3":"status-publish","5":"product_cat-genel-konular","6":"pa_cilt-ciltsiz","7":"pa_tur-kitap","8":"pa_yayinevi-april-yayincilik","9":"pa_yazar-roger-crowley","11":"first","12":"instock","13":"sale","14":"shipping-taxable","15":"purchasable","16":"product-type-simple"},"_links":{"self":[{"href":"https:\/\/roveyayinevi.com.tr\/index.php\/wp-json\/wp\/v2\/product\/690331","targetHints":{"allow":["GET"]}}],"collection":[{"href":"https:\/\/roveyayinevi.com.tr\/index.php\/wp-json\/wp\/v2\/product"}],"about":[{"href":"https:\/\/roveyayinevi.com.tr\/index.php\/wp-json\/wp\/v2\/types\/product"}],"wp:attachment":[{"href":"https:\/\/roveyayinevi.com.tr\/index.php\/wp-json\/wp\/v2\/media?parent=690331"}],"wp:term":[{"taxonomy":"product_brand","embeddable":true,"href":"https:\/\/roveyayinevi.com.tr\/index.php\/wp-json\/wp\/v2\/product_brand?post=690331"},{"taxonomy":"product_cat","embeddable":true,"href":"https:\/\/roveyayinevi.com.tr\/index.php\/wp-json\/wp\/v2\/product_cat?post=690331"},{"taxonomy":"product_tag","embeddable":true,"href":"https:\/\/roveyayinevi.com.tr\/index.php\/wp-json\/wp\/v2\/product_tag?post=690331"}],"curies":[{"name":"wp","href":"https:\/\/api.w.org\/{rel}","templated":true}]}}