{"id":690330,"date":"2025-08-27T13:51:14","date_gmt":"2025-08-27T10:51:14","guid":{"rendered":"https:\/\/roveyayinevi.com.tr\/index.php\/urun\/yeni-bir-bakis-acisiyla-dunya-tarihi-ciltli\/"},"modified":"2025-12-30T09:36:54","modified_gmt":"2025-12-30T06:36:54","slug":"yeni-bir-bakis-acisiyla-dunya-tarihi-ciltli","status":"publish","type":"product","link":"https:\/\/roveyayinevi.com.tr\/index.php\/urun\/yeni-bir-bakis-acisiyla-dunya-tarihi-ciltli\/","title":{"rendered":"Yeni Bir Bak\u0131\u015f A\u00e7\u0131s\u0131yla D\u00fcnya Tarihi (Ciltli)"},"content":{"rendered":"<p>Bilinen d\u00fcnya tarihi anlat\u0131lar\u0131, Bat\u0131 uygarl\u0131\u011f\u0131n\u0131n y\u00fckseli\u015fine odaklanma e\u011filimi nedeniyle Antik Yunan, Roma \u0130mparatorlu\u011fu ve Avrupa\u2019n\u0131n geni\u015flemesi konular\u0131na a\u011f\u0131rl\u0131k verir. \u00c7in, Hindistan ve Japonya gibi b\u00fcy\u00fck uygarl\u0131klar\u0131n tarihleri, dolay\u0131s\u0131yla d\u00fcnya n\u00fcfusunun \u00e7o\u011funlu\u011funun ya\u015fad\u0131klar\u0131, genellikle \u00e7ok daha k\u00fc\u00e7\u00fck bir alana s\u0131k\u0131\u015ft\u0131r\u0131l\u0131r. D\u00fcnya Tarihi, tamamen farkl\u0131 bir yakla\u015f\u0131m sergiliyor. \u0130nsan\u0131n \u00f6yk\u00fcs\u00fcn\u00fcn b\u00fct\u00fcnsel bir a\u00e7\u0131dan anlat\u0131lmas\u0131 gerekti\u011fi varsay\u0131m\u0131ndan yola \u00e7\u0131karak insan\u0131n evrimini, avc\u0131 ve toplay\u0131c\u0131 olarak ya\u015famlar\u0131n\u0131 ve devam\u0131nda tar\u0131ma ge\u00e7i\u015flerini irdeledikten sonra Mezopotamya, M\u0131s\u0131r, \u00c7in, \u0130ndus Vadisi, Mezo Amerika ve Peru gibi yery\u00fcz\u00fcn\u00fcn \u00e7e\u015fitli b\u00f6lgelerinde uygarl\u0131klar\u0131n ortaya \u00e7\u0131k\u0131\u015f\u0131n\u0131 ele al\u0131yor. Anlat\u0131s\u0131na ilk uygarl\u0131klar\u0131n \u00f6yk\u00fcs\u00fcyle devam ederek bunlar\u0131n yaln\u0131zca farkl\u0131l\u0131klar\u0131n\u0131 de\u011fil, benzerliklerini de vurguluyor. Aralar\u0131ndaki ili\u015fkilerin nas\u0131l kuruldu\u011funu ve teknolojinin, fikirlerin ve d\u00fcnyan\u0131n en b\u00fcy\u00fck dinlerinin birinden \u00f6tekine nas\u0131l ge\u00e7ti\u011fini a\u00e7\u0131kl\u0131yor. B\u00fcy\u00fck \u0130slam, \u00c7in ve Mo\u011fol \u0130mparatorluklar\u0131\u2019na ayr\u0131nt\u0131l\u0131 olarak yer veriyor. \u00d6yk\u00fcn\u00fcn ancak sonlar\u0131na do\u011fru Avrupa, teknolojik yenilikler ile sosyal ve ekonomik de\u011fi\u015fimlerin \u00fczerinde y\u00fckselerek yava\u015f yava\u015f d\u00fcnyaya egemen olmaya ba\u015fl\u0131yor. 21. y\u00fczy\u0131la gelindi\u011finde Avrupa\u2019n\u0131n bu egemenli\u011fi de ortadan kalk\u0131yor. D\u00fcnya Tarihi, tam bir k\u00fcresel alan taramas\u0131n\u0131 ger\u00e7ekle\u015ftirerek insanl\u0131k tarihinin yeni ve \u015fa\u015f\u0131rt\u0131c\u0131 derecede farkl\u0131 bir anlat\u0131m\u0131n\u0131 sunuyor. Bu, yeni y\u00fczy\u0131lda ge\u00e7erli olacak bir d\u00fcnyan\u0131n tarihi. \ufffc<\/p>\n","protected":false},"excerpt":{"rendered":"<p>Bilinen d\u00fcnya tarihi anlat\u0131lar\u0131, Bat\u0131 uygarl\u0131\u011f\u0131n\u0131n y\u00fckseli\u015fine odaklanma e\u011filimi nedeniyle Antik Yunan, Roma \u0130mparatorlu\u011fu ve Avrupa\u2019n\u0131n geni\u015flemesi konular\u0131na a\u011f\u0131rl\u0131k verir. \u00c7in, Hindistan ve Japonya gibi b\u00fcy\u00fck<span class=\"excerpt-hellip\"> [\u2026]<\/span><\/p>\n","protected":false},"featured_media":0,"template":"","meta":{"_monsterinsights_skip_tracking":false,"_monsterinsights_sitenote_active":false,"_monsterinsights_sitenote_note":"","_monsterinsights_sitenote_category":0},"product_brand":[],"product_cat":[12305,12304],"product_tag":[],"class_list":{"0":"post-690330","1":"product","2":"type-product","3":"status-publish","5":"product_cat-dunya-tarihi","6":"product_cat-tarih","7":"pa_cilt-ciltli","8":"pa_tur-kitap","9":"pa_yayinevi-alfa-yayinlari","10":"pa_yazar-clive-ponting","12":"first","13":"instock","14":"sale","15":"shipping-taxable","16":"purchasable","17":"product-type-simple"},"_links":{"self":[{"href":"https:\/\/roveyayinevi.com.tr\/index.php\/wp-json\/wp\/v2\/product\/690330","targetHints":{"allow":["GET"]}}],"collection":[{"href":"https:\/\/roveyayinevi.com.tr\/index.php\/wp-json\/wp\/v2\/product"}],"about":[{"href":"https:\/\/roveyayinevi.com.tr\/index.php\/wp-json\/wp\/v2\/types\/product"}],"wp:attachment":[{"href":"https:\/\/roveyayinevi.com.tr\/index.php\/wp-json\/wp\/v2\/media?parent=690330"}],"wp:term":[{"taxonomy":"product_brand","embeddable":true,"href":"https:\/\/roveyayinevi.com.tr\/index.php\/wp-json\/wp\/v2\/product_brand?post=690330"},{"taxonomy":"product_cat","embeddable":true,"href":"https:\/\/roveyayinevi.com.tr\/index.php\/wp-json\/wp\/v2\/product_cat?post=690330"},{"taxonomy":"product_tag","embeddable":true,"href":"https:\/\/roveyayinevi.com.tr\/index.php\/wp-json\/wp\/v2\/product_tag?post=690330"}],"curies":[{"name":"wp","href":"https:\/\/api.w.org\/{rel}","templated":true}]}}