{"id":690329,"date":"2025-08-27T13:51:14","date_gmt":"2025-08-27T10:51:14","guid":{"rendered":"https:\/\/roveyayinevi.com.tr\/index.php\/urun\/ikonoloji-arastirmalari-ronesans-sanatinda-insancil-temalar\/"},"modified":"2026-04-16T01:59:53","modified_gmt":"2026-04-15T22:59:53","slug":"ikonoloji-arastirmalari-ronesans-sanatinda-insancil-temalar","status":"publish","type":"product","link":"https:\/\/roveyayinevi.com.tr\/index.php\/urun\/ikonoloji-arastirmalari-ronesans-sanatinda-insancil-temalar\/","title":{"rendered":"\u0130konoloji Ara\u015ft\u0131rmalar\u0131 &#8211; R\u00f6nesans Sanat\u0131nda \u0130nsanc\u0131l Temalar"},"content":{"rendered":"<p>Sanat tarihi alan\u0131ndaki en \u00f6nemli isimlerden biri olan Erwin Panofsky g\u00f6rsel sanat eserlerinin anla\u015f\u0131lmas\u0131 i\u00e7in yetersiz kalan ikonografi y\u00f6ntemini geli\u015ftirerek ikonoloji y\u00f6ntemini olu\u015fturmu\u015ftur.\u0130konografi g\u00f6rseli betimler, s\u0131n\u0131fland\u0131r\u0131r ve eserin derinlerine inmez. Ancak ikonoloji betimlemenin \u00f6tesine giderek sanat eserini anlamak i\u00e7in derinlere iner. \u00d6nce eserin bi\u00e7imsel analizini yapar, sonra metinlere ba\u015fvurur, son olarak da b\u00fct\u00fcn edinilen bilgilerden yola \u00e7\u0131karak g\u00f6rseli tarihsel s\u00fcre\u00e7 i\u00e7indeki di\u011fer \u00f6rneklerle kar\u015f\u0131la\u015ft\u0131rarak yorumlar. Bu \u00e7\u00f6z\u00fcmlemeyi yaparken d\u00f6nem kaynaklar\u0131na, d\u00f6nemin sosyo-k\u00fclt\u00fcrel yap\u0131s\u0131na, sanat\u00e7\u0131n\u0131n \u00fcslubuna bakar. Bu nedenle ikonoloji bir\u00e7ok kayna\u011f\u0131n de\u011ferlendirilmesi sonras\u0131nda ula\u015f\u0131lan k\u00fclt\u00fcrel bir okumad\u0131r.\u0130konoloji Ara\u015ft\u0131rmalar\u0131 Panofsky\u2019nin r\u00f6nesans sanat\u0131n\u0131 de\u011ferlendirdi\u011fi e\u015fsiz bir kaynak&#8230; <\/p>\n","protected":false},"excerpt":{"rendered":"<p>Sanat tarihi alan\u0131ndaki en \u00f6nemli isimlerden biri olan Erwin Panofsky g\u00f6rsel sanat eserlerinin anla\u015f\u0131lmas\u0131 i\u00e7in yetersiz kalan ikonografi y\u00f6ntemini geli\u015ftirerek ikonoloji y\u00f6ntemini olu\u015fturmu\u015ftur.\u0130konografi g\u00f6rseli betimler, s\u0131n\u0131fland\u0131r\u0131r<span class=\"excerpt-hellip\"> [\u2026]<\/span><\/p>\n","protected":false},"featured_media":0,"template":"","meta":{"_monsterinsights_skip_tracking":false,"_monsterinsights_sitenote_active":false,"_monsterinsights_sitenote_note":"","_monsterinsights_sitenote_category":0},"product_brand":[],"product_cat":[12408,14197],"product_tag":[],"class_list":{"0":"post-690329","1":"product","2":"type-product","3":"status-publish","5":"product_cat-sanat","6":"product_cat-sanat-tarihi","7":"pa_cilt-ciltsiz","8":"pa_tur-kitap","9":"pa_yayinevi-pinhan-yayincilik","10":"pa_yazar-erwin-panofsky","12":"first","13":"instock","14":"sale","15":"shipping-taxable","16":"purchasable","17":"product-type-simple"},"_links":{"self":[{"href":"https:\/\/roveyayinevi.com.tr\/index.php\/wp-json\/wp\/v2\/product\/690329","targetHints":{"allow":["GET"]}}],"collection":[{"href":"https:\/\/roveyayinevi.com.tr\/index.php\/wp-json\/wp\/v2\/product"}],"about":[{"href":"https:\/\/roveyayinevi.com.tr\/index.php\/wp-json\/wp\/v2\/types\/product"}],"wp:attachment":[{"href":"https:\/\/roveyayinevi.com.tr\/index.php\/wp-json\/wp\/v2\/media?parent=690329"}],"wp:term":[{"taxonomy":"product_brand","embeddable":true,"href":"https:\/\/roveyayinevi.com.tr\/index.php\/wp-json\/wp\/v2\/product_brand?post=690329"},{"taxonomy":"product_cat","embeddable":true,"href":"https:\/\/roveyayinevi.com.tr\/index.php\/wp-json\/wp\/v2\/product_cat?post=690329"},{"taxonomy":"product_tag","embeddable":true,"href":"https:\/\/roveyayinevi.com.tr\/index.php\/wp-json\/wp\/v2\/product_tag?post=690329"}],"curies":[{"name":"wp","href":"https:\/\/api.w.org\/{rel}","templated":true}]}}