{"id":690328,"date":"2025-08-27T13:51:14","date_gmt":"2025-08-27T10:51:14","guid":{"rendered":"https:\/\/roveyayinevi.com.tr\/index.php\/urun\/10-1-2-bolumde-dunya-tarihi\/"},"modified":"2026-04-16T01:59:53","modified_gmt":"2026-04-15T22:59:53","slug":"10-1-2-bolumde-dunya-tarihi","status":"publish","type":"product","link":"https:\/\/roveyayinevi.com.tr\/index.php\/urun\/10-1-2-bolumde-dunya-tarihi\/","title":{"rendered":"10 1\/2 B\u00f6l\u00fcmde D\u00fcnya Tarihi"},"content":{"rendered":"<p>Julian Barnes\u2019\u0131n 10,5 B\u00f6l\u00fcmde D\u00fcnya Tarihi adl\u0131 roman\u0131, bildi\u011fimiz, al\u0131\u015fageldi\u011fimiz d\u00fcnya tarihlerinden de\u011fil. Bir kere, yap\u0131s\u0131n\u0131 kuru ve kavramsal d\u00fc\u015f\u00fcnceler de\u011fil, o d\u00fc\u015f\u00fcnceleri do\u011furan estetik ya\u015fant\u0131lar olu\u015fturuyor. \u0130kincisi, geleneksel bak\u0131\u015f a\u00e7\u0131lar\u0131ndan sapan alternatif bir tarih, hatta deyim yerindeyse, Do\u011fa\u2019n\u0131n g\u00f6z\u00fcnden muhalif bir \u0130nsanl\u0131k Tarihi. Sonra, ilgin\u00e7 bir \u015fekilde, kesirli, art\u0131\u011f\u0131 olan bir tarih. Nedir bu art\u0131k? Bu art\u0131k, kitab\u0131n bir b\u00f6l\u00fcm\u00fcn\u00fc (\u201cParantez\u201d) olu\u015fturacak kadar \u00f6nemli; \u00e7\u00fcnk\u00fc Julian Barnes \u201ca\u015fk\u201d kavram\u0131n\u0131, \u00e7ok bilinmeyenli D\u00fcnya Tarihi denkleminde olmazsa olmaz bir parametre olarak g\u00f6r\u00fcyor ve ona roman\u0131nda son derece \u00f6nemli ve anlaml\u0131 bir yer a\u00e7\u0131yor. Barnes roman\u0131nda, o e\u015fsiz ironisiyle, bize ola\u011fan\u00fcst\u00fc \u00e7e\u015fitlilikte \u00f6yk\u00fcler anlat\u0131yor, ama her \u015feyden \u00f6nce de sorular soruyor:Nuh efsanesi bir tahtakurdunun bak\u0131\u015f a\u00e7\u0131s\u0131ndan anlat\u0131lacak olursa ortaya nas\u0131l bir Tarih yorumu \u00e7\u0131kar? Filistinli ter\u00f6ristler, Akdeniz\u2019de seyreden bir yolcu gemisini ele ge\u00e7irip de taleplerinin yerine getirilmesi i\u00e7in yolcular\u0131 \u00f6ld\u00fcrmekle tehdit ederlerse, Nuh efsanesi \u00e7a\u011fda\u015f zamanlarda nas\u0131l bir yank\u0131 bulmu\u015f olur? XVI. y\u00fczy\u0131l Fransas\u0131\u2019ndaki Mamirolle k\u00f6y\u00fc sakinleri ha\u015farat\u0131 mahkemeye verirlerse kar\u015f\u0131m\u0131za nas\u0131l bir dava \u00e7\u0131kar? Ve insanl\u0131\u011f\u0131n en eski d\u00fc\u015flerinden biri, d\u00fc\u015f\u00fcn\u00fczde uyand\u0131\u011f\u0131n\u0131z\u0131 g\u00f6rmek, \u00f6l\u00fcms\u00fczl\u00fck konusundaki g\u00f6r\u00fc\u015flerinizde nas\u0131l bir de\u011fi\u015fikli\u011fe yol a\u00e7abilir? \u0130\u015fte Julian Barnes, 10,5 B\u00f6l\u00fcmde D\u00fcnya Tarihi adl\u0131 roman\u0131nda, bizlere bu denli de\u011fi\u015fik ama ayn\u0131 zamanda da bu denli \u00e7ok ortak paydaya sahip \u00f6yk\u00fcler anlat\u0131yor. Hayatta kalma ve a\u015fk, sanat ve ger\u00e7eklik gibi edebiyat\u0131n evrensel temalar\u0131n\u0131 ele al\u0131p Tarih\u2019in farkl\u0131 d\u00f6nemlerinden de\u011fi\u015fik \u00f6yk\u00fclerle b\u00fct\u00fcn bu ya\u015fant\u0131lar aras\u0131ndaki derinlerde yatan ko\u015futluklar\u0131, ya\u015fant\u0131 birli\u011fini ke\u015ffetmeye giri\u015fiyor ve bunu yaparken de, Kitab\u0131 Mukaddes\u2019in dilinden argoya kadar \u00e7ok geni\u015f bir anlat\u0131m yelpazesi i\u00e7inde ustal\u0131kla kalem oynat\u0131yor. Tabii, b\u00fct\u00fcn roman boyunca o e\u015fsiz ironik \u00fcslubunun damgas\u0131n\u0131 ta\u015f\u0131yarak&#8230; 10,5 B\u00f6l\u00fcmde D\u00fcnya Tarihi, okuduktan sonra d\u00fcnyay\u0131 mutlaka farkl\u0131 g\u00f6rece\u011fimiz ve belleklerden kolay kolay silinmeyecek, \u00e7arp\u0131c\u0131 bir roman. <\/p>\n","protected":false},"excerpt":{"rendered":"<p>Julian Barnes\u2019\u0131n 10,5 B\u00f6l\u00fcmde D\u00fcnya Tarihi adl\u0131 roman\u0131, bildi\u011fimiz, al\u0131\u015fageldi\u011fimiz d\u00fcnya tarihlerinden de\u011fil. Bir kere, yap\u0131s\u0131n\u0131 kuru ve kavramsal d\u00fc\u015f\u00fcnceler de\u011fil, o d\u00fc\u015f\u00fcnceleri do\u011furan estetik ya\u015fant\u0131lar<span class=\"excerpt-hellip\"> [\u2026]<\/span><\/p>\n","protected":false},"featured_media":0,"template":"","meta":{"_monsterinsights_skip_tracking":false,"_monsterinsights_sitenote_active":false,"_monsterinsights_sitenote_note":"","_monsterinsights_sitenote_category":0},"product_brand":[],"product_cat":[12291,12866],"product_tag":[],"class_list":{"0":"post-690328","1":"product","2":"type-product","3":"status-publish","5":"product_cat-edebiyat","6":"product_cat-ingiliz-edebiyati","7":"pa_cilt-ciltsiz","8":"pa_tur-kitap","9":"pa_yayinevi-ayrinti-yayinlari","10":"pa_yazar-julian-barnes","12":"first","13":"instock","14":"sale","15":"shipping-taxable","16":"purchasable","17":"product-type-simple"},"_links":{"self":[{"href":"https:\/\/roveyayinevi.com.tr\/index.php\/wp-json\/wp\/v2\/product\/690328","targetHints":{"allow":["GET"]}}],"collection":[{"href":"https:\/\/roveyayinevi.com.tr\/index.php\/wp-json\/wp\/v2\/product"}],"about":[{"href":"https:\/\/roveyayinevi.com.tr\/index.php\/wp-json\/wp\/v2\/types\/product"}],"wp:attachment":[{"href":"https:\/\/roveyayinevi.com.tr\/index.php\/wp-json\/wp\/v2\/media?parent=690328"}],"wp:term":[{"taxonomy":"product_brand","embeddable":true,"href":"https:\/\/roveyayinevi.com.tr\/index.php\/wp-json\/wp\/v2\/product_brand?post=690328"},{"taxonomy":"product_cat","embeddable":true,"href":"https:\/\/roveyayinevi.com.tr\/index.php\/wp-json\/wp\/v2\/product_cat?post=690328"},{"taxonomy":"product_tag","embeddable":true,"href":"https:\/\/roveyayinevi.com.tr\/index.php\/wp-json\/wp\/v2\/product_tag?post=690328"}],"curies":[{"name":"wp","href":"https:\/\/api.w.org\/{rel}","templated":true}]}}