{"id":690327,"date":"2025-08-27T13:51:14","date_gmt":"2025-08-27T10:51:14","guid":{"rendered":"https:\/\/roveyayinevi.com.tr\/index.php\/urun\/toplumsal-cinsiyet-ve-iktidar\/"},"modified":"2026-04-16T01:59:53","modified_gmt":"2026-04-15T22:59:53","slug":"toplumsal-cinsiyet-ve-iktidar","status":"publish","type":"product","link":"https:\/\/roveyayinevi.com.tr\/index.php\/urun\/toplumsal-cinsiyet-ve-iktidar\/","title":{"rendered":"Toplumsal Cinsiyet ve \u0130ktidar"},"content":{"rendered":"<p>D\u00f6llenme an\u0131nda basit bir mekanizmaya ba\u011fl\u0131 olarak belirlenen cinsiyet, toplumsalla\u015fma s\u00fcrecinde insan denen toplumsal hayvan \u0131n ba\u015f\u0131na bela olmu\u015ftur. Tarihsel s\u00fcre\u00e7 i\u00e7inde iki cins aras\u0131nda, di\u015finin do\u011furganl\u0131\u011f\u0131na ba\u011fl\u0131 olarak geli\u015fen i\u015fb\u00f6l\u00fcm\u00fc, kad\u0131n ile erke\u011fe toplumsal ya\u015fam, k\u00fclt\u00fcr, psikoloji vb. alanlarda da tamamen ayr\u0131 roller bi\u00e7ti. Kural olarak biyolojik cinsiyetle \u00f6rt\u00fc\u015fmesine -daha do\u011frusu ona tekab\u00fcl etmesine- ra\u011fmen ondan ayr\u0131 bir kavram olan toplumsal cinsiyet i\u015fte bu tarihsel s\u00fcrecin \u00fcr\u00fcn\u00fcd\u00fcr.<\/p>\n","protected":false},"excerpt":{"rendered":"<p>D\u00f6llenme an\u0131nda basit bir mekanizmaya ba\u011fl\u0131 olarak belirlenen cinsiyet, toplumsalla\u015fma s\u00fcrecinde insan denen toplumsal hayvan \u0131n ba\u015f\u0131na bela olmu\u015ftur. Tarihsel s\u00fcre\u00e7 i\u00e7inde iki cins aras\u0131nda, di\u015finin<span class=\"excerpt-hellip\"> [\u2026]<\/span><\/p>\n","protected":false},"featured_media":0,"template":"","meta":{"_monsterinsights_skip_tracking":false,"_monsterinsights_sitenote_active":false,"_monsterinsights_sitenote_note":"","_monsterinsights_sitenote_category":0},"product_brand":[],"product_cat":[12358,12357],"product_tag":[],"class_list":{"0":"post-690327","1":"product","2":"type-product","3":"status-publish","5":"product_cat-genel-psikoloji","6":"product_cat-psikoloji","7":"pa_cilt-ciltsiz","8":"pa_tur-kitap","9":"pa_yayinevi-ayrinti-yayinlari","10":"pa_yazar-r-w-connell","12":"first","13":"instock","14":"sale","15":"shipping-taxable","16":"purchasable","17":"product-type-simple"},"_links":{"self":[{"href":"https:\/\/roveyayinevi.com.tr\/index.php\/wp-json\/wp\/v2\/product\/690327","targetHints":{"allow":["GET"]}}],"collection":[{"href":"https:\/\/roveyayinevi.com.tr\/index.php\/wp-json\/wp\/v2\/product"}],"about":[{"href":"https:\/\/roveyayinevi.com.tr\/index.php\/wp-json\/wp\/v2\/types\/product"}],"wp:attachment":[{"href":"https:\/\/roveyayinevi.com.tr\/index.php\/wp-json\/wp\/v2\/media?parent=690327"}],"wp:term":[{"taxonomy":"product_brand","embeddable":true,"href":"https:\/\/roveyayinevi.com.tr\/index.php\/wp-json\/wp\/v2\/product_brand?post=690327"},{"taxonomy":"product_cat","embeddable":true,"href":"https:\/\/roveyayinevi.com.tr\/index.php\/wp-json\/wp\/v2\/product_cat?post=690327"},{"taxonomy":"product_tag","embeddable":true,"href":"https:\/\/roveyayinevi.com.tr\/index.php\/wp-json\/wp\/v2\/product_tag?post=690327"}],"curies":[{"name":"wp","href":"https:\/\/api.w.org\/{rel}","templated":true}]}}