{"id":690322,"date":"2025-08-27T13:51:13","date_gmt":"2025-08-27T10:51:13","guid":{"rendered":"https:\/\/roveyayinevi.com.tr\/index.php\/urun\/tatli-siddet\/"},"modified":"2026-04-16T01:59:53","modified_gmt":"2026-04-15T22:59:53","slug":"tatli-siddet","status":"publish","type":"product","link":"https:\/\/roveyayinevi.com.tr\/index.php\/urun\/tatli-siddet\/","title":{"rendered":"Tatl\u0131 \u015eiddet"},"content":{"rendered":"<p>Terry Eagleton bir ba\u015fyap\u0131t niteli\u011findeki bu kitab\u0131nda, trajedinin ve tragedyalar tarihinin siyasal bir analizine giri\u015fiyor. Dramadan edebiyat ve felsefeye, dinden teoloji ve antropolojiye kadar disiplinleraras\u0131 geni\u015f bir alanda gezinen bu ele\u015ftirel \u00e7al\u0131\u015fma, antik \u00e7a\u011f bereket k\u00fcltleri ve kurban ritimleriyle modern \u00e7a\u011f devrimleri aras\u0131nda ba\u011flant\u0131 ve k\u00fcmelenmeleri a\u00e7\u0131\u011fa vuran radikal bir g\u00fczerg\u00e2h yarat\u0131yor.   Ac\u0131  y\u0131 ortak bir anlam de\u011fi\u015fkeni, ortak olan\u0131n payla\u015f\u0131m\u0131n\u0131 sa\u011flayan ve farkl\u0131 ya\u015fam bi\u00e7imlerinin diyaloga girebilece\u011fi bir   dil   olarak tan\u0131mlayan Eagleton, k\u00fclt\u00fcrc\u00fc ve tarihselci   kibir   ve g\u00f6relili\u011fe kar\u015f\u0131, insan\u0131n t\u00fcrsel, varolu\u015fsal do\u011fas\u0131na i\u00e7kin s\u00fcreklilikler temelinde trajik sanat\u0131, insanda k\u0131s\u0131tl\u0131, k\u0131r\u0131lgan ve yava\u015f i\u015fleyen \u015feyi ayd\u0131nlat\u0131c\u0131 bir ba\u011flama yerle\u015ftiriyor. Antik \u00e7a\u011f tragedyalar\u0131, kutsal metinler, modern \u00e7a\u011f roman gelenekleri ve modern, postmodern k\u00fclt\u00fcrel d\u00f6n\u00fc\u015f\u00fcmler aras\u0131nda bu ba\u011flam\u0131n izlerini s\u00fcren Eagleton, H\u0131ristiyanl\u0131ktan Marksizm\u2019e ve varolu\u015f\u00e7ulu\u011fa, Hegel\u2019den Beckett\u2019e, tragedya sahnelerindeki trajik kahramanlardan Holocaust\u2019a ve ger\u00e7ek hayat trajedilerine, demokrasiden fa\u015fizme ve sosyalizme uzanan \u00f6rnekler e\u015fli\u011finde \u00f6nemli sorular sorarak, bunlar\u0131 tart\u0131\u015fmaya a\u00e7\u0131yor: Hakiki bir nesnellik paradigmas\u0131, epistemolojik de\u011fil, etik mi olmal\u0131d\u0131r? Bir t\u00fcr-beden olarak insan\u0131n zafiyeti, k\u0131r\u0131lganl\u0131\u011f\u0131, s\u0131n\u0131rl\u0131l\u0131\u011f\u0131 ve savunmas\u0131zl\u0131\u011f\u0131 radikal politikan\u0131n bir engeli de\u011fil, tam aksine bir g\u00fc\u00e7 kayna\u011f\u0131 olabilir mi? Kiri, delili\u011fi ve su\u00e7lulu\u011fu bedenle\u015ftiren g\u00fcnah ke\u00e7isindeki sistemi d\u00f6n\u00fc\u015ft\u00fcrecek tekinsiz g\u00fc\u00e7 nedir? O ni\u00e7in devrimci bir temsilin tohumlar\u0131n\u0131 ta\u015f\u0131r? Sembolik d\u00fczenin taleplerini reddeden ve tam bir \u00f6l\u00fcmde-ya\u015fam araf\u0131na sapm\u0131\u015f olan Lear\u2019lar, Oidipus\u2019lar, \u0130brahim\u2019ler, Antigone\u2019ler neyi temsil eder ve bu temsilin g\u00fcn\u00fcm\u00fcz d\u00fcnyas\u0131ndaki anlam ve kar\u015f\u0131l\u0131\u011f\u0131 nedir? <\/p>\n","protected":false},"excerpt":{"rendered":"<p>Terry Eagleton bir ba\u015fyap\u0131t niteli\u011findeki bu kitab\u0131nda, trajedinin ve tragedyalar tarihinin siyasal bir analizine giri\u015fiyor. Dramadan edebiyat ve felsefeye, dinden teoloji ve antropolojiye kadar disiplinleraras\u0131 geni\u015f<span class=\"excerpt-hellip\"> [\u2026]<\/span><\/p>\n","protected":false},"featured_media":0,"template":"","meta":{"_monsterinsights_skip_tracking":false,"_monsterinsights_sitenote_active":false,"_monsterinsights_sitenote_note":"","_monsterinsights_sitenote_category":0},"product_brand":[],"product_cat":[12351,12324],"product_tag":[],"class_list":{"0":"post-690322","1":"product","2":"type-product","3":"status-publish","5":"product_cat-siyaset-sosyolojisi","6":"product_cat-sosyoloji","7":"pa_cilt-ciltsiz","8":"pa_tur-kitap","9":"pa_yayinevi-ayrinti-yayinlari","10":"pa_yazar-terry-eagleton","12":"first","13":"instock","14":"sale","15":"shipping-taxable","16":"purchasable","17":"product-type-simple"},"_links":{"self":[{"href":"https:\/\/roveyayinevi.com.tr\/index.php\/wp-json\/wp\/v2\/product\/690322","targetHints":{"allow":["GET"]}}],"collection":[{"href":"https:\/\/roveyayinevi.com.tr\/index.php\/wp-json\/wp\/v2\/product"}],"about":[{"href":"https:\/\/roveyayinevi.com.tr\/index.php\/wp-json\/wp\/v2\/types\/product"}],"wp:attachment":[{"href":"https:\/\/roveyayinevi.com.tr\/index.php\/wp-json\/wp\/v2\/media?parent=690322"}],"wp:term":[{"taxonomy":"product_brand","embeddable":true,"href":"https:\/\/roveyayinevi.com.tr\/index.php\/wp-json\/wp\/v2\/product_brand?post=690322"},{"taxonomy":"product_cat","embeddable":true,"href":"https:\/\/roveyayinevi.com.tr\/index.php\/wp-json\/wp\/v2\/product_cat?post=690322"},{"taxonomy":"product_tag","embeddable":true,"href":"https:\/\/roveyayinevi.com.tr\/index.php\/wp-json\/wp\/v2\/product_tag?post=690322"}],"curies":[{"name":"wp","href":"https:\/\/api.w.org\/{rel}","templated":true}]}}