{"id":690321,"date":"2025-08-27T13:51:13","date_gmt":"2025-08-27T10:51:13","guid":{"rendered":"https:\/\/roveyayinevi.com.tr\/index.php\/urun\/tarih-boyunca-kent\/"},"modified":"2026-04-16T01:59:53","modified_gmt":"2026-04-15T22:59:53","slug":"tarih-boyunca-kent","status":"publish","type":"product","link":"https:\/\/roveyayinevi.com.tr\/index.php\/urun\/tarih-boyunca-kent\/","title":{"rendered":"Tarih Boyunca Kent"},"content":{"rendered":"<p>\u00dctopyalar\u0131n merkezinde hep bir kent tasar\u0131m\u0131 bulunmas\u0131na \u015fa\u015f\u0131rmal\u0131 m\u0131y\u0131z? Kentin arac\u0131l\u0131k etti\u011fi s\u00fcre\u00e7ler, yerine getirdi\u011fi i\u015flevler ve insan hayat\u0131 \u00fczerindeki etkileri d\u00fc\u015f\u00fcn\u00fcld\u00fc\u011f\u00fcnde bu hi\u00e7 \u015fa\u015f\u0131rt\u0131c\u0131 de\u011fil. Elbette kent sadece maddi yap\u0131lardan ibaret de\u011fildir. Fiziksel bir b\u00fct\u00fcnl\u00fc\u011fe ve somutlu\u011fa sahip en b\u00fcy\u00fck toplumsal birim olmas\u0131n\u0131n yan\u0131 s\u0131ra, kent geni\u015f bir toplumsal ili\u015fkiler a\u011f\u0131n\u0131n hem yarat\u0131c\u0131s\u0131 hem de d\u00fc\u011f\u00fcm noktas\u0131d\u0131r. G\u00f6\u00e7ebenin k\u0131\u015fla\u011f\u0131ndan ve k\u00f6yden farkl\u0131 olarak, insan\u0131n \u201ckendisi gibi olmayan\u201d ile, \u201cyabanc\u0131\u201d ile kar\u015f\u0131 kar\u015f\u0131ya geldi\u011fi, ili\u015fki kurdu\u011fu ve birlikte ya\u015fad\u0131\u011f\u0131 yerdir. Rousseau\u2019nun deyi\u015fiyle, \u201ck\u00f6y\u00fc, kasabay\u0131 evler olu\u015fturur, kenti ise yurtta\u015flar\u201d. \u00d6yleyse, Platon\u2019dan Thomas More\u2019a, Fourier\u2019den bug\u00fcne, daha iyi bir d\u00fcnya d\u00fc\u015flemeye giri\u015fenlerin, hayallerini somutla\u015ft\u0131r\u0131p ayr\u0131nt\u0131land\u0131r\u0131rken bir kent \u00e7izmeye ba\u015flamalar\u0131na \u015fa\u015f\u0131rmamal\u0131. Belki de, esasen, kent \u00fczerine kuramsal ara\u015ft\u0131rmalar\u0131n g\u00f6receli olarak azl\u0131\u011f\u0131na \u015fa\u015fmak gerekiyor. Kent planlamas\u0131ndan k\u00fclt\u00fcr ve sanat tarihine,  teknolojiden toplumsal ele\u015ftiriye uzanan geni\u015f bir alanda \u00e7al\u0131\u015fm\u0131\u015f olan Amerikal\u0131 d\u00fc\u015f\u00fcn\u00fcr Lewis Mumford\u2019\u0131n ba\u015fyap\u0131t\u0131 Tarih Boyunca Kent i\u015fte bu ihtiyac\u0131 kar\u015f\u0131lama do\u011frultusunda at\u0131lm\u0131\u015f ilk ve dev bir ad\u0131m. Bu kitapta Mumford hem kentlerin evriminin tarihini hem de odak noktas\u0131nda kent olan bir uygarl\u0131k tarihi yaz\u0131yor. Kentin yarat\u0131c\u0131 ve y\u0131k\u0131c\u0131 imk\u00e2nlar\u0131n\u0131n izini tarih \u00f6ncesine kadar s\u00fcrerek okuru Mezopotamya ve M\u0131s\u0131r\u2019dan yola \u00e7\u0131kar\u0131p, Yunan, Roma ve orta\u00e7a\u011fdan, Avrupa monar\u015filerinin ba\u015fkentlerinden ve sanayi kentlerinden ge\u00e7irerek, g\u00fcn\u00fcm\u00fcz d\u00fcnyas\u0131ndaki yol ayr\u0131m\u0131n\u0131n ba\u015f\u0131na getiriyor. Tarih Boyunca Kent, imk\u00e2nlar\u0131n ve risklerin devasa boyutlar kazand\u0131\u011f\u0131 bu yol ayr\u0131m\u0131nda insanlar\u0131 d\u00fc\u015f\u00fcnmeye, tart\u0131\u015fmaya ve tav\u0131r almaya \u00e7a\u011f\u0131ran bir kitap. <\/p>\n","protected":false},"excerpt":{"rendered":"<p>\u00dctopyalar\u0131n merkezinde hep bir kent tasar\u0131m\u0131 bulunmas\u0131na \u015fa\u015f\u0131rmal\u0131 m\u0131y\u0131z? Kentin arac\u0131l\u0131k etti\u011fi s\u00fcre\u00e7ler, yerine getirdi\u011fi i\u015flevler ve insan hayat\u0131 \u00fczerindeki etkileri d\u00fc\u015f\u00fcn\u00fcld\u00fc\u011f\u00fcnde bu hi\u00e7 \u015fa\u015f\u0131rt\u0131c\u0131 de\u011fil.<span class=\"excerpt-hellip\"> [\u2026]<\/span><\/p>\n","protected":false},"featured_media":0,"template":"","meta":{"_monsterinsights_skip_tracking":false,"_monsterinsights_sitenote_active":false,"_monsterinsights_sitenote_note":"","_monsterinsights_sitenote_category":0},"product_brand":[],"product_cat":[12767,12324],"product_tag":[],"class_list":{"0":"post-690321","1":"product","2":"type-product","3":"status-publish","5":"product_cat-kentlesme-modernlesme","6":"product_cat-sosyoloji","7":"pa_cilt-ciltsiz","8":"pa_tur-kitap","9":"pa_yayinevi-ayrinti-yayinlari","10":"pa_yazar-lewis-mumford","12":"first","13":"instock","14":"sale","15":"shipping-taxable","16":"purchasable","17":"product-type-simple"},"_links":{"self":[{"href":"https:\/\/roveyayinevi.com.tr\/index.php\/wp-json\/wp\/v2\/product\/690321","targetHints":{"allow":["GET"]}}],"collection":[{"href":"https:\/\/roveyayinevi.com.tr\/index.php\/wp-json\/wp\/v2\/product"}],"about":[{"href":"https:\/\/roveyayinevi.com.tr\/index.php\/wp-json\/wp\/v2\/types\/product"}],"wp:attachment":[{"href":"https:\/\/roveyayinevi.com.tr\/index.php\/wp-json\/wp\/v2\/media?parent=690321"}],"wp:term":[{"taxonomy":"product_brand","embeddable":true,"href":"https:\/\/roveyayinevi.com.tr\/index.php\/wp-json\/wp\/v2\/product_brand?post=690321"},{"taxonomy":"product_cat","embeddable":true,"href":"https:\/\/roveyayinevi.com.tr\/index.php\/wp-json\/wp\/v2\/product_cat?post=690321"},{"taxonomy":"product_tag","embeddable":true,"href":"https:\/\/roveyayinevi.com.tr\/index.php\/wp-json\/wp\/v2\/product_tag?post=690321"}],"curies":[{"name":"wp","href":"https:\/\/api.w.org\/{rel}","templated":true}]}}