{"id":690320,"date":"2025-08-27T13:51:13","date_gmt":"2025-08-27T10:51:13","guid":{"rendered":"https:\/\/roveyayinevi.com.tr\/index.php\/urun\/suryaniler\/"},"modified":"2026-04-16T01:59:53","modified_gmt":"2026-04-15T22:59:53","slug":"suryaniler","status":"publish","type":"product","link":"https:\/\/roveyayinevi.com.tr\/index.php\/urun\/suryaniler\/","title":{"rendered":"S\u00fcryaniler"},"content":{"rendered":"<p>Ben T\u00fcrk\u00e7e bilmiyordum. Sabahlari hoca i\u00e7eri girerken T\u00fcrk\u00fcm do\u011fruyum \u00e7al\u0131\u015fkan\u0131m diyordu ya elhamd\u00fclillah diyordu bilmiyorum ne ben bunlari itiraz ettim yapmad\u0131m. Ben dedim ben H\u0131ristiyan\u0131m. Valla H\u0131ristiyanl\u0131kla da anlad\u0131\u011f\u0131m bir bok yo\u011ftu yani. Fakat H\u0131ristiyan\u0131m dedim yapmad\u0131m. Di\u011fer k\u00f6ylerde b\u00fct\u00fcn S\u00fcryani \u00e7ocu\u011flari s\u00f6yl\u00fcyor ben s\u00f6ylemedim. \u0130nat oldu hoca beni \u00e7o\u011f d\u00f6vdi ondan sonra ba\u011ft\u0131m olmuyor babama \u015fik\u00e2yet ettim. Babam muhtar \u00f6\u011fretmeni \u00e7a\u011f\u0131rdiler. \u00d6\u011fretmene dedi vallahi billahi tillahi H\u0131ristiyanlara bir tokat daha vursan seni parampar\u00e7a edeca\u011fam. <\/p>\n","protected":false},"excerpt":{"rendered":"<p>Ben T\u00fcrk\u00e7e bilmiyordum. Sabahlari hoca i\u00e7eri girerken T\u00fcrk\u00fcm do\u011fruyum \u00e7al\u0131\u015fkan\u0131m diyordu ya elhamd\u00fclillah diyordu bilmiyorum ne ben bunlari itiraz ettim yapmad\u0131m. Ben dedim ben H\u0131ristiyan\u0131m. Valla<span class=\"excerpt-hellip\"> [\u2026]<\/span><\/p>\n","protected":false},"featured_media":0,"template":"","meta":{"_monsterinsights_skip_tracking":false,"_monsterinsights_sitenote_active":false,"_monsterinsights_sitenote_note":"","_monsterinsights_sitenote_category":0},"product_brand":[],"product_cat":[13656,12337],"product_tag":[],"class_list":{"0":"post-690320","1":"product","2":"type-product","3":"status-publish","5":"product_cat-azinliklar-etnik-sorunlar","6":"product_cat-politika-siyaset","7":"pa_cilt-ciltsiz","8":"pa_tur-kitap","9":"pa_yayinevi-ayrinti-yayinlari","10":"pa_yazar-mutay-oztemiz","12":"first","13":"instock","14":"sale","15":"shipping-taxable","16":"purchasable","17":"product-type-simple"},"_links":{"self":[{"href":"https:\/\/roveyayinevi.com.tr\/index.php\/wp-json\/wp\/v2\/product\/690320","targetHints":{"allow":["GET"]}}],"collection":[{"href":"https:\/\/roveyayinevi.com.tr\/index.php\/wp-json\/wp\/v2\/product"}],"about":[{"href":"https:\/\/roveyayinevi.com.tr\/index.php\/wp-json\/wp\/v2\/types\/product"}],"wp:attachment":[{"href":"https:\/\/roveyayinevi.com.tr\/index.php\/wp-json\/wp\/v2\/media?parent=690320"}],"wp:term":[{"taxonomy":"product_brand","embeddable":true,"href":"https:\/\/roveyayinevi.com.tr\/index.php\/wp-json\/wp\/v2\/product_brand?post=690320"},{"taxonomy":"product_cat","embeddable":true,"href":"https:\/\/roveyayinevi.com.tr\/index.php\/wp-json\/wp\/v2\/product_cat?post=690320"},{"taxonomy":"product_tag","embeddable":true,"href":"https:\/\/roveyayinevi.com.tr\/index.php\/wp-json\/wp\/v2\/product_tag?post=690320"}],"curies":[{"name":"wp","href":"https:\/\/api.w.org\/{rel}","templated":true}]}}