{"id":690319,"date":"2025-08-27T13:51:12","date_gmt":"2025-08-27T10:51:12","guid":{"rendered":"https:\/\/roveyayinevi.com.tr\/index.php\/urun\/amerika-2\/"},"modified":"2026-04-16T01:59:53","modified_gmt":"2026-04-15T22:59:53","slug":"amerika-2","status":"publish","type":"product","link":"https:\/\/roveyayinevi.com.tr\/index.php\/urun\/amerika-2\/","title":{"rendered":"Amerika"},"content":{"rendered":"<p>Baudrillard Amerika\u2019da Avrupa k\u00fclt\u00fcr\u00fcn\u00fcn Amerika ile hesapla\u015fmas\u0131na al\u0131\u015f\u0131lmad\u0131k bir boyut getiriyor. Amerika\u2019y\u0131 ne modern Avrupa\u2019y\u0131 tan\u0131mlayan kavram ve de\u011ferlerin t\u00fckenmi\u015fli\u011fine ya da t\u0131kanm\u0131\u015fl\u0131\u011f\u0131na bir alternatif olarak g\u00f6ren, ne de Avrupa merkezci bir k\u00fclt\u00fcr ve uygarl\u0131k anlay\u0131\u015f\u0131yla ele\u015ftirmeye y\u00f6nelen bir kitap bu. \u00dc\u00e7\u00fcnc\u00fc bir yakla\u015f\u0131m\u0131n, Amerika\u2019y\u0131 Amerika olarak anlaman\u0131n ve bunu da yerinde, Amerika\u2019n\u0131n kendisinde yapman\u0131n zorunlulu\u011funu savunuyor. <\/p>\n","protected":false},"excerpt":{"rendered":"<p>Baudrillard Amerika\u2019da Avrupa k\u00fclt\u00fcr\u00fcn\u00fcn Amerika ile hesapla\u015fmas\u0131na al\u0131\u015f\u0131lmad\u0131k bir boyut getiriyor. Amerika\u2019y\u0131 ne modern Avrupa\u2019y\u0131 tan\u0131mlayan kavram ve de\u011ferlerin t\u00fckenmi\u015fli\u011fine ya da t\u0131kanm\u0131\u015fl\u0131\u011f\u0131na bir alternatif olarak<span class=\"excerpt-hellip\"> [\u2026]<\/span><\/p>\n","protected":false},"featured_media":0,"template":"","meta":{"_monsterinsights_skip_tracking":false,"_monsterinsights_sitenote_active":false,"_monsterinsights_sitenote_note":"","_monsterinsights_sitenote_category":0},"product_brand":[],"product_cat":[12891,12291],"product_tag":[],"class_list":{"0":"post-690319","1":"product","2":"type-product","3":"status-publish","5":"product_cat-amerikan-edebiyati","6":"product_cat-edebiyat","7":"pa_cilt-ciltsiz","8":"pa_tur-kitap","9":"pa_yayinevi-ayrinti-yayinlari","10":"pa_yazar-jean-baudrillard","12":"first","13":"instock","14":"sale","15":"shipping-taxable","16":"purchasable","17":"product-type-simple"},"_links":{"self":[{"href":"https:\/\/roveyayinevi.com.tr\/index.php\/wp-json\/wp\/v2\/product\/690319","targetHints":{"allow":["GET"]}}],"collection":[{"href":"https:\/\/roveyayinevi.com.tr\/index.php\/wp-json\/wp\/v2\/product"}],"about":[{"href":"https:\/\/roveyayinevi.com.tr\/index.php\/wp-json\/wp\/v2\/types\/product"}],"wp:attachment":[{"href":"https:\/\/roveyayinevi.com.tr\/index.php\/wp-json\/wp\/v2\/media?parent=690319"}],"wp:term":[{"taxonomy":"product_brand","embeddable":true,"href":"https:\/\/roveyayinevi.com.tr\/index.php\/wp-json\/wp\/v2\/product_brand?post=690319"},{"taxonomy":"product_cat","embeddable":true,"href":"https:\/\/roveyayinevi.com.tr\/index.php\/wp-json\/wp\/v2\/product_cat?post=690319"},{"taxonomy":"product_tag","embeddable":true,"href":"https:\/\/roveyayinevi.com.tr\/index.php\/wp-json\/wp\/v2\/product_tag?post=690319"}],"curies":[{"name":"wp","href":"https:\/\/api.w.org\/{rel}","templated":true}]}}