{"id":690316,"date":"2025-08-27T13:51:12","date_gmt":"2025-08-27T10:51:12","guid":{"rendered":"https:\/\/roveyayinevi.com.tr\/index.php\/urun\/tavandaki-kukla\/"},"modified":"2026-04-08T02:00:01","modified_gmt":"2026-04-07T23:00:01","slug":"tavandaki-kukla","status":"publish","type":"product","link":"https:\/\/roveyayinevi.com.tr\/index.php\/urun\/tavandaki-kukla\/","title":{"rendered":"Tavandaki Kukla"},"content":{"rendered":"<p>Tavandaki Kukla intikamc\u0131 bir kad\u0131n\u0131n hik\u00e2yesi&#8230; Ama ayn\u0131 za-manda   su\u00e7  ,   ceza   ve   intikam   \u00fczerine d\u00fc\u015f\u00fcnmeye davet eden bir yeralt\u0131 kitab\u0131&#8230; <\/p>\n","protected":false},"excerpt":{"rendered":"<p>Tavandaki Kukla intikamc\u0131 bir kad\u0131n\u0131n hik\u00e2yesi&#8230; Ama ayn\u0131 za-manda su\u00e7 , ceza ve intikam \u00fczerine d\u00fc\u015f\u00fcnmeye davet eden bir yeralt\u0131 kitab\u0131&#8230;<\/p>\n","protected":false},"featured_media":0,"template":"","meta":{"_monsterinsights_skip_tracking":false,"_monsterinsights_sitenote_active":false,"_monsterinsights_sitenote_note":"","_monsterinsights_sitenote_category":0},"product_brand":[],"product_cat":[12291,16525],"product_tag":[],"class_list":{"0":"post-690316","1":"product","2":"type-product","3":"status-publish","5":"product_cat-edebiyat","6":"product_cat-iskandinav-edebiyati","7":"pa_cilt-ciltsiz","8":"pa_tur-kitap","9":"pa_yayinevi-ayrinti-yayinlari","10":"pa_yazar-ingvar-ambjornsen","12":"first","13":"instock","14":"sale","15":"shipping-taxable","16":"purchasable","17":"product-type-simple"},"_links":{"self":[{"href":"https:\/\/roveyayinevi.com.tr\/index.php\/wp-json\/wp\/v2\/product\/690316","targetHints":{"allow":["GET"]}}],"collection":[{"href":"https:\/\/roveyayinevi.com.tr\/index.php\/wp-json\/wp\/v2\/product"}],"about":[{"href":"https:\/\/roveyayinevi.com.tr\/index.php\/wp-json\/wp\/v2\/types\/product"}],"wp:attachment":[{"href":"https:\/\/roveyayinevi.com.tr\/index.php\/wp-json\/wp\/v2\/media?parent=690316"}],"wp:term":[{"taxonomy":"product_brand","embeddable":true,"href":"https:\/\/roveyayinevi.com.tr\/index.php\/wp-json\/wp\/v2\/product_brand?post=690316"},{"taxonomy":"product_cat","embeddable":true,"href":"https:\/\/roveyayinevi.com.tr\/index.php\/wp-json\/wp\/v2\/product_cat?post=690316"},{"taxonomy":"product_tag","embeddable":true,"href":"https:\/\/roveyayinevi.com.tr\/index.php\/wp-json\/wp\/v2\/product_tag?post=690316"}],"curies":[{"name":"wp","href":"https:\/\/api.w.org\/{rel}","templated":true}]}}