{"id":690315,"date":"2025-08-27T13:51:12","date_gmt":"2025-08-27T10:51:12","guid":{"rendered":"https:\/\/roveyayinevi.com.tr\/index.php\/urun\/tango\/"},"modified":"2026-04-16T01:59:53","modified_gmt":"2026-04-15T22:59:53","slug":"tango","status":"publish","type":"product","link":"https:\/\/roveyayinevi.com.tr\/index.php\/urun\/tango\/","title":{"rendered":"Tango"},"content":{"rendered":"<p>Tango nedir? Tehlikeli yak\u0131nla\u015fmalar\u0131n ve inat\u00e7\u0131 kar\u015f\u0131la\u015fmalar\u0131n dans, m\u00fczik ve \u015fark\u0131 s\u00f6zleri e\u015fli\u011findeki tarihidir. \u00d6fkeli ve kavgac\u0131d\u0131r. Ama ayn\u0131 zamanda bir felsefe, bir strateji, duygular\u0131n emperyalist dola\u015f\u0131m\u0131nda egzotik ve tutkulu bir meta, hatta bir hastal\u0131kt\u0131r. <\/p>\n","protected":false},"excerpt":{"rendered":"<p>Tango nedir? Tehlikeli yak\u0131nla\u015fmalar\u0131n ve inat\u00e7\u0131 kar\u015f\u0131la\u015fmalar\u0131n dans, m\u00fczik ve \u015fark\u0131 s\u00f6zleri e\u015fli\u011findeki tarihidir. \u00d6fkeli ve kavgac\u0131d\u0131r. Ama ayn\u0131 zamanda bir felsefe, bir strateji, duygular\u0131n emperyalist<span class=\"excerpt-hellip\"> [\u2026]<\/span><\/p>\n","protected":false},"featured_media":0,"template":"","meta":{"_monsterinsights_skip_tracking":false,"_monsterinsights_sitenote_active":false,"_monsterinsights_sitenote_note":"","_monsterinsights_sitenote_category":0},"product_brand":[],"product_cat":[13633,12324],"product_tag":[],"class_list":{"0":"post-690315","1":"product","2":"type-product","3":"status-publish","5":"product_cat-kultur-ve-bilim","6":"product_cat-sosyoloji","7":"pa_cilt-ciltsiz","8":"pa_tur-kitap","9":"pa_yayinevi-ayrinti-yayinlari","10":"pa_yazar-marta-e-savigliano","12":"first","13":"instock","14":"sale","15":"shipping-taxable","16":"purchasable","17":"product-type-simple"},"_links":{"self":[{"href":"https:\/\/roveyayinevi.com.tr\/index.php\/wp-json\/wp\/v2\/product\/690315","targetHints":{"allow":["GET"]}}],"collection":[{"href":"https:\/\/roveyayinevi.com.tr\/index.php\/wp-json\/wp\/v2\/product"}],"about":[{"href":"https:\/\/roveyayinevi.com.tr\/index.php\/wp-json\/wp\/v2\/types\/product"}],"wp:attachment":[{"href":"https:\/\/roveyayinevi.com.tr\/index.php\/wp-json\/wp\/v2\/media?parent=690315"}],"wp:term":[{"taxonomy":"product_brand","embeddable":true,"href":"https:\/\/roveyayinevi.com.tr\/index.php\/wp-json\/wp\/v2\/product_brand?post=690315"},{"taxonomy":"product_cat","embeddable":true,"href":"https:\/\/roveyayinevi.com.tr\/index.php\/wp-json\/wp\/v2\/product_cat?post=690315"},{"taxonomy":"product_tag","embeddable":true,"href":"https:\/\/roveyayinevi.com.tr\/index.php\/wp-json\/wp\/v2\/product_tag?post=690315"}],"curies":[{"name":"wp","href":"https:\/\/api.w.org\/{rel}","templated":true}]}}