{"id":690311,"date":"2025-08-27T13:51:11","date_gmt":"2025-08-27T10:51:11","guid":{"rendered":"https:\/\/roveyayinevi.com.tr\/index.php\/urun\/gulme\/"},"modified":"2026-04-16T01:59:53","modified_gmt":"2026-04-15T22:59:53","slug":"gulme","status":"publish","type":"product","link":"https:\/\/roveyayinevi.com.tr\/index.php\/urun\/gulme\/","title":{"rendered":"G\u00fclme"},"content":{"rendered":"<p>G\u00fcn boyu \u00fcst\u00fcnde d\u00fc\u015f\u00fcnmeden yapt\u0131\u011f\u0131m\u0131z edimlerden biridir g\u00fclmek. Peki ama g\u00fcndelik hayat\u0131m\u0131zda bizi g\u00fcld\u00fcren \u015feyler nelerdir, kimlere g\u00fcleriz? Okudu\u011fumuz ya da seyretti\u011fimiz bir yap\u0131tta komik olan nedir?&#8230; Bu sorular \u00fczerine d\u00fc\u015f\u00fcnmeye ba\u015flad\u0131\u011f\u0131m\u0131zda g\u00fclme ediminin hi\u00e7 de o kadar anla\u015f\u0131l\u0131r olmad\u0131\u011f\u0131n\u0131, Aristoteles\u2019ten g\u00fcn\u00fcm\u00fcze derin d\u00fc\u015f\u00fcnmelerin konusunu olu\u015fturdu\u011funu fark ederiz&#8230; Henri Bergson, G\u00fclme adl\u0131 bu denemesinde bizi bu sorular\u0131n cevaplar\u0131yla kar\u015f\u0131 kar\u015f\u0131ya getirmekte, hayat\u0131n ayr\u0131nt\u0131lar\u0131 \u00fczerinde d\u00fc\u015f\u00fcnmeye davet etmektedir&#8230; <\/p>\n","protected":false},"excerpt":{"rendered":"<p>G\u00fcn boyu \u00fcst\u00fcnde d\u00fc\u015f\u00fcnmeden yapt\u0131\u011f\u0131m\u0131z edimlerden biridir g\u00fclmek. Peki ama g\u00fcndelik hayat\u0131m\u0131zda bizi g\u00fcld\u00fcren \u015feyler nelerdir, kimlere g\u00fcleriz? Okudu\u011fumuz ya da seyretti\u011fimiz bir yap\u0131tta komik olan<span class=\"excerpt-hellip\"> [\u2026]<\/span><\/p>\n","protected":false},"featured_media":0,"template":"","meta":{"_monsterinsights_skip_tracking":false,"_monsterinsights_sitenote_active":false,"_monsterinsights_sitenote_note":"","_monsterinsights_sitenote_category":0},"product_brand":[],"product_cat":[12389,12388],"product_tag":[],"class_list":{"0":"post-690311","1":"product","2":"type-product","3":"status-publish","5":"product_cat-diger-felsefe","6":"product_cat-felsefe","7":"pa_cilt-ciltsiz","8":"pa_tur-kitap","9":"pa_yayinevi-ayrinti-yayinlari","10":"pa_yazar-henri-bergson","12":"first","13":"instock","14":"sale","15":"shipping-taxable","16":"purchasable","17":"product-type-simple"},"_links":{"self":[{"href":"https:\/\/roveyayinevi.com.tr\/index.php\/wp-json\/wp\/v2\/product\/690311","targetHints":{"allow":["GET"]}}],"collection":[{"href":"https:\/\/roveyayinevi.com.tr\/index.php\/wp-json\/wp\/v2\/product"}],"about":[{"href":"https:\/\/roveyayinevi.com.tr\/index.php\/wp-json\/wp\/v2\/types\/product"}],"wp:attachment":[{"href":"https:\/\/roveyayinevi.com.tr\/index.php\/wp-json\/wp\/v2\/media?parent=690311"}],"wp:term":[{"taxonomy":"product_brand","embeddable":true,"href":"https:\/\/roveyayinevi.com.tr\/index.php\/wp-json\/wp\/v2\/product_brand?post=690311"},{"taxonomy":"product_cat","embeddable":true,"href":"https:\/\/roveyayinevi.com.tr\/index.php\/wp-json\/wp\/v2\/product_cat?post=690311"},{"taxonomy":"product_tag","embeddable":true,"href":"https:\/\/roveyayinevi.com.tr\/index.php\/wp-json\/wp\/v2\/product_tag?post=690311"}],"curies":[{"name":"wp","href":"https:\/\/api.w.org\/{rel}","templated":true}]}}