{"id":690309,"date":"2025-08-27T13:51:11","date_gmt":"2025-08-27T10:51:11","guid":{"rendered":"https:\/\/roveyayinevi.com.tr\/index.php\/urun\/etige-giris\/"},"modified":"2026-04-16T01:59:53","modified_gmt":"2026-04-15T22:59:53","slug":"etige-giris","status":"publish","type":"product","link":"https:\/\/roveyayinevi.com.tr\/index.php\/urun\/etige-giris\/","title":{"rendered":"Eti\u011fe Giri\u015f"},"content":{"rendered":"<p>\u0130nsanl\u0131\u011f\u0131n toplumsalla\u015fma s\u00fcreci i\u00e7inde, bu s\u00fcrecin hem kurucu bir \u00f6\u011fesi hem de sonucu olan eylem, davran\u0131\u015f, tutum ve d\u00fc\u015f\u00fcnceler; tarihsel d\u00f6nemlerin ve sosyo-k\u00fclt\u00fcrel co\u011frafyalar\u0131n farkl\u0131l\u0131\u011f\u0131na ra\u011fmen, genel ge\u00e7er ahl\u00e2k de\u011ferlerine, norm ve ilkelere i\u015faret eder.\u0130ktisad\u0131n ve teknolojinin her \u015feyi belirledi\u011fi, tek y\u00f6nl\u00fc olarak salt kazanc\u0131 artt\u0131rmak \u00fczere rasyonalize edilmeye endekslenen g\u00fcn\u00fcm\u00fcz d\u00fcnyas\u0131nda, yarar hesap\u00e7\u0131l\u0131\u011f\u0131n\u0131n y\u0131k\u0131c\u0131 etki ve sonu\u00e7lar\u0131n\u0131 yans\u0131tan ele\u015ftirel bir aynaya ve \u00f6zg\u00fcrl\u00fck, e\u015fitlik, adalet, ho\u015fg\u00f6r\u00fc gibi niteliksel de\u011ferlerin de oldu\u011funu an\u0131msamaya ihtiyac\u0131m\u0131z var. \u0130\u015fte bir bilim, bir felsefi disiplin ya da \u00f6\u011fretiler toplam\u0131 olarak anla\u015f\u0131labilecek olan etik bize, evrensel \u00f6l\u00e7ekte ge\u00e7erli oldu\u011fu d\u00fc\u015f\u00fcn\u00fclen ahl\u00e2ki de\u011ferlerin, ilke ve normlar\u0131n var oldu\u011funu s\u00f6ylemekte, bunlar\u0131 bilgi olarak sistematize edip insan\u0131n \u00f6n\u00fcne koyarak, buradan hareketle ahl\u00e2ki eylem ve davran\u0131\u015flar\u0131n, tutum ve tercihlerin t\u00fcretilece\u011fi umudunu vermektedir. Elinizdeki metin, eti\u011fin tarihinden dam\u0131t\u0131lm\u0131\u015f ahl\u00e2kilik \u00f6\u011fretilerini ve d\u00fc\u015f\u00fcncelerini; kronolojik bir incelemenin yapay b\u00fct\u00fcnleyicili\u011fine teslim etmeden, gerek i\u00e7erikleri gerek ama\u00e7 ve hedefleri gerekse de bir biyolojik do\u011fa-varl\u0131\u011f\u0131 ve toplumsal ak\u0131l-varl\u0131\u011f\u0131 b\u00fct\u00fcnl\u00fc\u011f\u00fc (ya da b\u00f6l\u00fcnm\u00fc\u015fl\u00fc\u011f\u00fc) olarak anla\u015f\u0131lan insan\u0131n \u00f6zg\u00fcrl\u00fck ve iradeyi kavray\u0131\u015f\u0131 bak\u0131m\u0131ndan e\u015fs\u00fcremli bir analizde de\u011ferlendirmektedir. Bu analizde etik, bir bilim ve felsefi disiplin olarak \u00f6teki bilim ve felsefi disiplinlerle olan ili\u015fkisiyle ele al\u0131n\u0131yor ve son tahlilde, b\u00f6yle bir analiz, ister istemez ahl\u00e2kili\u011fe giden yolun k\u0131lavuzuna da d\u00f6n\u00fc\u015f\u00fcyor. Bu ka\u00e7\u0131n\u0131lmaz d\u00f6n\u00fc\u015f\u00fcm, \u00f6teki uygulamal\u0131 bilimler ile eti\u011fin ili\u015fkisinin kar\u015f\u0131la\u015ft\u0131r\u0131lmas\u0131n\u0131 da zorunlu k\u0131ld\u0131\u011f\u0131 i\u00e7in e\u011fitim, hukuk, \u00e7evre, kad\u0131n haklar\u0131 gibi ahl\u00e2kili\u011fin \u00f6zellikle g\u00f6z \u00f6n\u00fcnde bulundurulmas\u0131 gereken alanlara etik bir perspektif getiriyor. Pieper&#8217;in etik incelemesi, etik metinlerine &#8220;giri\u015f&#8221; k\u0131lavuzu olman\u0131n da \u00f6tesinde, \u00f6zellikle g\u00fcn\u00fcm\u00fcz T\u00fcrkiye&#8217;sinde ahl\u00e2ki bir yol g\u00f6sterici i\u015flevi ta\u015f\u0131yor. <\/p>\n","protected":false},"excerpt":{"rendered":"<p>\u0130nsanl\u0131\u011f\u0131n toplumsalla\u015fma s\u00fcreci i\u00e7inde, bu s\u00fcrecin hem kurucu bir \u00f6\u011fesi hem de sonucu olan eylem, davran\u0131\u015f, tutum ve d\u00fc\u015f\u00fcnceler; tarihsel d\u00f6nemlerin ve sosyo-k\u00fclt\u00fcrel co\u011frafyalar\u0131n farkl\u0131l\u0131\u011f\u0131na ra\u011fmen,<span class=\"excerpt-hellip\"> [\u2026]<\/span><\/p>\n","protected":false},"featured_media":0,"template":"","meta":{"_monsterinsights_skip_tracking":false,"_monsterinsights_sitenote_active":false,"_monsterinsights_sitenote_note":"","_monsterinsights_sitenote_category":0},"product_brand":[],"product_cat":[15319,12388],"product_tag":[],"class_list":{"0":"post-690309","1":"product","2":"type-product","3":"status-publish","5":"product_cat-etik","6":"product_cat-felsefe","7":"pa_cilt-ciltsiz","8":"pa_tur-kitap","9":"pa_yayinevi-ayrinti-yayinlari","10":"pa_yazar-annemarie-pieper","12":"first","13":"instock","14":"sale","15":"shipping-taxable","16":"purchasable","17":"product-type-simple"},"_links":{"self":[{"href":"https:\/\/roveyayinevi.com.tr\/index.php\/wp-json\/wp\/v2\/product\/690309","targetHints":{"allow":["GET"]}}],"collection":[{"href":"https:\/\/roveyayinevi.com.tr\/index.php\/wp-json\/wp\/v2\/product"}],"about":[{"href":"https:\/\/roveyayinevi.com.tr\/index.php\/wp-json\/wp\/v2\/types\/product"}],"wp:attachment":[{"href":"https:\/\/roveyayinevi.com.tr\/index.php\/wp-json\/wp\/v2\/media?parent=690309"}],"wp:term":[{"taxonomy":"product_brand","embeddable":true,"href":"https:\/\/roveyayinevi.com.tr\/index.php\/wp-json\/wp\/v2\/product_brand?post=690309"},{"taxonomy":"product_cat","embeddable":true,"href":"https:\/\/roveyayinevi.com.tr\/index.php\/wp-json\/wp\/v2\/product_cat?post=690309"},{"taxonomy":"product_tag","embeddable":true,"href":"https:\/\/roveyayinevi.com.tr\/index.php\/wp-json\/wp\/v2\/product_tag?post=690309"}],"curies":[{"name":"wp","href":"https:\/\/api.w.org\/{rel}","templated":true}]}}