{"id":690308,"date":"2025-08-27T13:51:10","date_gmt":"2025-08-27T10:51:10","guid":{"rendered":"https:\/\/roveyayinevi.com.tr\/index.php\/urun\/arabolge\/"},"modified":"2026-04-16T01:59:52","modified_gmt":"2026-04-15T22:59:52","slug":"arabolge","status":"publish","type":"product","link":"https:\/\/roveyayinevi.com.tr\/index.php\/urun\/arabolge\/","title":{"rendered":"Arab\u00f6lge"},"content":{"rendered":"<p>J. G. Ballard\u2019\u0131n   \u0130kinci D\u00fcnya Sava\u015f\u0131 sonras\u0131 d\u00f6nemin en \u00f6nemli yazar\u0131   olarak tan\u0131mlad\u0131\u011f\u0131, Beat hareketi yazarlar\u0131n\u0131n da b\u00fcy\u00fck hayranl\u0131\u011f\u0131n\u0131 kazanm\u0131\u015f William S. Burroughs\u2019un ilk d\u00f6nem yap\u0131tlar\u0131ndan olu\u015fan Arab\u00f6lge, yazar\u0131n edebi evrenine e\u015fsiz bir girizgah niteli\u011finde. Burroughs cinsel konularda s\u00f6z\u00fcn\u00fc sak\u0131nmamas\u0131, uyu\u015fturucu ba\u011f\u0131ml\u0131s\u0131 olarak deneyimlerini a\u00e7\u0131k\u00e7a anlatmas\u0131 nedeniyle   kat\u0131\u015f\u0131ks\u0131z deneyim edebiyat\u0131n\u0131n peygamberi   olarak kabul edilirb B\u00fcy\u00fck \u00f6l\u00e7\u00fcde \u00f6zya\u015fam\u0131na dayanan Arab\u00f6lge\u2019nin ilk iki b\u00f6l\u00fcm\u00fcn\u00fc olu\u015fturan \u00d6yk\u00fcler ile Lee\u2019nin G\u00fcnl\u00fckleri\u2019nin anti-kahramanlar\u0131, i\u00e7inde ya\u015fad\u0131klar\u0131 ger\u00e7eklikle gelecekte yeni bir hayat d\u00fc\u015f\u00fc aras\u0131nda s\u0131k\u0131\u015f\u0131p kalm\u0131\u015f, s\u00fcrekli \u00e7uvallayan, her daim kaybeden \u00fc\u00e7ka\u011f\u0131t\u00e7\u0131lar, fahi\u015feler, ka\u00e7ak\u00e7\u0131lar, h\u0131rs\u0131zlar, uyu\u015fturucu m\u00fcptelalar\u0131, k\u0131sacas\u0131 bir bekleme odas\u0131 olarak Arab\u00f6lge\u2019nin m\u00fcdavimleridir. Bu   yeralt\u0131   insanlar\u0131, k\u00f6kleri mu\u011flak m\u00fclks\u00fczler olarak hareketsizlikte, pasiflikte ya da dumur halinde as\u0131l\u0131 kalm\u0131\u015f, her g\u00fcn yeniden \u00fcretilmesi beklenen sistemin uyumsuz,   ar\u0131zal\u0131   par\u00e7alar\u0131d\u0131r. Yazar\u0131n geleneksel roman bi\u00e7imine y\u0131k\u0131c\u0131 bir m\u00fcdahale olarak dili g\u00f6rsel imgelerle tahrif eden \u00fcslubu, saplant\u0131l\u0131 \u00f6fkesi kitab\u0131n son b\u00f6l\u00fcm\u00fc Kelimeler\u2019de en \u00fcst noktaya ula\u015f\u0131r. <\/p>\n","protected":false},"excerpt":{"rendered":"<p>J. G. Ballard\u2019\u0131n \u0130kinci D\u00fcnya Sava\u015f\u0131 sonras\u0131 d\u00f6nemin en \u00f6nemli yazar\u0131 olarak tan\u0131mlad\u0131\u011f\u0131, Beat hareketi yazarlar\u0131n\u0131n da b\u00fcy\u00fck hayranl\u0131\u011f\u0131n\u0131 kazanm\u0131\u015f William S. Burroughs\u2019un ilk d\u00f6nem yap\u0131tlar\u0131ndan<span class=\"excerpt-hellip\"> [\u2026]<\/span><\/p>\n","protected":false},"featured_media":0,"template":"","meta":{"_monsterinsights_skip_tracking":false,"_monsterinsights_sitenote_active":false,"_monsterinsights_sitenote_note":"","_monsterinsights_sitenote_category":0},"product_brand":[],"product_cat":[12891,12291],"product_tag":[],"class_list":{"0":"post-690308","1":"product","2":"type-product","3":"status-publish","5":"product_cat-amerikan-edebiyati","6":"product_cat-edebiyat","7":"pa_cilt-ciltsiz","8":"pa_tur-kitap","9":"pa_yayinevi-ayrinti-yayinlari","10":"pa_yazar-william-s-burroughs","12":"first","13":"instock","14":"sale","15":"shipping-taxable","16":"purchasable","17":"product-type-simple"},"_links":{"self":[{"href":"https:\/\/roveyayinevi.com.tr\/index.php\/wp-json\/wp\/v2\/product\/690308","targetHints":{"allow":["GET"]}}],"collection":[{"href":"https:\/\/roveyayinevi.com.tr\/index.php\/wp-json\/wp\/v2\/product"}],"about":[{"href":"https:\/\/roveyayinevi.com.tr\/index.php\/wp-json\/wp\/v2\/types\/product"}],"wp:attachment":[{"href":"https:\/\/roveyayinevi.com.tr\/index.php\/wp-json\/wp\/v2\/media?parent=690308"}],"wp:term":[{"taxonomy":"product_brand","embeddable":true,"href":"https:\/\/roveyayinevi.com.tr\/index.php\/wp-json\/wp\/v2\/product_brand?post=690308"},{"taxonomy":"product_cat","embeddable":true,"href":"https:\/\/roveyayinevi.com.tr\/index.php\/wp-json\/wp\/v2\/product_cat?post=690308"},{"taxonomy":"product_tag","embeddable":true,"href":"https:\/\/roveyayinevi.com.tr\/index.php\/wp-json\/wp\/v2\/product_tag?post=690308"}],"curies":[{"name":"wp","href":"https:\/\/api.w.org\/{rel}","templated":true}]}}