{"id":690307,"date":"2025-08-27T13:51:10","date_gmt":"2025-08-27T10:51:10","guid":{"rendered":"https:\/\/roveyayinevi.com.tr\/index.php\/urun\/analitik-resim-cozumlemeleri\/"},"modified":"2026-04-16T01:59:52","modified_gmt":"2026-04-15T22:59:52","slug":"analitik-resim-cozumlemeleri","status":"publish","type":"product","link":"https:\/\/roveyayinevi.com.tr\/index.php\/urun\/analitik-resim-cozumlemeleri\/","title":{"rendered":"Analitik Resim \u00c7\u00f6z\u00fcmlemeleri"},"content":{"rendered":"<p>Resmin bi\u00e7imsel yap\u0131s\u0131, organik b\u00fct\u00fcnl\u00fc\u011f\u00fcn\u00fc olu\u015fturan temel \u00f6\u011fe ve ilkelerin kompozisyonda nas\u0131l organize edildi\u011fini cevaplar\u0131yla ortaya koyan  yap\u0131salc\u0131 (teknik-bi\u00e7imci)  ele\u015ftiri ile a\u00e7\u0131klan\u0131r. Sanat\u00e7\u0131n\u0131n eserini yarat\u0131rken kulland\u0131\u011f\u0131 temel \u00f6\u011fe ve ilkeler, o eserin biricik olmas\u0131n\u0131 sa\u011flayan b\u00fct\u00fcn\u00fcn de par\u00e7as\u0131d\u0131r. B\u00fct\u00fcn\u00fcn par\u00e7as\u0131 olan bu elemanlar\u0131n, kuramsal olarak belli a\u00e7\u0131klamalara sahip olmu\u015f olsalar bile, sanat\u00e7\u0131n\u0131n bu kavramlara y\u00fckledi\u011fi anlam ve\/veya kulland\u0131\u011f\u0131 imgelerle de\u011fi\u015febilece\u011fi, yeni an-lamlar ve alternatifler sunaca\u011f\u0131 a\u00e7\u0131kt\u0131r. Her eserde yeni bir anlam ve bi\u00e7im bulmu\u015f olan bu altyap\u0131 elemanlar\u0131, eserin kendi varolu\u015fu i\u00e7inde ele al\u0131n\u0131p de\u011ferlendirilmeli. Bu nedenle resmin bi\u00e7imsel olarak \u00e7\u00f6z\u00fcmlenmesi, her resim i\u00e7in ayn\u0131 sorular\u0131n sorulmas\u0131n\u0131 gerektirirken al\u0131nacak cevaplar de\u011fi\u015fkenlik g\u00f6sterebilir. Kitapta \u00e7\u00f6z\u00fcmlemesi yap\u0131lan resimler, \u00d6n R\u00f6nesans d\u00f6neminden ba\u015flayarak Ayd\u0131nlanma \u00c7a\u011f\u0131\u2019na kadar ge\u00e7en s\u00fcreci kaps\u0131yor. Bunun yan\u0131 s\u0131ra neoklasik d\u00f6nem eserlerinden \u00f6rnekler de yer al\u0131yor. Yazar bu tarihsel \u00e7er\u00e7eveyi, ele\u015ftiri y\u00f6ntemlerinin sanat kuramlar\u0131 ile olan ba\u011flant\u0131lar\u0131n\u0131 g\u00f6stermek i\u00e7in kuruyor. \u00c7\u00f6z\u00fcmlemesi yap\u0131lan resimler, uzun y\u0131llar sanat\u0131n bi\u00e7imlenmesinde s\u00f6z sahibi olan  Yans\u0131tma Kuram\u0131 n\u0131n etkilerinin ve sonu\u00e7lar\u0131n\u0131n g\u00f6r\u00fcld\u00fc\u011f\u00fc \u00f6rnekler aras\u0131nda yer al\u0131yor. Aralar\u0131nda Giotto, Botticelli, Bosch, D\u00fcrer, Giorgione, Leonardo, Michelangelo, Raffaello, El Greco, Caravaggio, Zurbartan, Rembrandt, Poussin, Fragonard, Watteau, David ve Guerin gibi pek \u00e7ok sanat\u00e7\u0131n\u0131n eserlerinin yer ald\u0131\u011f\u0131 \u00e7\u00f6z\u00fcmlemeler, \u00fcslupsal \u00f6zelliklere dair gerekli bilgi ak\u0131\u015f\u0131n\u0131n yan\u0131 s\u0131ra sanat\u00e7\u0131lar\u0131n sanata yakla\u015f\u0131m\u0131, onu aktarmas\u0131 ya da yorumlamas\u0131 konusunda a\u00e7\u0131klay\u0131c\u0131 bilgiler i\u00e7eriyor. Akademisyen ve ressam olan yazar, kitapta okura bir resmi bi\u00e7imsel yap\u0131s\u0131ndan hareketle nas\u0131l de\u011ferlendirebilece\u011finin ipu\u00e7lar\u0131n\u0131 veriyor. Her ne kadar kitab\u0131n anatemas\u0131, resimle kar\u015f\u0131 kar\u015f\u0131ya gelen izleyicinin estetik duyumunun bi\u00e7imsel nedenlerini ortaya koymak olsa da, sanat e\u011fitimi alan bireylere bu konuda \u0131\u015f\u0131k tutaca\u011f\u0131 ve resim sanat\u0131na kazand\u0131racaklar\u0131 yeni eserlerde yol g\u00f6sterici olaca\u011f\u0131 da a\u00e7\u0131kt\u0131r.<\/p>\n","protected":false},"excerpt":{"rendered":"<p>Resmin bi\u00e7imsel yap\u0131s\u0131, organik b\u00fct\u00fcnl\u00fc\u011f\u00fcn\u00fc olu\u015fturan temel \u00f6\u011fe ve ilkelerin kompozisyonda nas\u0131l organize edildi\u011fini cevaplar\u0131yla ortaya koyan yap\u0131salc\u0131 (teknik-bi\u00e7imci) ele\u015ftiri ile a\u00e7\u0131klan\u0131r. Sanat\u00e7\u0131n\u0131n eserini yarat\u0131rken kulland\u0131\u011f\u0131<span class=\"excerpt-hellip\"> [\u2026]<\/span><\/p>\n","protected":false},"featured_media":0,"template":"","meta":{"_monsterinsights_skip_tracking":false,"_monsterinsights_sitenote_active":false,"_monsterinsights_sitenote_note":"","_monsterinsights_sitenote_category":0},"product_brand":[],"product_cat":[12312,12304],"product_tag":[],"class_list":{"0":"post-690307","1":"product","2":"type-product","3":"status-publish","5":"product_cat-diger","6":"product_cat-tarih","7":"pa_cilt-ciltsiz","8":"pa_tur-kitap","9":"pa_yayinevi-ayrinti-yayinlari","10":"pa_yazar-leyla-varlik-senturk","12":"first","13":"instock","14":"sale","15":"shipping-taxable","16":"purchasable","17":"product-type-simple"},"_links":{"self":[{"href":"https:\/\/roveyayinevi.com.tr\/index.php\/wp-json\/wp\/v2\/product\/690307","targetHints":{"allow":["GET"]}}],"collection":[{"href":"https:\/\/roveyayinevi.com.tr\/index.php\/wp-json\/wp\/v2\/product"}],"about":[{"href":"https:\/\/roveyayinevi.com.tr\/index.php\/wp-json\/wp\/v2\/types\/product"}],"wp:attachment":[{"href":"https:\/\/roveyayinevi.com.tr\/index.php\/wp-json\/wp\/v2\/media?parent=690307"}],"wp:term":[{"taxonomy":"product_brand","embeddable":true,"href":"https:\/\/roveyayinevi.com.tr\/index.php\/wp-json\/wp\/v2\/product_brand?post=690307"},{"taxonomy":"product_cat","embeddable":true,"href":"https:\/\/roveyayinevi.com.tr\/index.php\/wp-json\/wp\/v2\/product_cat?post=690307"},{"taxonomy":"product_tag","embeddable":true,"href":"https:\/\/roveyayinevi.com.tr\/index.php\/wp-json\/wp\/v2\/product_tag?post=690307"}],"curies":[{"name":"wp","href":"https:\/\/api.w.org\/{rel}","templated":true}]}}