{"id":690305,"date":"2025-08-27T13:51:10","date_gmt":"2025-08-27T10:51:10","guid":{"rendered":"https:\/\/roveyayinevi.com.tr\/index.php\/urun\/empati\/"},"modified":"2026-04-16T01:59:52","modified_gmt":"2026-04-15T22:59:52","slug":"empati","status":"publish","type":"product","link":"https:\/\/roveyayinevi.com.tr\/index.php\/urun\/empati\/","title":{"rendered":"Empati"},"content":{"rendered":"<p>Ya\u015fam\u0131n\u0131z\u0131n kontrol\u00fc sizde de\u011fil!\u00d6yle oldu\u011funu d\u00fc\u015f\u00fcnebilirsiniz, ama yan\u0131l\u0131yorsunuz.Elbette ki kendi kararlar\u0131n\u0131z\u0131 kendiniz vermekte \u00f6zg\u00fcrs\u00fcn\u00fcz.Bu kitab\u0131 kapatabilirsiniz.O sandalyede oturmaya devam edebilirsiniz.Ya da g\u00f6zlerinizi oymak gibi \u00e7\u0131lg\u0131nca bir \u015fey yapabilirsiniz.Ne isterseniz yapabilirsiniz.Ama sorun \u015furada: Ne isteyece\u011finizi kontrol edemezsiniz.Her davran\u0131\u015f\u0131n\u0131z\u0131 \u00f6nceden belirleyen arzular\u0131n\u0131z ruhunuzun o kadar derinlerine i\u015flemi\u015ftir ki, onlara dikkat bile etmezsiniz.Ve bu da sizi m\u00fckemmel bir k\u00f6le yapar.Bu nedenle, hayat\u0131n\u0131z\u0131 ya\u015famaya devam edin. Ne isterseniz yap\u0131n.Sadece &#8216;isteklerinizin&#8217; t\u00fcm\u00fcyle sizin kontrol\u00fcn\u00fczde olmad\u0131\u011f\u0131 ger\u00e7e\u011fi \u00fczerine kafan\u0131z\u0131 \u00e7ok fazla yormamaya \u00e7al\u0131\u015f\u0131n.EDEB\u0130YAT, B\u0130L\u0130M VE FELSEFE RUHUNUZA AKACAK, OKUDUK\u00c7A BA\u011eLANACAK, BA\u011eLANDIK\u00c7A OKUYACAKSINIZ&#8230; <\/p>\n","protected":false},"excerpt":{"rendered":"<p>Ya\u015fam\u0131n\u0131z\u0131n kontrol\u00fc sizde de\u011fil!\u00d6yle oldu\u011funu d\u00fc\u015f\u00fcnebilirsiniz, ama yan\u0131l\u0131yorsunuz.Elbette ki kendi kararlar\u0131n\u0131z\u0131 kendiniz vermekte \u00f6zg\u00fcrs\u00fcn\u00fcz.Bu kitab\u0131 kapatabilirsiniz.O sandalyede oturmaya devam edebilirsiniz.Ya da g\u00f6zlerinizi oymak gibi \u00e7\u0131lg\u0131nca bir<span class=\"excerpt-hellip\"> [\u2026]<\/span><\/p>\n","protected":false},"featured_media":0,"template":"","meta":{"_monsterinsights_skip_tracking":false,"_monsterinsights_sitenote_active":false,"_monsterinsights_sitenote_note":"","_monsterinsights_sitenote_category":0},"product_brand":[],"product_cat":[12891,12291],"product_tag":[],"class_list":{"0":"post-690305","1":"product","2":"type-product","3":"status-publish","5":"product_cat-amerikan-edebiyati","6":"product_cat-edebiyat","7":"pa_cilt-ciltsiz","8":"pa_tur-kitap","9":"pa_yayinevi-april-yayincilik","10":"pa_yazar-adam-fawer","12":"first","13":"instock","14":"sale","15":"shipping-taxable","16":"purchasable","17":"product-type-simple"},"_links":{"self":[{"href":"https:\/\/roveyayinevi.com.tr\/index.php\/wp-json\/wp\/v2\/product\/690305","targetHints":{"allow":["GET"]}}],"collection":[{"href":"https:\/\/roveyayinevi.com.tr\/index.php\/wp-json\/wp\/v2\/product"}],"about":[{"href":"https:\/\/roveyayinevi.com.tr\/index.php\/wp-json\/wp\/v2\/types\/product"}],"wp:attachment":[{"href":"https:\/\/roveyayinevi.com.tr\/index.php\/wp-json\/wp\/v2\/media?parent=690305"}],"wp:term":[{"taxonomy":"product_brand","embeddable":true,"href":"https:\/\/roveyayinevi.com.tr\/index.php\/wp-json\/wp\/v2\/product_brand?post=690305"},{"taxonomy":"product_cat","embeddable":true,"href":"https:\/\/roveyayinevi.com.tr\/index.php\/wp-json\/wp\/v2\/product_cat?post=690305"},{"taxonomy":"product_tag","embeddable":true,"href":"https:\/\/roveyayinevi.com.tr\/index.php\/wp-json\/wp\/v2\/product_tag?post=690305"}],"curies":[{"name":"wp","href":"https:\/\/api.w.org\/{rel}","templated":true}]}}