{"id":690301,"date":"2025-08-27T13:51:09","date_gmt":"2025-08-27T10:51:09","guid":{"rendered":"https:\/\/roveyayinevi.com.tr\/index.php\/urun\/esiktekiler\/"},"modified":"2026-04-16T01:59:52","modified_gmt":"2026-04-15T22:59:52","slug":"esiktekiler","status":"publish","type":"product","link":"https:\/\/roveyayinevi.com.tr\/index.php\/urun\/esiktekiler\/","title":{"rendered":"E\u015fiktekiler"},"content":{"rendered":"<p>E\u015fiktekiler, y\u0131rt\u0131c\u0131 bir a\u015fk\u0131n anlat\u0131ld\u0131\u011f\u0131 Betty Blue\u2019nun devam\u0131 olarak da okunabilecek bir roman. A\u015fk\u0131n kanatlar\u0131nda u\u00e7tuktan sonra ba\u015f a\u015fa\u011f\u0131 yuvarlanman\u0131n foto\u011fraf\u0131&#8230; Anlams\u0131zl\u0131\u011f\u0131n, s\u0131k\u0131nt\u0131n\u0131n, \u00fcz\u00fcnt\u00fcn\u00fcn, sersemlemenin, kahretmenin, sa\u00e7malaman\u0131n tezah\u00fcr\u00fc&#8230; Philippe Djlan E\u015fiktekiler\u2019de kitab\u0131 y\u00fczbinlerce bas\u0131ma ula\u015fan, medyan\u0131n pe\u015finden ko\u015ftu\u011fu, be\u011fenilmenin kar\u015f\u0131 konulmaz cazibesini ya\u015fayan, yani klasik ba\u015far\u0131 \u00f6l\u00e7\u00fclerine g\u00f6re mutlu ve ne\u015feli olmas\u0131 gereken bir yazar\u0131 anlat\u0131yor. Ama yazar ayn\u0131 zamanda \u00f6mr\u00fcn\u00fcn k\u0131rk y\u0131l\u0131n\u0131 kariyer, ev, araba, banka hesab\u0131, evlilik i\u00e7in harcamay\u0131 reddeden, vitrinlerin \u00f6n\u00fcnde kendi mezar\u0131n\u0131 kazanlardan nefret eden biridir ve hayat kar\u015f\u0131s\u0131nda bocalamaktad\u0131r&#8230; Yetene\u011fini yitirmi\u015f bir kalple ya\u015fad\u0131\u011f\u0131 bocalamalar, d\u00f6n\u00fc\u015f\u00fc olmayan yolculuklarda, \u00e7o\u011falt\u0131lamayan hayatlarda, teredd\u00fctl\u00fc kad\u0131nlarda, sanat\u00e7\u0131 ortamlar\u0131nda s\u00fcrd\u00fcr\u00fclen sahte ili\u015fkilerde, sevgi ve arkada\u015fl\u0131\u011f\u0131 \u00f6zleyen insanl\u0131k hallerinde patinaj yapmaya ba\u015flar&#8230; Peki, hayatlar\u0131n\u0131 g\u00fcl\u00fcn\u00e7 bir kaos olarak ya\u015fayanlar\u0131n sohbetlerinde nelerden s\u00f6z edilir?: Seninle ben kaybedece\u011fimizi bilerek oyuna kat\u0131ld\u0131k , Bukowski, Brautigan ve Kerouac bir s\u00fcpermarketi dize getirememi\u015fti ya da Bir reklam filmi izlemek, her t\u00fcrl\u00fc umudu yitirmek ve bo\u015flu\u011fun seyrine dalmak demektir&#8230; Yeralt\u0131n\u0131n e\u015fi\u011finde ya\u015fayanlar\u0131n roman\u0131&#8230; \ufffcTan\u0131t\u0131m Metni<\/p>\n","protected":false},"excerpt":{"rendered":"<p>E\u015fiktekiler, y\u0131rt\u0131c\u0131 bir a\u015fk\u0131n anlat\u0131ld\u0131\u011f\u0131 Betty Blue\u2019nun devam\u0131 olarak da okunabilecek bir roman. A\u015fk\u0131n kanatlar\u0131nda u\u00e7tuktan sonra ba\u015f a\u015fa\u011f\u0131 yuvarlanman\u0131n foto\u011fraf\u0131&#8230; Anlams\u0131zl\u0131\u011f\u0131n, s\u0131k\u0131nt\u0131n\u0131n, \u00fcz\u00fcnt\u00fcn\u00fcn, sersemlemenin, kahretmenin,<span class=\"excerpt-hellip\"> [\u2026]<\/span><\/p>\n","protected":false},"featured_media":0,"template":"","meta":{"_monsterinsights_skip_tracking":false,"_monsterinsights_sitenote_active":false,"_monsterinsights_sitenote_note":"","_monsterinsights_sitenote_category":0},"product_brand":[],"product_cat":[12291,13376],"product_tag":[],"class_list":{"0":"post-690301","1":"product","2":"type-product","3":"status-publish","5":"product_cat-edebiyat","6":"product_cat-fransiz-edebiyati","7":"pa_tur-kitap","8":"pa_yayinevi-ayrinti-yayinlari","9":"pa_yazar-philippe-djian","11":"first","12":"instock","13":"sale","14":"shipping-taxable","15":"purchasable","16":"product-type-simple"},"_links":{"self":[{"href":"https:\/\/roveyayinevi.com.tr\/index.php\/wp-json\/wp\/v2\/product\/690301","targetHints":{"allow":["GET"]}}],"collection":[{"href":"https:\/\/roveyayinevi.com.tr\/index.php\/wp-json\/wp\/v2\/product"}],"about":[{"href":"https:\/\/roveyayinevi.com.tr\/index.php\/wp-json\/wp\/v2\/types\/product"}],"wp:attachment":[{"href":"https:\/\/roveyayinevi.com.tr\/index.php\/wp-json\/wp\/v2\/media?parent=690301"}],"wp:term":[{"taxonomy":"product_brand","embeddable":true,"href":"https:\/\/roveyayinevi.com.tr\/index.php\/wp-json\/wp\/v2\/product_brand?post=690301"},{"taxonomy":"product_cat","embeddable":true,"href":"https:\/\/roveyayinevi.com.tr\/index.php\/wp-json\/wp\/v2\/product_cat?post=690301"},{"taxonomy":"product_tag","embeddable":true,"href":"https:\/\/roveyayinevi.com.tr\/index.php\/wp-json\/wp\/v2\/product_tag?post=690301"}],"curies":[{"name":"wp","href":"https:\/\/api.w.org\/{rel}","templated":true}]}}