{"id":690299,"date":"2025-08-27T13:51:09","date_gmt":"2025-08-27T10:51:09","guid":{"rendered":"https:\/\/roveyayinevi.com.tr\/index.php\/urun\/abanoz-kule\/"},"modified":"2026-04-16T01:59:52","modified_gmt":"2026-04-15T22:59:52","slug":"abanoz-kule","status":"publish","type":"product","link":"https:\/\/roveyayinevi.com.tr\/index.php\/urun\/abanoz-kule\/","title":{"rendered":"Abanoz Kule"},"content":{"rendered":"<p>Abanoz Kule, Fowles\u2019un do\u011fa ve insan, ya\u015famla sanat ili\u015fkisine adeta ressam g\u00f6z\u00fcyle bak\u0131\u015f\u0131n\u0131n \u00f6rnekleriyle dolu. \u0130ki gen\u00e7 kad\u0131n\u0131n e\u015fli\u011finde Frans\u0131z ta\u015fras\u0131na \u00e7ekilip kendini d\u00fcnyadan yal\u0131tm\u0131\u015f ya\u015fl\u0131 bir ressam, son yap\u0131t\u0131n\u0131n elyazmas\u0131 yok olmu\u015f ba\u015far\u0131l\u0131 bir yazar, orta\u00e7a\u011fda ge\u00e7en bir a\u015fk \u00f6yk\u00fcs\u00fc, kaybolan bir adam ve g\u00fcne\u015fli bir pazar g\u00fcn\u00fc ailece yap\u0131lan bir piknik. Fowles\u2019un imgelerle y\u00fckl\u00fc betimlemeleri, esrarengiz olay \u00f6rg\u00fcleri ve gizemli karakterleri, bu \u00f6yk\u00fclerin ortak noktalar\u0131. Sanat ak\u0131mlar\u0131n\u0131, anlam ve de\u011feri, kimlikle ki\u015fili\u011fi, kabul g\u00f6renle ayk\u0131r\u0131y\u0131, kad\u0131nla erke\u011fi, ya\u015famla \u00f6l\u00fcm\u00fc y\u00fczle\u015ftirerek topluma ve bize ayna tutan Fowles, se\u00e7imlerimizin arkas\u0131nda yatan \u201cas\u0131l biz\u201di k\u0131\u015fk\u0131rtmaya devam ediyor bu roman\u0131nda da. Abanoz Kule\u2019nin sanat\u0131, tarihi ve nesiller aras\u0131 uzla\u015fmazl\u0131klar\u0131 sorgulayarak yeni bir bak\u0131\u015f a\u00e7\u0131s\u0131 vaat etti\u011fi s\u00f6ylenebilir. Ancak bu vaadi ger\u00e7ekle\u015ftirecek olan okurdur. \u00c7\u00fcnk\u00fc Fowles her zaman oldu\u011fu gibi bu kitab\u0131nda da karakterlerine \u201cse\u00e7me \u00f6zg\u00fcrl\u00fc\u011f\u00fc\u201d tan\u0131yarak okuru kendi bak\u0131\u015f\u0131n\u0131 olu\u015fturma ayr\u0131cal\u0131\u011f\u0131na davet ediyor. Bu ayr\u0131cal\u0131ktan yararlanabilmek i\u00e7in arkan\u0131za yaslan\u0131n, derin bir soluk al\u0131n, yakalayaca\u011f\u0131n\u0131z her bir ayr\u0131nt\u0131yla ba\u015fka bir y\u00f6ne \u00e7ekilmeye haz\u0131r olun. Sanatla do\u011fan\u0131n, ger\u00e7ekle yan\u0131lsaman\u0131n, orijinalle taklidin birbirine ge\u00e7ti\u011fi, anlamlar\u0131n ans\u0131z\u0131n yer de\u011fi\u015ftirmesinin yaratt\u0131\u011f\u0131 gerilimin tad\u0131n\u0131 \u00e7\u0131kar\u0131n&#8230; <\/p>\n","protected":false},"excerpt":{"rendered":"<p>Abanoz Kule, Fowles\u2019un do\u011fa ve insan, ya\u015famla sanat ili\u015fkisine adeta ressam g\u00f6z\u00fcyle bak\u0131\u015f\u0131n\u0131n \u00f6rnekleriyle dolu. \u0130ki gen\u00e7 kad\u0131n\u0131n e\u015fli\u011finde Frans\u0131z ta\u015fras\u0131na \u00e7ekilip kendini d\u00fcnyadan yal\u0131tm\u0131\u015f ya\u015fl\u0131<span class=\"excerpt-hellip\"> [\u2026]<\/span><\/p>\n","protected":false},"featured_media":0,"template":"","meta":{"_monsterinsights_skip_tracking":false,"_monsterinsights_sitenote_active":false,"_monsterinsights_sitenote_note":"","_monsterinsights_sitenote_category":0},"product_brand":[],"product_cat":[12291,12866],"product_tag":[],"class_list":{"0":"post-690299","1":"product","2":"type-product","3":"status-publish","5":"product_cat-edebiyat","6":"product_cat-ingiliz-edebiyati","7":"pa_cilt-ciltsiz","8":"pa_tur-kitap","9":"pa_yayinevi-ayrinti-yayinlari","10":"pa_yazar-john-fowles","12":"first","13":"instock","14":"sale","15":"shipping-taxable","16":"purchasable","17":"product-type-simple"},"_links":{"self":[{"href":"https:\/\/roveyayinevi.com.tr\/index.php\/wp-json\/wp\/v2\/product\/690299","targetHints":{"allow":["GET"]}}],"collection":[{"href":"https:\/\/roveyayinevi.com.tr\/index.php\/wp-json\/wp\/v2\/product"}],"about":[{"href":"https:\/\/roveyayinevi.com.tr\/index.php\/wp-json\/wp\/v2\/types\/product"}],"wp:attachment":[{"href":"https:\/\/roveyayinevi.com.tr\/index.php\/wp-json\/wp\/v2\/media?parent=690299"}],"wp:term":[{"taxonomy":"product_brand","embeddable":true,"href":"https:\/\/roveyayinevi.com.tr\/index.php\/wp-json\/wp\/v2\/product_brand?post=690299"},{"taxonomy":"product_cat","embeddable":true,"href":"https:\/\/roveyayinevi.com.tr\/index.php\/wp-json\/wp\/v2\/product_cat?post=690299"},{"taxonomy":"product_tag","embeddable":true,"href":"https:\/\/roveyayinevi.com.tr\/index.php\/wp-json\/wp\/v2\/product_tag?post=690299"}],"curies":[{"name":"wp","href":"https:\/\/api.w.org\/{rel}","templated":true}]}}