{"id":690298,"date":"2025-08-27T13:51:08","date_gmt":"2025-08-27T10:51:08","guid":{"rendered":"https:\/\/roveyayinevi.com.tr\/index.php\/urun\/tuketimin-evrimi\/"},"modified":"2026-04-16T01:59:52","modified_gmt":"2026-04-15T22:59:52","slug":"tuketimin-evrimi","status":"publish","type":"product","link":"https:\/\/roveyayinevi.com.tr\/index.php\/urun\/tuketimin-evrimi\/","title":{"rendered":"T\u00fcketimin Evrimi"},"content":{"rendered":"<p>T\u00fcketim kapitalizmi her ne ise odur ve biz de ba\u015fka bir \u015feymi\u015f gibi davranmamal\u0131y\u0131z. T\u00fcketim toplumunun analizi dipsiz bir kuyudur. Ama bu kitap yeni sorularla evrimsel bir bak\u0131\u015f a\u00e7\u0131s\u0131 getiriyor. D\u00fcnyan\u0131n en zeki primatlar\u0131 neden ta\u015f\u0131ma i\u00e7in \u00e7ok da elveri\u015fli bir ara\u00e7 olmayan Hummer H1 Alpha sportif arazi arac\u0131na bu kadar para verirler? Genel kan\u0131ya g\u00f6re bir arac\u0131, o arac\u0131 sahiplenmeyi ve kullanmay\u0131 sevdi\u011fimizi d\u00fc\u015f\u00fcnd\u00fc\u011f\u00fcm\u00fcz i\u00e7in al\u0131yoruz. Buna kar\u015f\u0131n ara\u015ft\u0131rmalar bir \u015feyi elde etmenin keyfinin \u00e7ok k\u0131sa \u00f6m\u00fcrl\u00fc oldu\u011funu s\u00f6yl\u00fcyor. \u00d6yleyse neden kendimizi t\u00fcketim de\u011firmeninde tutuyoruz: \u00c7al\u0131\u015f, sat\u0131n al, arzula. Biyolojinin bu soruya bir cevab\u0131 var. \u0130nsanlar, imaj ve stat\u00fcn\u00fcn sadece hayatta kalmak i\u00e7in de\u011fil; \u00e7iftle\u015fme, arkada\u015flar\u0131 etkileme ve \u00e7ocuk b\u00fcy\u00fctme i\u00e7in de \u00f6nemli oldu\u011fu k\u00fc\u00e7\u00fck sosyal gruplarda evrimle\u015ftiler. G\u00fcn\u00fcm\u00fczde kendimizi, bir y\u0131\u011f\u0131n \u015feye sahip olmaktan mutluluk duydu\u011fumuz i\u00e7in de\u011fil arkada\u015flar\u0131m\u0131z\u0131n zihinlerinde etki b\u0131rakabilmek i\u00e7in mal ve hizmetlerle donat\u0131yoruz. Bu t\u00fcketimin bi\u00e7imleri yanl\u0131\u015f bir \u015fekilde &#8216;materyalizm&#8217; olarak a\u00e7\u0131klanmakta. Sat\u0131n ald\u0131\u011f\u0131m\u0131z \u00fcr\u00fcnler \u00f6ncelikle di\u011ferlerine g\u00f6nderdi\u011fimiz mesajlar olarak i\u015flev g\u00f6r\u00fcyor; fiziksel nesne olma \u00f6zelli\u011fi ise ikinci planda kal\u0131yor. Muazzam sosyal-primat beynimiz tek bir sosyal amac\u0131 takip etmeye evrildi: \u00d6tekilerin g\u00f6z\u00fcnde iyi g\u00f6r\u00fcnmek. ara merkezli ekonomilerde etkileyici \u00fcr\u00fcnlerin al\u0131nmaya ba\u015flanmas\u0131 bu amac\u0131 yerine getirmek i\u00e7in uygulad\u0131\u011f\u0131m\u0131z en yeni eylem. Bu kitap bu sorulara tarihsel analizden farkl\u0131 bir bak\u0131\u015f a\u00e7\u0131s\u0131yla yakla\u015f\u0131yor. Uzun zaman i\u00e7erisinde ger\u00e7ekle\u015fen de\u011fi\u015fimleri i\u015faret ederek evrimsel ba\u011flamda t\u00fcketimin izini s\u00fcr\u00fcyor: D\u00f6rt milyon y\u0131l \u00f6nce k\u00fc\u00e7\u00fck beyinli yar\u0131 sosyal primatlardan bug\u00fcnk\u00fc b\u00fcy\u00fck beyinli hipersosyal insanlara nas\u0131l d\u00f6n\u00fc\u015ft\u00fck?<\/p>\n","protected":false},"excerpt":{"rendered":"<p>T\u00fcketim kapitalizmi her ne ise odur ve biz de ba\u015fka bir \u015feymi\u015f gibi davranmamal\u0131y\u0131z. T\u00fcketim toplumunun analizi dipsiz bir kuyudur. Ama bu kitap yeni sorularla evrimsel<span class=\"excerpt-hellip\"> [\u2026]<\/span><\/p>\n","protected":false},"featured_media":0,"template":"","meta":{"_monsterinsights_skip_tracking":false,"_monsterinsights_sitenote_active":false,"_monsterinsights_sitenote_note":"","_monsterinsights_sitenote_category":0},"product_brand":[],"product_cat":[12835,12324],"product_tag":[],"class_list":{"0":"post-690298","1":"product","2":"type-product","3":"status-publish","5":"product_cat-genel-sosyoloji","6":"product_cat-sosyoloji","7":"pa_cilt-ciltsiz","8":"pa_tur-kitap","9":"pa_yayinevi-alfa-yayinlari","10":"pa_yazar-geoffrey-miller","12":"first","13":"instock","14":"sale","15":"shipping-taxable","16":"purchasable","17":"product-type-simple"},"_links":{"self":[{"href":"https:\/\/roveyayinevi.com.tr\/index.php\/wp-json\/wp\/v2\/product\/690298","targetHints":{"allow":["GET"]}}],"collection":[{"href":"https:\/\/roveyayinevi.com.tr\/index.php\/wp-json\/wp\/v2\/product"}],"about":[{"href":"https:\/\/roveyayinevi.com.tr\/index.php\/wp-json\/wp\/v2\/types\/product"}],"wp:attachment":[{"href":"https:\/\/roveyayinevi.com.tr\/index.php\/wp-json\/wp\/v2\/media?parent=690298"}],"wp:term":[{"taxonomy":"product_brand","embeddable":true,"href":"https:\/\/roveyayinevi.com.tr\/index.php\/wp-json\/wp\/v2\/product_brand?post=690298"},{"taxonomy":"product_cat","embeddable":true,"href":"https:\/\/roveyayinevi.com.tr\/index.php\/wp-json\/wp\/v2\/product_cat?post=690298"},{"taxonomy":"product_tag","embeddable":true,"href":"https:\/\/roveyayinevi.com.tr\/index.php\/wp-json\/wp\/v2\/product_tag?post=690298"}],"curies":[{"name":"wp","href":"https:\/\/api.w.org\/{rel}","templated":true}]}}