{"id":690296,"date":"2025-08-27T13:51:08","date_gmt":"2025-08-27T10:51:08","guid":{"rendered":"https:\/\/roveyayinevi.com.tr\/index.php\/urun\/duyuru\/"},"modified":"2026-04-16T01:59:52","modified_gmt":"2026-04-15T22:59:52","slug":"duyuru","status":"publish","type":"product","link":"https:\/\/roveyayinevi.com.tr\/index.php\/urun\/duyuru\/","title":{"rendered":"Duyuru"},"content":{"rendered":"<p>Antonio Negri ve Michael Hardt acil yayg\u0131nla\u015ft\u0131r\u0131lmas\u0131 ve tart\u0131\u015f\u0131lmas\u0131 dile\u011fiyle bir   duyuru   yay\u0131mlad\u0131. Bu k\u0131sa metinde, g\u00fcn\u00fcm\u00fczdeki toplumsal hareketlere ve m\u00fccadelelere ili\u015fkin \u00f6nemli tespitler yaparak, hareketlerin yeni bir kurucu nitelik kazanabilmesi i\u00e7in bir yol haritas\u0131 \u00f6neriyorlar.   G\u00fcn\u00fcm\u00fcz\u00fcn toplumsal hareketleri d\u00fczeni tersine \u00e7eviriyor, manifestolar\u0131 ve peygamberleri gereksiz k\u0131l\u0131yor. De\u011fi\u015fimin failleri \u015fimdiden sokaklara indiler ve \u015fehir meydanlar\u0131n\u0131 i\u015fgal ediyorlar; yaln\u0131zca y\u00f6neticileri tehdit edip ala\u015fa\u011f\u0131 etmekle kalm\u0131yor ayn\u0131 zamanda yeni bir d\u00fcnya vizyonu olu\u015fturuyorlar. Belki daha da \u00f6nemlisi, mant\u0131klar\u0131 ve pratikleri, sloganlar\u0131 ve arzular\u0131yla, bu \u00e7okluklar yeni bir dizi ilke ve hakikat ilan ediyor. <\/p>\n","protected":false},"excerpt":{"rendered":"<p>Antonio Negri ve Michael Hardt acil yayg\u0131nla\u015ft\u0131r\u0131lmas\u0131 ve tart\u0131\u015f\u0131lmas\u0131 dile\u011fiyle bir duyuru yay\u0131mlad\u0131. Bu k\u0131sa metinde, g\u00fcn\u00fcm\u00fczdeki toplumsal hareketlere ve m\u00fccadelelere ili\u015fkin \u00f6nemli tespitler yaparak, hareketlerin<span class=\"excerpt-hellip\"> [\u2026]<\/span><\/p>\n","protected":false},"featured_media":0,"template":"","meta":{"_monsterinsights_skip_tracking":false,"_monsterinsights_sitenote_active":false,"_monsterinsights_sitenote_note":"","_monsterinsights_sitenote_category":0},"product_brand":[],"product_cat":[12351,12324],"product_tag":[],"class_list":{"0":"post-690296","1":"product","2":"type-product","3":"status-publish","5":"product_cat-siyaset-sosyolojisi","6":"product_cat-sosyoloji","7":"pa_cilt-ciltsiz","8":"pa_tur-kitap","9":"pa_yayinevi-ayrinti-yayinlari","10":"pa_yazar-michael-hardt","12":"first","13":"instock","14":"sale","15":"shipping-taxable","16":"purchasable","17":"product-type-simple"},"_links":{"self":[{"href":"https:\/\/roveyayinevi.com.tr\/index.php\/wp-json\/wp\/v2\/product\/690296","targetHints":{"allow":["GET"]}}],"collection":[{"href":"https:\/\/roveyayinevi.com.tr\/index.php\/wp-json\/wp\/v2\/product"}],"about":[{"href":"https:\/\/roveyayinevi.com.tr\/index.php\/wp-json\/wp\/v2\/types\/product"}],"wp:attachment":[{"href":"https:\/\/roveyayinevi.com.tr\/index.php\/wp-json\/wp\/v2\/media?parent=690296"}],"wp:term":[{"taxonomy":"product_brand","embeddable":true,"href":"https:\/\/roveyayinevi.com.tr\/index.php\/wp-json\/wp\/v2\/product_brand?post=690296"},{"taxonomy":"product_cat","embeddable":true,"href":"https:\/\/roveyayinevi.com.tr\/index.php\/wp-json\/wp\/v2\/product_cat?post=690296"},{"taxonomy":"product_tag","embeddable":true,"href":"https:\/\/roveyayinevi.com.tr\/index.php\/wp-json\/wp\/v2\/product_tag?post=690296"}],"curies":[{"name":"wp","href":"https:\/\/api.w.org\/{rel}","templated":true}]}}