{"id":690294,"date":"2025-08-27T13:51:08","date_gmt":"2025-08-27T10:51:08","guid":{"rendered":"https:\/\/roveyayinevi.com.tr\/index.php\/urun\/gulun-mucizesi\/"},"modified":"2026-04-16T01:59:52","modified_gmt":"2026-04-15T22:59:52","slug":"gulun-mucizesi","status":"publish","type":"product","link":"https:\/\/roveyayinevi.com.tr\/index.php\/urun\/gulun-mucizesi\/","title":{"rendered":"G\u00fcl\u00fcn Mucizesi"},"content":{"rendered":"<p>Bir mahk\u00fcm-yazar olarak tan\u0131nan Jean Genet, G\u00fcl\u00fcn Mucizesi\u2019nde su\u00e7luya bir \u00f6vg\u00fc yap\u0131t\u0131 ortaya koyuyor. Genet\u2019nin a\u011f\u0131rl\u0131kl\u0131 olarak ele ald\u0131\u011f\u0131 \u015fiddet, e\u015fcinsellik, toplumsal de\u011ferlerin \u00e7\u00fcr\u00fcm\u00fc\u015fl\u00fc\u011f\u00fc gibi temalar; bu kez ancak g\u00fc\u00e7l\u00fclerin ve kurnazlar\u0131n yok olmaya direnebildi\u011fi ac\u0131mas\u0131z \u0131slahevi evreninin penceresinden yans\u0131t\u0131l\u0131yor. \u0130kinci D\u00fcnya Sava\u015f\u0131\u2019yla yoklu\u011fun kendini daha da beter bi\u00e7imde hissettirdi\u011fi Fontevrault \u0131slahevinin k\u00fc\u00e7\u00fck su\u00e7lular\u0131 bir par\u00e7a t\u00fc*t\u00fcn veya kara ekmek i\u00e7in bedenlerini ve ruhlar\u0131n\u0131 b\u00fcy\u00fcklere sunmakta duraksamazlar. Bu koku\u015fmu\u015fluktan ar\u0131nmay\u0131 bir tek Harcamone ba\u015farabilmi\u015ftir. <\/p>\n","protected":false},"excerpt":{"rendered":"<p>Bir mahk\u00fcm-yazar olarak tan\u0131nan Jean Genet, G\u00fcl\u00fcn Mucizesi\u2019nde su\u00e7luya bir \u00f6vg\u00fc yap\u0131t\u0131 ortaya koyuyor. Genet\u2019nin a\u011f\u0131rl\u0131kl\u0131 olarak ele ald\u0131\u011f\u0131 \u015fiddet, e\u015fcinsellik, toplumsal de\u011ferlerin \u00e7\u00fcr\u00fcm\u00fc\u015fl\u00fc\u011f\u00fc gibi temalar;<span class=\"excerpt-hellip\"> [\u2026]<\/span><\/p>\n","protected":false},"featured_media":0,"template":"","meta":{"_monsterinsights_skip_tracking":false,"_monsterinsights_sitenote_active":false,"_monsterinsights_sitenote_note":"","_monsterinsights_sitenote_category":0},"product_brand":[],"product_cat":[12291,13376],"product_tag":[],"class_list":{"0":"post-690294","1":"product","2":"type-product","3":"status-publish","5":"product_cat-edebiyat","6":"product_cat-fransiz-edebiyati","7":"pa_cilt-ciltsiz","8":"pa_tur-kitap","9":"pa_yayinevi-ayrinti-yayinlari","10":"pa_yazar-jean-genet","12":"first","13":"instock","14":"sale","15":"shipping-taxable","16":"purchasable","17":"product-type-simple"},"_links":{"self":[{"href":"https:\/\/roveyayinevi.com.tr\/index.php\/wp-json\/wp\/v2\/product\/690294","targetHints":{"allow":["GET"]}}],"collection":[{"href":"https:\/\/roveyayinevi.com.tr\/index.php\/wp-json\/wp\/v2\/product"}],"about":[{"href":"https:\/\/roveyayinevi.com.tr\/index.php\/wp-json\/wp\/v2\/types\/product"}],"wp:attachment":[{"href":"https:\/\/roveyayinevi.com.tr\/index.php\/wp-json\/wp\/v2\/media?parent=690294"}],"wp:term":[{"taxonomy":"product_brand","embeddable":true,"href":"https:\/\/roveyayinevi.com.tr\/index.php\/wp-json\/wp\/v2\/product_brand?post=690294"},{"taxonomy":"product_cat","embeddable":true,"href":"https:\/\/roveyayinevi.com.tr\/index.php\/wp-json\/wp\/v2\/product_cat?post=690294"},{"taxonomy":"product_tag","embeddable":true,"href":"https:\/\/roveyayinevi.com.tr\/index.php\/wp-json\/wp\/v2\/product_tag?post=690294"}],"curies":[{"name":"wp","href":"https:\/\/api.w.org\/{rel}","templated":true}]}}