{"id":690292,"date":"2025-08-27T13:51:07","date_gmt":"2025-08-27T10:51:07","guid":{"rendered":"https:\/\/roveyayinevi.com.tr\/index.php\/urun\/gunce\/"},"modified":"2026-04-16T01:59:52","modified_gmt":"2026-04-15T22:59:52","slug":"gunce","status":"publish","type":"product","link":"https:\/\/roveyayinevi.com.tr\/index.php\/urun\/gunce\/","title":{"rendered":"G\u00fcnce"},"content":{"rendered":"<p>\u201cHer \u015fey bir otoportre. Her \u015fey bir g\u00fcnce.\u201dElinizde tuttu\u011funuz kitap bir g\u00fcnce. Kalemi eline alan ki\u015finin korkular\u0131na, sevin\u00e7lerine, h\u00fcz\u00fcnlerine yap\u0131lan bir yolculuk. S\u0131radan bir insan\u0131n s\u0131radan ya\u015fam\u0131\u2026Belki de s\u0131ra d\u0131\u015f\u0131 birinin zaman zaman peri masal\u0131na, zaman zaman k\u00e2busa d\u00f6n\u00fc\u015fen ya\u015fam\u0131ndan kesitler sunan an\u0131 par\u00e7ac\u0131klar\u0131. Sahte m\u00fccevherlerin \u0131\u015f\u0131lt\u0131s\u0131na kap\u0131lan bir kad\u0131n\u0131n \u00f6yk\u00fcs\u00fc bu. Komadaki kocas\u0131n\u0131n g\u00fcnbeg\u00fcn \u00e7\u00fcr\u00fcmesini izleyen, sanat, ya\u015fam ve \u00f6l\u00fcm \u00fc\u00e7geninde s\u0131k\u0131\u015f\u0131p kalm\u0131\u015f bir kad\u0131n\u0131n. Kimilerine g\u00f6re basit bir garson, kimilerine g\u00f6re ise her an bir ba\u015fyap\u0131t yaratabilecek b\u00fcy\u00fck bir ressam. Anakarayla ba\u011flant\u0131s\u0131 her an yok olabilecekmi\u015f gibi g\u00f6z\u00fcken Waytansea Adas\u0131\u2019n\u0131n gizemli \u00f6yk\u00fcs\u00fc bu ayn\u0131 zamanda.Her \u015fey ba\u015fka birinin ya\u015fam\u0131n\u0131 s\u00fcrd\u00fcrmeye zorlanarak bireyselli\u011fini yitiren Misty Marie Kleinman\u2019\u0131n g\u00fcncesinde sakl\u0131. Bir tek ki\u015fi taraf\u0131ndan yaz\u0131lm\u0131\u015f bir g\u00fcnce bu. Ancak gerek anlat\u0131c\u0131, gerek anlat\u0131lan hikaye a\u00e7\u0131s\u0131ndan pek \u00e7ok katman s\u00f6z konusu. Chuck Palahniuk, insan\u0131n ezeli \u00f6l\u00fcms\u00fczl\u00fck aray\u0131\u015f\u0131na t\u00fcyler \u00fcrperten bir bak\u0131\u015f atarken, sanat\u0131n denetlenemeyen g\u00fcc\u00fcne de sayg\u0131 duru\u015funda bulunuyor. Misty\u2019nin g\u00fcncesini tuvale yans\u0131t\u0131rken hi\u00e7bir detay\u0131 g\u00f6zard\u0131 etmiyor. Bizler, kimi zaman ac\u0131mas\u0131zca vurulan f\u0131r\u00e7a darbelerini izlerken, ge\u00e7mi\u015f, \u015fimdi ve gelecek i\u00e7 i\u00e7e ge\u00e7iyor. Ben ve \u00f6teki aras\u0131ndaki ayr\u0131m gittik\u00e7e silikle\u015fiyor. Ger\u00e7ek ve hayal aras\u0131ndaki karma\u015f\u0131k ili\u015fki zihnimizi buland\u0131r\u0131yor. Ve ki\u015fisel komalar\u0131m\u0131zdan \u00e7\u0131k\u0131p kolektif bir komaya giriyoruz hep beraber. Kimin kimi kand\u0131rd\u0131\u011f\u0131 belli olmayan bir oyun oynan\u0131yor. Kimin kurban oldu\u011fu belli de\u011fil. \u0130nsan kendi yazg\u0131s\u0131n\u0131 elinde tutabilir mi? Yoksa zalim fele\u011fin elinden oyuncak m\u0131d\u0131r? Yalan m\u0131 daha ger\u00e7ek, ger\u00e7ek mi en b\u00fcy\u00fck yalan, belli de\u011fil. Zira Waytansea Adas\u0131 d\u00f6rt taraf\u0131 ger\u00e7eklerle kapl\u0131 bir yalan\u2026\u201cSadece kay\u0131tlarda bulunmas\u0131 a\u00e7\u0131s\u0131ndan, G\u00fcnce zehirli bir kobra y\u0131lan\u0131 kadar hipnotik.\u201d Ira Levin<\/p>\n","protected":false},"excerpt":{"rendered":"<p>\u201cHer \u015fey bir otoportre. Her \u015fey bir g\u00fcnce.\u201dElinizde tuttu\u011funuz kitap bir g\u00fcnce. Kalemi eline alan ki\u015finin korkular\u0131na, sevin\u00e7lerine, h\u00fcz\u00fcnlerine yap\u0131lan bir yolculuk. S\u0131radan bir insan\u0131n s\u0131radan<span class=\"excerpt-hellip\"> [\u2026]<\/span><\/p>\n","protected":false},"featured_media":0,"template":"","meta":{"_monsterinsights_skip_tracking":false,"_monsterinsights_sitenote_active":false,"_monsterinsights_sitenote_note":"","_monsterinsights_sitenote_category":0},"product_brand":[],"product_cat":[12891,12291],"product_tag":[],"class_list":{"0":"post-690292","1":"product","2":"type-product","3":"status-publish","5":"product_cat-amerikan-edebiyati","6":"product_cat-edebiyat","7":"pa_cilt-ciltsiz","8":"pa_tur-kitap","9":"pa_yayinevi-ayrinti-yayinlari","10":"pa_yazar-chuck-palahniuk","12":"first","13":"instock","14":"sale","15":"shipping-taxable","16":"purchasable","17":"product-type-simple"},"_links":{"self":[{"href":"https:\/\/roveyayinevi.com.tr\/index.php\/wp-json\/wp\/v2\/product\/690292","targetHints":{"allow":["GET"]}}],"collection":[{"href":"https:\/\/roveyayinevi.com.tr\/index.php\/wp-json\/wp\/v2\/product"}],"about":[{"href":"https:\/\/roveyayinevi.com.tr\/index.php\/wp-json\/wp\/v2\/types\/product"}],"wp:attachment":[{"href":"https:\/\/roveyayinevi.com.tr\/index.php\/wp-json\/wp\/v2\/media?parent=690292"}],"wp:term":[{"taxonomy":"product_brand","embeddable":true,"href":"https:\/\/roveyayinevi.com.tr\/index.php\/wp-json\/wp\/v2\/product_brand?post=690292"},{"taxonomy":"product_cat","embeddable":true,"href":"https:\/\/roveyayinevi.com.tr\/index.php\/wp-json\/wp\/v2\/product_cat?post=690292"},{"taxonomy":"product_tag","embeddable":true,"href":"https:\/\/roveyayinevi.com.tr\/index.php\/wp-json\/wp\/v2\/product_tag?post=690292"}],"curies":[{"name":"wp","href":"https:\/\/api.w.org\/{rel}","templated":true}]}}