{"id":690291,"date":"2025-08-27T13:51:07","date_gmt":"2025-08-27T10:51:07","guid":{"rendered":"https:\/\/roveyayinevi.com.tr\/index.php\/urun\/gosteri-peygamberi\/"},"modified":"2026-04-16T01:59:52","modified_gmt":"2026-04-15T22:59:52","slug":"gosteri-peygamberi","status":"publish","type":"product","link":"https:\/\/roveyayinevi.com.tr\/index.php\/urun\/gosteri-peygamberi\/","title":{"rendered":"G\u00f6steri Peygamberi"},"content":{"rendered":"<p>Yaln\u0131zl\u0131k, yabanc\u0131la\u015fma, \u015fiddet, pornografi, t\u00fcketim ve \u015f\u00f6hret a\u00e7l\u0131\u011f\u0131&#8230; Televizyon kanallar\u0131ndan boca edilen say\u0131s\u0131z yalanla kirlenmi\u015f, hi\u00e7bir \u015feyin dolduramad\u0131\u011f\u0131 bir bo\u015fluk&#8230; G\u00f6steri Peygamberi, yeni bir biny\u0131l\u0131n ba\u015f\u0131ndaki modern d\u00fcnyan\u0131n \u00fcrk\u00fct\u00fcc\u00fc \u00e7\u0131lg\u0131nl\u0131\u011f\u0131na ili\u015fkin karanl\u0131k bir ta\u015flama; medya, \u015f\u00f6hret ve pop k\u00fclt\u00fcr\u00fcne y\u00f6nelik sivri dilli bir a\u015fa\u011f\u0131lama&#8230; Tender Branson, Creedish mezhebinin d\u00fcnyadan yal\u0131t\u0131lm\u0131\u015f sahte cennetinde do\u011fup b\u00fcy\u00fcm\u00fc\u015f ve d\u0131\u015f d\u00fcnyaya g\u00f6nderilmi\u015f binlerce misyonerden biri. Kilise doktrinine g\u00f6re g\u00f6revi, ya\u015fad\u0131\u011f\u0131 s\u00fcrece \u00e7al\u0131\u015fmak ve gerekli oldu\u011funda \u00f6lmek. Kaderi beklenmedik bi\u00e7imde de\u011fi\u015fip onu \u015f\u00f6hretin doruklar\u0131na ta\u015f\u0131rken ayn\u0131 zamanda medya ve pop\u00fcler k\u00fclt\u00fcr\u00fcn i\u00e7y\u00fcz\u00fcyle tan\u0131\u015ft\u0131r\u0131yor. Yar\u0131 tanr\u0131ya d\u00f6n\u00fc\u015fme yolunda ya\u015fad\u0131klar\u0131 yak\u0131nda y\u00fczle\u015fece\u011fimiz k\u0131yametin \u00e7arp\u0131c\u0131 bir habercisine d\u00f6n\u00fc\u015f\u00fcyor&#8230; Branson, mezhepte kendisine zaten hi\u00e7 verilmemi\u015f olan hayat\u0131 d\u0131\u015f d\u00fcnya n\u0131n \u00e7irkinli\u011fine sonuna kadar g\u00f6m\u00fclerek yok etmeyi deneyecektir. Ne var ki, hayat\u0131na kar\u0131\u015fan gizemli Fertility Hollis\u2019e g\u00f6re, kendine bir kader \u00e7izmeye \u00e7al\u0131\u015fmas\u0131 anlams\u0131zd\u0131r. Olacaklar zaten bellidir ve olmak zorundad\u0131r&#8230;Ve intihar etmekle \u015fehit olmak aras\u0131ndaki tek fark gazetede man\u015fet olmakt\u0131r. Chuck Palahniuk, \u00f6nlenemez kaderine do\u011fru nefes kesici bir h\u0131zla s\u00fcr\u00fcklenen kahraman\u0131n\u0131n g\u00f6z\u00fcnden t\u00fcketim toplumunun hastal\u0131kl\u0131 ve anlams\u0131z ya\u015fam bi\u00e7imini bize b\u00fct\u00fcn \u00e7\u0131plakl\u0131\u011f\u0131yla g\u00f6steriyor. D\u00f6v\u00fc\u015f Kul\u00fcb\u00fc\u2019n\u00fcn yazar\u0131ndan, en az ilki kadar \u00e7arp\u0131c\u0131 bir roman, benzersiz bir yeralt\u0131 edebiyat\u0131 \u00f6rne\u011fi.<\/p>\n","protected":false},"excerpt":{"rendered":"<p>Yaln\u0131zl\u0131k, yabanc\u0131la\u015fma, \u015fiddet, pornografi, t\u00fcketim ve \u015f\u00f6hret a\u00e7l\u0131\u011f\u0131&#8230; Televizyon kanallar\u0131ndan boca edilen say\u0131s\u0131z yalanla kirlenmi\u015f, hi\u00e7bir \u015feyin dolduramad\u0131\u011f\u0131 bir bo\u015fluk&#8230; G\u00f6steri Peygamberi, yeni bir biny\u0131l\u0131n ba\u015f\u0131ndaki<span class=\"excerpt-hellip\"> [\u2026]<\/span><\/p>\n","protected":false},"featured_media":0,"template":"","meta":{"_monsterinsights_skip_tracking":false,"_monsterinsights_sitenote_active":false,"_monsterinsights_sitenote_note":"","_monsterinsights_sitenote_category":0},"product_brand":[],"product_cat":[12891,12291],"product_tag":[],"class_list":{"0":"post-690291","1":"product","2":"type-product","3":"status-publish","5":"product_cat-amerikan-edebiyati","6":"product_cat-edebiyat","7":"pa_cilt-ciltsiz","8":"pa_tur-kitap","9":"pa_yayinevi-ayrinti-yayinlari","10":"pa_yazar-chuck-palahniuk","12":"first","13":"instock","14":"sale","15":"shipping-taxable","16":"purchasable","17":"product-type-simple"},"_links":{"self":[{"href":"https:\/\/roveyayinevi.com.tr\/index.php\/wp-json\/wp\/v2\/product\/690291","targetHints":{"allow":["GET"]}}],"collection":[{"href":"https:\/\/roveyayinevi.com.tr\/index.php\/wp-json\/wp\/v2\/product"}],"about":[{"href":"https:\/\/roveyayinevi.com.tr\/index.php\/wp-json\/wp\/v2\/types\/product"}],"wp:attachment":[{"href":"https:\/\/roveyayinevi.com.tr\/index.php\/wp-json\/wp\/v2\/media?parent=690291"}],"wp:term":[{"taxonomy":"product_brand","embeddable":true,"href":"https:\/\/roveyayinevi.com.tr\/index.php\/wp-json\/wp\/v2\/product_brand?post=690291"},{"taxonomy":"product_cat","embeddable":true,"href":"https:\/\/roveyayinevi.com.tr\/index.php\/wp-json\/wp\/v2\/product_cat?post=690291"},{"taxonomy":"product_tag","embeddable":true,"href":"https:\/\/roveyayinevi.com.tr\/index.php\/wp-json\/wp\/v2\/product_tag?post=690291"}],"curies":[{"name":"wp","href":"https:\/\/api.w.org\/{rel}","templated":true}]}}