{"id":690289,"date":"2025-08-27T13:51:07","date_gmt":"2025-08-27T10:51:07","guid":{"rendered":"https:\/\/roveyayinevi.com.tr\/index.php\/urun\/gilles-ile-jeanne\/"},"modified":"2026-04-16T01:59:52","modified_gmt":"2026-04-15T22:59:52","slug":"gilles-ile-jeanne","status":"publish","type":"product","link":"https:\/\/roveyayinevi.com.tr\/index.php\/urun\/gilles-ile-jeanne\/","title":{"rendered":"Gilles ile Jeanne"},"content":{"rendered":"<p>Michel Tournier\u2019nin yap\u0131tlar\u0131n\u0131n \u00f6zg\u00fcnl\u00fc\u011f\u00fc, unutulmu\u015f mitlere ve eski hikayelere dayan\u0131r. O, mitlere yeniden hayat veren hem ger\u00e7ek\u00e7i hem de fantastik yap\u0131tlar\u0131 arac\u0131l\u0131\u011f\u0131yla karma\u015f\u0131k ger\u00e7ek d\u00fcnyay\u0131 kavramaya \u00e7al\u0131\u015f\u0131r. Tournier, miti kurulu d\u00fczeni bozan karga\u015faya bir \u00e7a\u011fr\u0131 olarak da g\u00f6r\u00fcr.   Canl\u0131l\u0131\u011f\u0131n\u0131 yitirmi\u015f bir mite alegori denir. Yazar\u0131n i\u015flevi mitlerin alegoriye d\u00f6n\u00fc\u015fmesine engel olmakt\u0131r,   der Tournier. Onun mitlere dayanan romanlar\u0131, do\u011fru bir zamanda; okurun karakter analizi, olay \u00f6rg\u00fcs\u00fc, dramatik yap\u0131 gibi geleneksel roman \u00f6\u011felerinden yoksun nouveau roman\u2019dan b\u0131kt\u0131\u011f\u0131 bir s\u0131rada edebiyat sahnesine \u00e7\u0131kt\u0131. Modern d\u00fcnyaya s\u0131rt\u0131n\u0131 d\u00f6nen Tournier, eski hikayelere y\u00f6nelerek, onlar\u0131 yepyeni bir bak\u0131\u015f a\u00e7\u0131s\u0131ndan anlatmaya koyuldu. Tanr\u0131 taraf\u0131ndan Fransa Krall\u0131\u011f\u0131\u2019n\u0131 kurtarmakla g\u00f6revlendirildi\u011fini s\u00f6yleyen Jeanne D\u2019Arc ile silah arkada\u015f\u0131 Gilles de Rais\u2019nin yazg\u0131lar\u0131na ki\u015fisel yorumunu getirdi\u011fi bu roman\u0131nda Tournier,   \u00e7ift, ikizlik   kavramlar\u0131na yo\u011funla\u015farak bize bir   ikilik   kavramlar\u0131na yo\u011funla\u015farak bize bir   ikilik   miti aktar\u0131yor. Birbirine kar\u015f\u0131t iki fig\u00fcr\u00fcn, bir melekle bir \u015feytan\u0131n yazg\u0131lar\u0131 aras\u0131nda paralellik kuruyor. <\/p>\n","protected":false},"excerpt":{"rendered":"<p>Michel Tournier\u2019nin yap\u0131tlar\u0131n\u0131n \u00f6zg\u00fcnl\u00fc\u011f\u00fc, unutulmu\u015f mitlere ve eski hikayelere dayan\u0131r. O, mitlere yeniden hayat veren hem ger\u00e7ek\u00e7i hem de fantastik yap\u0131tlar\u0131 arac\u0131l\u0131\u011f\u0131yla karma\u015f\u0131k ger\u00e7ek d\u00fcnyay\u0131 kavramaya<span class=\"excerpt-hellip\"> [\u2026]<\/span><\/p>\n","protected":false},"featured_media":0,"template":"","meta":{"_monsterinsights_skip_tracking":false,"_monsterinsights_sitenote_active":false,"_monsterinsights_sitenote_note":"","_monsterinsights_sitenote_category":0},"product_brand":[],"product_cat":[12291,13376],"product_tag":[],"class_list":{"0":"post-690289","1":"product","2":"type-product","3":"status-publish","5":"product_cat-edebiyat","6":"product_cat-fransiz-edebiyati","7":"pa_cilt-ciltsiz","8":"pa_tur-kitap","9":"pa_yayinevi-ayrinti-yayinlari","10":"pa_yazar-michel-tournier","12":"first","13":"instock","14":"sale","15":"shipping-taxable","16":"purchasable","17":"product-type-simple"},"_links":{"self":[{"href":"https:\/\/roveyayinevi.com.tr\/index.php\/wp-json\/wp\/v2\/product\/690289","targetHints":{"allow":["GET"]}}],"collection":[{"href":"https:\/\/roveyayinevi.com.tr\/index.php\/wp-json\/wp\/v2\/product"}],"about":[{"href":"https:\/\/roveyayinevi.com.tr\/index.php\/wp-json\/wp\/v2\/types\/product"}],"wp:attachment":[{"href":"https:\/\/roveyayinevi.com.tr\/index.php\/wp-json\/wp\/v2\/media?parent=690289"}],"wp:term":[{"taxonomy":"product_brand","embeddable":true,"href":"https:\/\/roveyayinevi.com.tr\/index.php\/wp-json\/wp\/v2\/product_brand?post=690289"},{"taxonomy":"product_cat","embeddable":true,"href":"https:\/\/roveyayinevi.com.tr\/index.php\/wp-json\/wp\/v2\/product_cat?post=690289"},{"taxonomy":"product_tag","embeddable":true,"href":"https:\/\/roveyayinevi.com.tr\/index.php\/wp-json\/wp\/v2\/product_tag?post=690289"}],"curies":[{"name":"wp","href":"https:\/\/api.w.org\/{rel}","templated":true}]}}