{"id":690288,"date":"2025-08-27T13:51:07","date_gmt":"2025-08-27T10:51:07","guid":{"rendered":"https:\/\/roveyayinevi.com.tr\/index.php\/urun\/gozun-vicdani\/"},"modified":"2026-04-16T01:59:52","modified_gmt":"2026-04-15T22:59:52","slug":"gozun-vicdani","status":"publish","type":"product","link":"https:\/\/roveyayinevi.com.tr\/index.php\/urun\/gozun-vicdani\/","title":{"rendered":"G\u00f6z\u00fcn Vicdan\u0131"},"content":{"rendered":"<p>\u00c7a\u011f\u0131m\u0131zda modern Bat\u0131 kentinin insanlarla dolu mek\u00e2nlar\u0131, ya t\u00fcketimi ya da turizmi sahneye koyan yerlerden ibarettir ve kentin b\u00f6yle bir sahneye indirgenmesi, anlams\u0131zla\u015ft\u0131r\u0131lmas\u0131 rastlant\u0131 de\u011fildir. H\u0131ristiyanl\u0131k, Bat\u0131 uygarl\u0131\u011f\u0131nda, \u00f6znel \u201ci\u00e7\u201d ya\u015famla fiziksel \u201cd\u0131\u015f\u201d ya\u015fam aras\u0131ndaki ayr\u0131ma neden olmu\u015f; i\u00e7ine d\u00f6nen, bir s\u0131\u011f\u0131nak aray\u0131\u015f\u0131na giren insan arad\u0131\u011f\u0131 bu s\u0131\u011f\u0131na\u011f\u0131n evi de olamayaca\u011f\u0131n\u0131 fark edince, bu ayr\u0131m\u0131 g\u00f6rmezden gelmeyi ye\u011fleyip \u201cn\u00f6tr\u201d kentler in\u015fa ederek sorundan adeta ka\u00e7m\u0131\u015ft\u0131r. Ka\u00e7\u0131\u015f\u0131n \u00e7\u00f6z\u00fcm olmad\u0131\u011f\u0131n\u0131 bile bile bunda \u0131srar edemeyece\u011fimize g\u00f6re, ya\u015fam\u0131n b\u00fct\u00fcnl\u00fc\u011f\u00fcn\u00fcn net bir \u015fekilde g\u00f6r\u00fclmesini sa\u011flayacak bir kent tasar\u0131m\u0131n\u0131 nas\u0131l ger\u00e7ekle\u015ftirebiliriz? \u00c7a\u011fda\u015f mimarlardan, kent tasar\u0131mc\u0131lar\u0131ndan, \u00f6rne\u011fin \u201cdemokrasiyi te\u015fvik edecek\u201d ya da \u201ccinsel iste\u011fin ahlaki boyutlar\u0131n\u0131n \u00f6\u011fretilece\u011fi\u201d mek\u00e2nlar tasarlamalar\u0131n\u0131 isteyebilir miyiz? Antik\u00e7a\u011fdan g\u00fcn\u00fcm\u00fcze Bat\u0131 kentini \u201ci\u00e7\u201d ve \u201cd\u0131\u015f\u201d\u0131 ay\u0131rma ya da b\u00fct\u00fcnle\u015ftirme \u00e7abalar\u0131 bi\u00e7imlendirmi\u015f; her d\u00fc\u015f\u00fcnce ve sanat ak\u0131m\u0131 o g\u00fcn\u00fcn kentini \u015fekillendirmi\u015ftir. G\u00fcn\u00fcm\u00fczde bu ayr\u0131m\u0131 ortadan kald\u0131rman\u0131n yolunu arayan Sennett, bizi bazen bir ya\u011fl\u0131boya resimle bazen bir \u015fiirle ya da dikilita\u015flar\u0131n \u00f6yk\u00fcs\u00fcyle, bazen bir foto\u011fraf, bazen bir felsefecinin d\u00fc\u015f\u00fcncesi ya da bestecinin eseriyle ba\u015fta New York, Paris ve Roma olmak \u00fczere bir\u00e7ok kentin kentle\u015fme tarihinde ilgin\u00e7 bir geziye \u00e7\u0131kar\u0131yor ve bir bale yap\u0131t\u0131yla gezimizi sonland\u0131r\u0131yor. Kendi kentlerimizi ve \u015fimdiye kadar g\u00f6rd\u00fc\u011f\u00fcm\u00fcz kentleri yeni bir g\u00f6zle g\u00f6rmemizi sa\u011flayan yazar, ki\u015filiksiz kentlerin \u00e7\u00f6z\u00fcm\u00fcn\u00fcn farkl\u0131l\u0131\u011f\u0131n zenginli\u011finde oldu\u011funu; farklar\u0131, farkl\u0131l\u0131klar\u0131 birbirinden ay\u0131rmak yerine \u201c\u00fcst \u00fcste y\u0131\u011fman\u0131n\u201d; kentlerde \u00f6nceden belirlenmi\u015f, de\u011fi\u015fmez mek\u00e2nlar\u0131 yaratmak yerine kentinin kimli\u011fini kentlinin kendinin belirleyece\u011fi tasar\u0131mlar geli\u015ftirmenin gere\u011fini ortaya koyuyor. Kentleri gittik\u00e7e birbirinin ayn\u0131 olmaya ba\u015flayan, kalabal\u0131\u011f\u0131 artt\u0131k\u00e7a kentleri kendine \u00f6zg\u00fcl\u00fc\u011f\u00fcn\u00fc h\u0131zla yitiren \u00fclkemizde, farklar\u0131n ileti\u015fimsizlik, kopukluk, yabanc\u0131la\u015fma de\u011fil yeni zenginlikler yaratmas\u0131n\u0131 istiyorsak Richard Sennett\u2019in bu kitab\u0131nda ilgimizi \u00e7ekecek \u00e7ok \u015fey var. Kent tasar\u0131m\u0131n\u0131n bir \u00f6yk\u00fc kurgular gibi yap\u0131lmas\u0131n\u0131, kentlerin yeni ke\u015fiflere, s\u00fcrprizlere a\u00e7\u0131k olmas\u0131n\u0131 \u00f6neren yazar\u0131n kitab\u0131 \u201ckent gibi bir kent\u201dte ya\u015famak isteyen herkese&#8230; <\/p>\n","protected":false},"excerpt":{"rendered":"<p>\u00c7a\u011f\u0131m\u0131zda modern Bat\u0131 kentinin insanlarla dolu mek\u00e2nlar\u0131, ya t\u00fcketimi ya da turizmi sahneye koyan yerlerden ibarettir ve kentin b\u00f6yle bir sahneye indirgenmesi, anlams\u0131zla\u015ft\u0131r\u0131lmas\u0131 rastlant\u0131 de\u011fildir. H\u0131ristiyanl\u0131k,<span class=\"excerpt-hellip\"> [\u2026]<\/span><\/p>\n","protected":false},"featured_media":0,"template":"","meta":{"_monsterinsights_skip_tracking":false,"_monsterinsights_sitenote_active":false,"_monsterinsights_sitenote_note":"","_monsterinsights_sitenote_category":0},"product_brand":[],"product_cat":[12767,12324],"product_tag":[],"class_list":{"0":"post-690288","1":"product","2":"type-product","3":"status-publish","5":"product_cat-kentlesme-modernlesme","6":"product_cat-sosyoloji","7":"pa_cilt-ciltsiz","8":"pa_tur-kitap","9":"pa_yayinevi-ayrinti-yayinlari","10":"pa_yazar-richard-sennett","12":"first","13":"instock","14":"sale","15":"shipping-taxable","16":"purchasable","17":"product-type-simple"},"_links":{"self":[{"href":"https:\/\/roveyayinevi.com.tr\/index.php\/wp-json\/wp\/v2\/product\/690288","targetHints":{"allow":["GET"]}}],"collection":[{"href":"https:\/\/roveyayinevi.com.tr\/index.php\/wp-json\/wp\/v2\/product"}],"about":[{"href":"https:\/\/roveyayinevi.com.tr\/index.php\/wp-json\/wp\/v2\/types\/product"}],"wp:attachment":[{"href":"https:\/\/roveyayinevi.com.tr\/index.php\/wp-json\/wp\/v2\/media?parent=690288"}],"wp:term":[{"taxonomy":"product_brand","embeddable":true,"href":"https:\/\/roveyayinevi.com.tr\/index.php\/wp-json\/wp\/v2\/product_brand?post=690288"},{"taxonomy":"product_cat","embeddable":true,"href":"https:\/\/roveyayinevi.com.tr\/index.php\/wp-json\/wp\/v2\/product_cat?post=690288"},{"taxonomy":"product_tag","embeddable":true,"href":"https:\/\/roveyayinevi.com.tr\/index.php\/wp-json\/wp\/v2\/product_tag?post=690288"}],"curies":[{"name":"wp","href":"https:\/\/api.w.org\/{rel}","templated":true}]}}