{"id":690287,"date":"2025-08-27T13:51:06","date_gmt":"2025-08-27T10:51:06","guid":{"rendered":"https:\/\/roveyayinevi.com.tr\/index.php\/urun\/flaubertin-papagani\/"},"modified":"2026-04-16T01:59:52","modified_gmt":"2026-04-15T22:59:52","slug":"flaubertin-papagani","status":"publish","type":"product","link":"https:\/\/roveyayinevi.com.tr\/index.php\/urun\/flaubertin-papagani\/","title":{"rendered":"Flaubert\u2019in Papa\u011fan\u0131"},"content":{"rendered":"<p>\u0130ngiliz edebiyat\u0131n\u0131n \u00f6nde gelen yazarlar\u0131 aras\u0131nda Julian Barnes\u2019a ayr\u0131cal\u0131kl\u0131 bir \u00fcn kazand\u0131rm\u0131\u015f olan Flaubert\u2019in Papa\u011fan\u0131, hi\u00e7 ku\u015fku yok ki, Ya\u015fam-Sanat diyalekti\u011fi \u00fczerine g\u00fcn\u00fcm\u00fcze de\u011fin kaleme al\u0131nm\u0131\u015f en \u00f6zg\u00fcn ve \u00e7arp\u0131c\u0131 yap\u0131tlardan biri. Roman\u0131n \u00f6zg\u00fcnl\u00fc\u011f\u00fc, \u00f6ncelikle, derinlikli bir insan kavray\u0131\u015f\u0131n\u0131 son derece yenilik\u00e7i bir estetik kurgu i\u00e7inde ortaya koyabilmi\u015f olmas\u0131nda yat\u0131yor. Julian Barnes, bir  deneme-roman  olarak da nitelendirilebilecek yap\u0131t\u0131nda, o t\u00fcm\u00fcyle kendine \u00f6zg\u00fc ironik \u00fcslubuyla bizlere, Ya\u015fam dedi\u011fimiz o gizemli \u015feyin binbir t\u00fcrl\u00fc ayr\u0131nt\u0131s\u0131ndan, Sanat\u2019\u0131n kar\u015f\u0131 koyulmaz \u00e7ekiminden ve s\u0131n\u0131rlar\u0131ndan, Ger\u00e7ek\u2019in kendini saklayan y\u00fczlerinden ve daha nice \u015feyden s\u00f6z ediyor. Roman\u0131n ana \u00f6yk\u00fcs\u00fcn\u00fc; d\u00fcnya g\u00f6r\u00fc\u015f\u00fc, sanat\u0131, a\u015fklar\u0131, yolculuklar\u0131 ve zengin bir \u00e7e\u015fitlilik g\u00f6steren ilgin\u00e7 ya\u015fant\u0131s\u0131yla XIX. y\u00fczy\u0131l\u0131n \u00fcnl\u00fc Frans\u0131z romanc\u0131s\u0131 Gustave Flaubert\u2019in ba\u015f\u0131ndan ge\u00e7enler olu\u015fturuyor. Bunun yan\u0131 s\u0131ra romanda, bu \u00f6yk\u00fcye ko\u015fut olarak anlat\u0131lan ve gizi ancak sat\u0131r aralar\u0131nda verilen bir ba\u015fka \u00f6yk\u00fc daha var: Roman kahraman\u0131 Geoffrey Braithwaite\u2019in, art\u0131k hayatta olmayan kar\u0131s\u0131 Ellen\u2019in gizli ya\u015fant\u0131s\u0131n\u0131n damgas\u0131n\u0131 ta\u015f\u0131yan \u00f6yk\u00fcs\u00fc. Farkl\u0131 y\u00fczy\u0131llara ait bu iki \u00f6yk\u00fc, anlat\u0131 boyunca inceden inceye birbirlerine s\u00fcrekli eklemleniyor ve roman kahraman\u0131 Braithwaite\u2019nin ki\u015fisel ya\u015fam\u0131 ile edebiyat tarihine  Ger\u00e7ekli\u011fin  babas\u0131 ad\u0131yla ge\u00e7mi\u015f olan Gustave Flaubert\u2019in ya\u015fam\u0131 aras\u0131nda y\u00fczy\u0131llar \u00f6tesinde anlaml\u0131 bir k\u00f6pr\u00fc kuruyor. Flaubert uzman\u0131, emekli doktor Geoffrey Braithwaite, her ikisi de yazara ait oldu\u011fu ileri s\u00fcr\u00fclen iki papa\u011fan? Peki ya sonu\u00e7? Sonu\u00e7, belki de,  Ger\u00e7ek in, dedektif romanlar\u0131nda foyas\u0131 ortaya \u00e7\u0131kar\u0131lan katil gibi bir \u015fey olmad\u0131\u011f\u0131&#8230; Ya da, herkesin ancak  kendi  okumalar\u0131yla bu gize bir yan\u0131t bulabilecek olmas\u0131&#8230;  1984\u2019te \u0130ngiltere\u2019de yay\u0131mlanm\u0131\u015f olan en iyi roman.  &#8211; John Fowles-  Keyif verici ve zenginle\u015ftirici&#8230; Bir edebiyat \u015f\u00f6leni!  &#8211; Joseph Heller- <\/p>\n","protected":false},"excerpt":{"rendered":"<p>\u0130ngiliz edebiyat\u0131n\u0131n \u00f6nde gelen yazarlar\u0131 aras\u0131nda Julian Barnes\u2019a ayr\u0131cal\u0131kl\u0131 bir \u00fcn kazand\u0131rm\u0131\u015f olan Flaubert\u2019in Papa\u011fan\u0131, hi\u00e7 ku\u015fku yok ki, Ya\u015fam-Sanat diyalekti\u011fi \u00fczerine g\u00fcn\u00fcm\u00fcze de\u011fin kaleme al\u0131nm\u0131\u015f<span class=\"excerpt-hellip\"> [\u2026]<\/span><\/p>\n","protected":false},"featured_media":0,"template":"","meta":{"_monsterinsights_skip_tracking":false,"_monsterinsights_sitenote_active":false,"_monsterinsights_sitenote_note":"","_monsterinsights_sitenote_category":0},"product_brand":[],"product_cat":[12291,12866],"product_tag":[],"class_list":{"0":"post-690287","1":"product","2":"type-product","3":"status-publish","5":"product_cat-edebiyat","6":"product_cat-ingiliz-edebiyati","7":"pa_cilt-ciltsiz","8":"pa_tur-kitap","9":"pa_yayinevi-ayrinti-yayinlari","10":"pa_yazar-julian-barnes","12":"first","13":"instock","14":"sale","15":"shipping-taxable","16":"purchasable","17":"product-type-simple"},"_links":{"self":[{"href":"https:\/\/roveyayinevi.com.tr\/index.php\/wp-json\/wp\/v2\/product\/690287","targetHints":{"allow":["GET"]}}],"collection":[{"href":"https:\/\/roveyayinevi.com.tr\/index.php\/wp-json\/wp\/v2\/product"}],"about":[{"href":"https:\/\/roveyayinevi.com.tr\/index.php\/wp-json\/wp\/v2\/types\/product"}],"wp:attachment":[{"href":"https:\/\/roveyayinevi.com.tr\/index.php\/wp-json\/wp\/v2\/media?parent=690287"}],"wp:term":[{"taxonomy":"product_brand","embeddable":true,"href":"https:\/\/roveyayinevi.com.tr\/index.php\/wp-json\/wp\/v2\/product_brand?post=690287"},{"taxonomy":"product_cat","embeddable":true,"href":"https:\/\/roveyayinevi.com.tr\/index.php\/wp-json\/wp\/v2\/product_cat?post=690287"},{"taxonomy":"product_tag","embeddable":true,"href":"https:\/\/roveyayinevi.com.tr\/index.php\/wp-json\/wp\/v2\/product_tag?post=690287"}],"curies":[{"name":"wp","href":"https:\/\/api.w.org\/{rel}","templated":true}]}}