{"id":690286,"date":"2025-08-27T13:51:06","date_gmt":"2025-08-27T10:51:06","guid":{"rendered":"https:\/\/roveyayinevi.com.tr\/index.php\/urun\/fransiz-tegmenin-kadini\/"},"modified":"2026-04-16T01:59:52","modified_gmt":"2026-04-15T22:59:52","slug":"fransiz-tegmenin-kadini","status":"publish","type":"product","link":"https:\/\/roveyayinevi.com.tr\/index.php\/urun\/fransiz-tegmenin-kadini\/","title":{"rendered":"Frans\u0131z Te\u011fmenin Kad\u0131n\u0131"},"content":{"rendered":"<p>\u0130ngiliz edebiyat\u0131n\u0131n ya\u015fayan belki de en b\u00fcy\u00fck ustas\u0131 olan John Fowles, anlat\u0131 kurmaktaki mahreti, \u00e7arp\u0131c\u0131 \u00fcslubu ve deneycili\u011fiyle dikkati \u00e7eken bir yazar. Hi\u00e7 abartmadan y\u00fczy\u0131l\u0131n en iyi romanlar\u0131 aras\u0131nda sayabilece\u011fimiz Frans\u0131z Te\u011fmenin Kad\u0131n\u0131\u2019nda bu \u00f6zellikler m\u00fckemmel bir bile\u015fime ula\u015f\u0131yor. Bir kere ola\u011fan\u00fcst\u00fc ba\u015far\u0131l\u0131 bir atmosfer yarat\u0131yor yazar, Viktorya d\u00f6neminde ya\u015fam\u0131n\u0131n en anlama geldi\u011fini b\u00fct\u00fcn netli\u011fiyle ortaya seriyor. Sonra e\u015fine az rastlan\u0131r bir gizem yarat\u0131yor, kitap bitti\u011finde bile gizeminden bir \u015fey kaybetmeyen bir gizem bu. Ve nihayet bilgeli\u011fine sizi hemen ikna eden bilge ve son derece zeki bir denemeci \u00fcslubuyla varolu\u015fculu\u011fun sahicilik ve \u00f6zg\u00fcrl\u00fck arayan insan soyutlanmas\u0131n\u0131 ete kemi\u011fe b\u00fcr\u00fcnd\u00fcr\u00fcyor, ama tanr\u0131 anlat\u0131c\u0131 rol\u00fcn\u00fc de sorgulamaktan geri kalm\u0131yor. \ufffc<\/p>\n","protected":false},"excerpt":{"rendered":"<p>\u0130ngiliz edebiyat\u0131n\u0131n ya\u015fayan belki de en b\u00fcy\u00fck ustas\u0131 olan John Fowles, anlat\u0131 kurmaktaki mahreti, \u00e7arp\u0131c\u0131 \u00fcslubu ve deneycili\u011fiyle dikkati \u00e7eken bir yazar. Hi\u00e7 abartmadan y\u00fczy\u0131l\u0131n en<span class=\"excerpt-hellip\"> [\u2026]<\/span><\/p>\n","protected":false},"featured_media":0,"template":"","meta":{"_monsterinsights_skip_tracking":false,"_monsterinsights_sitenote_active":false,"_monsterinsights_sitenote_note":"","_monsterinsights_sitenote_category":0},"product_brand":[],"product_cat":[12291,12866],"product_tag":[],"class_list":{"0":"post-690286","1":"product","2":"type-product","3":"status-publish","5":"product_cat-edebiyat","6":"product_cat-ingiliz-edebiyati","7":"pa_cilt-ciltsiz","8":"pa_tur-kitap","9":"pa_yayinevi-ayrinti-yayinlari","10":"pa_yazar-john-fowles","12":"first","13":"instock","14":"sale","15":"shipping-taxable","16":"purchasable","17":"product-type-simple"},"_links":{"self":[{"href":"https:\/\/roveyayinevi.com.tr\/index.php\/wp-json\/wp\/v2\/product\/690286","targetHints":{"allow":["GET"]}}],"collection":[{"href":"https:\/\/roveyayinevi.com.tr\/index.php\/wp-json\/wp\/v2\/product"}],"about":[{"href":"https:\/\/roveyayinevi.com.tr\/index.php\/wp-json\/wp\/v2\/types\/product"}],"wp:attachment":[{"href":"https:\/\/roveyayinevi.com.tr\/index.php\/wp-json\/wp\/v2\/media?parent=690286"}],"wp:term":[{"taxonomy":"product_brand","embeddable":true,"href":"https:\/\/roveyayinevi.com.tr\/index.php\/wp-json\/wp\/v2\/product_brand?post=690286"},{"taxonomy":"product_cat","embeddable":true,"href":"https:\/\/roveyayinevi.com.tr\/index.php\/wp-json\/wp\/v2\/product_cat?post=690286"},{"taxonomy":"product_tag","embeddable":true,"href":"https:\/\/roveyayinevi.com.tr\/index.php\/wp-json\/wp\/v2\/product_tag?post=690286"}],"curies":[{"name":"wp","href":"https:\/\/api.w.org\/{rel}","templated":true}]}}