{"id":690284,"date":"2025-08-27T13:51:06","date_gmt":"2025-08-27T10:51:06","guid":{"rendered":"https:\/\/roveyayinevi.com.tr\/index.php\/urun\/flanor-dusunce\/"},"modified":"2026-04-16T01:59:52","modified_gmt":"2026-04-15T22:59:52","slug":"flanor-dusunce","status":"publish","type":"product","link":"https:\/\/roveyayinevi.com.tr\/index.php\/urun\/flanor-dusunce\/","title":{"rendered":"Flan\u00f6r D\u00fc\u015f\u00fcnce"},"content":{"rendered":"<p>Modern kentlerin insan\u0131 g\u00f6r\u00fcnmez k\u0131lan c\u00fcmb\u00fc\u015f\u00fc i\u00e7inde  g\u00f6r\u00fcn\u00fcr olma  arzusunun g\u00f6rkemli bir tirada ihtiyac\u0131 vard\u0131r daima. \u00d6zellikle de y\u00fczeysel yerle\u015fiklik cehenneminin her yeri sard\u0131\u011f\u0131 bir d\u00f6nemde&#8230; Var olmak alg\u0131lanm\u0131\u015f olmakla lanetlenmi\u015ftir art\u0131k ve bo\u015f zamanlar\u0131n\u0131n erdemini hesapl\u0131 kesinliklere kurban etmi\u015f bir uygarl\u0131\u011fa inat, zamans\u0131zl\u0131\u011f\u0131n efendisi olan aylakl\u0131\u011f\u0131n esasl\u0131 bir \u00f6vg\u00fcs\u00fc yap\u0131lmal\u0131d\u0131r \u015fu halde. Dahas\u0131, b\u00f6yle bir \u00f6vg\u00fcye her zamankinden daha fazla arka \u00e7\u0131k\u0131lmal\u0131d\u0131r. \u00c7\u00fcnk\u00fc aylakl\u0131\u011f\u0131n erinci, d\u00fczenin ve mutlak de\u011fi\u015fmezli\u011fin de\u011fil; rastlant\u0131sall\u0131\u011f\u0131n ve apans\u0131z kar\u015f\u0131la\u015fmalar\u0131n hesaps\u0131z harcama kalemine kay\u0131tl\u0131d\u0131r. Yersiz yurtsuzlu\u011fun g\u00fcven telkin etmeyen ama \u00f6zg\u00fcrle\u015ftiren topra\u011f\u0131na buyur edilmi\u015f her d\u00fc\u015f\u00fcncenin yolu er ya da ge\u00e7 aylakl\u0131\u011f\u0131n muazzam bak\u0131\u015f\u0131n\u0131n g\u00fcc\u00fcyle kesi\u015fmek zorundad\u0131r.  Asla yerle\u015fmeyin!  der o kadim yarg\u0131, gezinmenin sonsuzlu\u011fa kapanan d\u00f6ng\u00fcs\u00fcnde kal\u0131n hep; \u00e7\u00fcnk\u00fc ancak oradayken ve onunla birlikte kaz\u0131n\u0131r bilince saplan\u0131p kalm\u0131\u015f sabit yarg\u0131lar\u0131n k\u00f6k\u00fc. De\u011fil mi ki, g\u00f6steri\u015fli bo\u015f zamanlar\u0131n y\u00fczeyinde biriken g\u00f6r\u00fcnt\u00fcde, gezgin d\u00fc\u015f\u00fcncelerin bo\u015f inan\u00e7lar\u0131 bo\u015fa \u00e7\u0131karan kilden an\u0131t\u0131 y\u00fckselir. D\u00fc\u015f\u00fcncenin kilden anlat\u0131s\u0131d\u0131r bu; tasarlanm\u0131\u015f, ince ince d\u00fc\u015f\u00fcn\u00fclm\u00fc\u015f her d\u00fc\u015f\u00fcnce gibi \u00e7abucak da\u011f\u0131l\u0131p gitmelidir; yabanc\u0131la\u015fm\u0131\u015f ve yabanc\u0131la\u015ft\u0131r\u0131c\u0131 g\u00fcvensizli\u011fin kar\u015f\u0131s\u0131nda ayla\u011f\u0131n temsil etti\u011fi \u015fey de tastamam budur i\u015fte: kalabal\u0131ktaki adam\u0131n muhayyel varl\u0131\u011f\u0131n\u0131n ete kemi\u011fe b\u00fcr\u00fcnm\u00fc\u015f silueti&#8230; \u00c7a\u011f\u0131n \u00f6rselenmi\u015f belle\u011finde, d\u00fc\u015f\u00fcncenin sonsuza dek kaybolu\u015funa kar\u015f\u0131l\u0131k, sonsuzlukta kaybolman\u0131n d\u00fc\u015f\u00fcd\u00fcr as\u0131l do\u011frulanmay\u0131 bekleyen de. \u00d6znesi a\u015f\u0131nm\u0131\u015f bir tahayy\u00fcl g\u00fcc\u00fcn\u00fcn yeniden ve geri d\u00f6n\u00fc\u015fs\u00fcz bi\u00e7imde pe\u015fine d\u00fc\u015f\u00fclmesine; dahas\u0131, b\u00f6ylesi bir aran\u0131\u015f\u0131n hi\u00e7 bitmeyecek \u00f6yk\u00fcs\u00fcne odaklan\u0131yor elinizdeki kitap. Bu nedenle de zamanla de\u011fi\u015fen, ba\u015fkala\u015fan alg\u0131lama ve g\u00f6rme bi\u00e7imlerinin mahiyetini kavramaya \u00e7al\u0131\u015f\u0131rken, yolu \u00fczerinde kar\u015f\u0131la\u015ft\u0131\u011f\u0131 her \u00e7arp\u0131k imgeyi s\u00fcrekli bi\u00e7imde \u00e7a\u011fc\u0131l bir i\u00e7tihada tabi tutmay\u0131 al\u0131yor g\u00fcndemine. Ezc\u00fcmle, yer de\u011fi\u015ftirme itkisinin yersizyurtsuzlu\u011fa yazg\u0131l\u0131 ser\u00fcveninin felsefi\/sosyolojik y\u00f6r\u00fcngesi etraf\u0131nda k\u00fcmelenmi\u015f bir dizi toparlay\u0131c\u0131, \u00e7er\u00e7eve kurucu metni bir araya getiriyor Flan\u00f6r D\u00fc\u015f\u00fcnce. Elinin alt\u0131ndaki d\u00fcnyay\u0131 son derece \u00e7ekilmez ve dayan\u0131lmaz bulan huzursuz bilin\u00e7ler, bilgisizlikle ve b\u00fcy\u00fck bir aymazl\u0131kla s\u00fcrd\u00fcr\u00fclen bir hayata esasl\u0131 bir g\u00fczerg\u00e2h arayanlar i\u00e7in son bir \u00f6neri: \u00c7\u00fcnk\u00fc yol, belki de esirgenmi\u015f mutlulu\u011fun kol gezdi\u011fi bir d\u00fcnyada  gitme nin ayakucuna dek inen bir kelimedir. Belki de dur durak bilmeden ak\u0131p giden bu tekinsiz gidi\u015fe en iyi onun i\u00e7indeyken ve  yolda yken katlan\u0131labilir, t\u0131pk\u0131 yaln\u0131zl\u0131kla ancak bir ba\u015f\u0131nayken ba\u015f edilebilece\u011fi gibi&#8230; <\/p>\n","protected":false},"excerpt":{"rendered":"<p>Modern kentlerin insan\u0131 g\u00f6r\u00fcnmez k\u0131lan c\u00fcmb\u00fc\u015f\u00fc i\u00e7inde g\u00f6r\u00fcn\u00fcr olma arzusunun g\u00f6rkemli bir tirada ihtiyac\u0131 vard\u0131r daima. \u00d6zellikle de y\u00fczeysel yerle\u015fiklik cehenneminin her yeri sard\u0131\u011f\u0131 bir d\u00f6nemde&#8230;<span class=\"excerpt-hellip\"> [\u2026]<\/span><\/p>\n","protected":false},"featured_media":0,"template":"","meta":{"_monsterinsights_skip_tracking":false,"_monsterinsights_sitenote_active":false,"_monsterinsights_sitenote_note":"","_monsterinsights_sitenote_category":0},"product_brand":[],"product_cat":[12312,12304],"product_tag":[],"class_list":{"0":"post-690284","1":"product","2":"type-product","3":"status-publish","5":"product_cat-diger","6":"product_cat-tarih","7":"pa_cilt-ciltsiz","8":"pa_tur-kitap","9":"pa_yayinevi-ayrinti-yayinlari","10":"pa_yazar-huseyin-kose","12":"first","13":"instock","14":"sale","15":"shipping-taxable","16":"purchasable","17":"product-type-simple"},"_links":{"self":[{"href":"https:\/\/roveyayinevi.com.tr\/index.php\/wp-json\/wp\/v2\/product\/690284","targetHints":{"allow":["GET"]}}],"collection":[{"href":"https:\/\/roveyayinevi.com.tr\/index.php\/wp-json\/wp\/v2\/product"}],"about":[{"href":"https:\/\/roveyayinevi.com.tr\/index.php\/wp-json\/wp\/v2\/types\/product"}],"wp:attachment":[{"href":"https:\/\/roveyayinevi.com.tr\/index.php\/wp-json\/wp\/v2\/media?parent=690284"}],"wp:term":[{"taxonomy":"product_brand","embeddable":true,"href":"https:\/\/roveyayinevi.com.tr\/index.php\/wp-json\/wp\/v2\/product_brand?post=690284"},{"taxonomy":"product_cat","embeddable":true,"href":"https:\/\/roveyayinevi.com.tr\/index.php\/wp-json\/wp\/v2\/product_cat?post=690284"},{"taxonomy":"product_tag","embeddable":true,"href":"https:\/\/roveyayinevi.com.tr\/index.php\/wp-json\/wp\/v2\/product_tag?post=690284"}],"curies":[{"name":"wp","href":"https:\/\/api.w.org\/{rel}","templated":true}]}}