{"id":690283,"date":"2025-08-27T13:51:06","date_gmt":"2025-08-27T10:51:06","guid":{"rendered":"https:\/\/roveyayinevi.com.tr\/index.php\/urun\/film-elestirisi-kuramsal-cerceveve-sinemamizdan-ornek-cozumlemeler\/"},"modified":"2026-04-16T01:59:52","modified_gmt":"2026-04-15T22:59:52","slug":"film-elestirisi-kuramsal-cerceveve-sinemamizdan-ornek-cozumlemeler","status":"publish","type":"product","link":"https:\/\/roveyayinevi.com.tr\/index.php\/urun\/film-elestirisi-kuramsal-cerceveve-sinemamizdan-ornek-cozumlemeler\/","title":{"rendered":"Film Ele\u015ftirisi &#8211; Kuramsal \u00c7er\u00e7eveve Sinemam\u0131zdan \u00d6rnek \u00c7\u00f6zu\u0308mlemeler"},"content":{"rendered":"<p>Sinema \u00e7al\u0131\u015fmalar\u0131n\u0131n ve sinemay\u0131 \u00f6\u011frenmenin en \u00f6nemli  alanlar\u0131ndan biri, hi\u00e7 ku\u015fkusuz, \u201cfilm ele\u015ftirisi\u201ddir. Film ele\u015ftirisiyle ili\u015fki izleyiciyi\/okuru edilgenlikten kurtar\u0131r. Disiplinler aras\u0131 alg\u0131 yarat\u0131r. Filme, sinemaya ve hayata toplumsal, ideolojik, psikolojik, felsefi, siyasi, tarihsel ba\u011flamda d\u00fc\u015f\u00fcnme alan\u0131ndan bakman\u0131n imk\u00e2nlar\u0131n\u0131 zenginle\u015ftirir. Film ele\u015ftirisi ayn\u0131 zamanda film yapman\u0131n b\u00fct\u00fcn deneyimlerini biriktirir. Denebilir ki, ele\u015ftirinin niteli\u011fi ve g\u00fcc\u00fc o alan\u0131n, her a\u00e7\u0131dan, geli\u015fmi\u015flik d\u00fczeyini g\u00f6sterir. Bu kitap, film ele\u015ftirisinin teorik yap\u0131s\u0131n\u0131 inceliyor. Ve bu d\u00fczlemde varolan ele\u015ftiri yaz\u0131m\u0131ndaki yakla\u015f\u0131mlar\u0131, temel kavramlar\u0131 ele alarak, a\u00e7\u0131kl\u0131yor. \u00c7al\u0131\u015fmay\u0131 daha anlaml\u0131 k\u0131lan bir boyut ise, bu omurga \u00fczerinden, farkl\u0131 yazarlar\u0131n sinemam\u0131zdan filmlere dair \u00e7\u00f6z\u00fcmlemeleri\u2026 Film Ele\u015ftirisi kitab\u0131 yaln\u0131zca \u201csinema severler\u201d i\u00e7in de\u011fil, \u201cfilm ele\u015ftirmeni\u201d olmak isteyenler ve \u201cfilm yapman\u0131n heyecan\u0131n\u0131 duyanlar\u201d i\u00e7in de okunmas\u0131 gereken bir k\u0131lavuz \u00f6zelli\u011fi ta\u015f\u0131yor. <\/p>\n","protected":false},"excerpt":{"rendered":"<p>Sinema \u00e7al\u0131\u015fmalar\u0131n\u0131n ve sinemay\u0131 \u00f6\u011frenmenin en \u00f6nemli alanlar\u0131ndan biri, hi\u00e7 ku\u015fkusuz, \u201cfilm ele\u015ftirisi\u201ddir. Film ele\u015ftirisiyle ili\u015fki izleyiciyi\/okuru edilgenlikten kurtar\u0131r. Disiplinler aras\u0131 alg\u0131 yarat\u0131r. Filme, sinemaya ve<span class=\"excerpt-hellip\"> [\u2026]<\/span><\/p>\n","protected":false},"featured_media":0,"template":"","meta":{"_monsterinsights_skip_tracking":false,"_monsterinsights_sitenote_active":false,"_monsterinsights_sitenote_note":"","_monsterinsights_sitenote_category":0},"product_brand":[],"product_cat":[12409,12408],"product_tag":[],"class_list":{"0":"post-690283","1":"product","2":"type-product","3":"status-publish","5":"product_cat-fotograf-sinema-tiyatro","6":"product_cat-sanat","7":"pa_cilt-ciltsiz","8":"pa_tur-kitap","9":"pa_yayinevi-ayrinti-yayinlari","10":"pa_yazar-lale-kabadayi","12":"first","13":"instock","14":"sale","15":"shipping-taxable","16":"purchasable","17":"product-type-simple"},"_links":{"self":[{"href":"https:\/\/roveyayinevi.com.tr\/index.php\/wp-json\/wp\/v2\/product\/690283","targetHints":{"allow":["GET"]}}],"collection":[{"href":"https:\/\/roveyayinevi.com.tr\/index.php\/wp-json\/wp\/v2\/product"}],"about":[{"href":"https:\/\/roveyayinevi.com.tr\/index.php\/wp-json\/wp\/v2\/types\/product"}],"wp:attachment":[{"href":"https:\/\/roveyayinevi.com.tr\/index.php\/wp-json\/wp\/v2\/media?parent=690283"}],"wp:term":[{"taxonomy":"product_brand","embeddable":true,"href":"https:\/\/roveyayinevi.com.tr\/index.php\/wp-json\/wp\/v2\/product_brand?post=690283"},{"taxonomy":"product_cat","embeddable":true,"href":"https:\/\/roveyayinevi.com.tr\/index.php\/wp-json\/wp\/v2\/product_cat?post=690283"},{"taxonomy":"product_tag","embeddable":true,"href":"https:\/\/roveyayinevi.com.tr\/index.php\/wp-json\/wp\/v2\/product_tag?post=690283"}],"curies":[{"name":"wp","href":"https:\/\/api.w.org\/{rel}","templated":true}]}}