{"id":690282,"date":"2025-08-27T13:51:05","date_gmt":"2025-08-27T10:51:05","guid":{"rendered":"https:\/\/roveyayinevi.com.tr\/index.php\/urun\/felsefe-sahnesi\/"},"modified":"2026-04-16T01:59:52","modified_gmt":"2026-04-15T22:59:52","slug":"felsefe-sahnesi","status":"publish","type":"product","link":"https:\/\/roveyayinevi.com.tr\/index.php\/urun\/felsefe-sahnesi\/","title":{"rendered":"Felsefe Sahnesi"},"content":{"rendered":"<p>Felsefe Sahnesi, daha \u00e7ok Foucault&#8217;nun 1960&#8217;lar ile 1970&#8217;lerin ba\u015f\u0131nda kaleme ald\u0131\u011f\u0131 yaz\u0131lar ile yapt\u0131\u011f\u0131 s\u00f6yle\u015fileri kaps\u0131yor. Bu d\u00f6nemde Foucault sadece Fransa&#8217;n\u0131n de\u011fil, ayn\u0131 zamanda Bat\u0131 entelekt\u00fcel d\u00fcnyas\u0131n\u0131n g\u00fcndemine de tam anlam\u0131yla oturmu\u015f ve \u00f6zellikle incelemelerinde kuland\u0131\u011f\u0131 ara\u015ft\u0131rma ve kavramsalla\u015ft\u0131rma y\u00f6ntemleri \u00e7er\u00e7evesinde hararetli bir tart\u0131\u015fma yaratm\u0131\u015ft\u0131. Foucault&#8217;nun &#8220;arkeoloji&#8221; ad\u0131n\u0131 verdi\u011fi \u00e7al\u0131\u015fmalar\u0131n\u0131n asl\u0131nda bir t\u00fcr yap\u0131salc\u0131l\u0131k oldu\u011funu ve tarih boyutunu d\u0131\u015far\u0131da b\u0131rakt\u0131\u011f\u0131n\u0131 \u00f6ne s\u00fcren bir ele\u015ftiri \u00e7izgisi, genel anlamda yap\u0131salc\u0131l\u0131k ele\u015ftirileriyle b\u00fct\u00fcnle\u015fmi\u015fti. Felsefe Sahnesi&#8217;ni olu\u015fturan metinlerin \u00f6nemli bir k\u0131sm\u0131 bu t\u00fcr ele\u015ftirilere kapsaml\u0131 bir cevap niteli\u011fi ta\u015f\u0131yor. Yap\u0131salc\u0131l\u0131k kavram\u0131n\u0131n i\u00e7eri\u011fini, \u00f6zellikle de tarih ile ili\u015fkisini ayr\u0131nt\u0131l\u0131 olarak tart\u0131\u015fan Foucault, bir yandan bu ak\u0131m\u0131n ba\u015flang\u0131\u00e7ta sadece belli bir t\u00fcr tarih anlay\u0131\u015f\u0131n\u0131 reddetti\u011fini; bir yandanda tan\u0131mlamay\u0131 iderek g\u00fc\u00e7 k\u0131lacak bir bi\u00e7imde geni\u015fleyen ve \u00e7e\u015fitlenen bir d\u00fc\u015f\u00fcnme ve analiz bi\u00e7imine d\u00f6n\u00fc\u015ft\u00fc\u011f\u00fcn\u00fc, tam da bu y\u00fczden &#8220;yap\u0131salc\u0131&#8221; kavram\u0131 alt\u0131nda s\u0131n\u0131fland\u0131r\u0131lan d\u00fc\u015f\u00fcn\u00fcrlerde pek az ortak yan bulunabilece\u011fini vurguluyor. Benzeri bir tepkiyi daha sonraki y\u0131llarda kendi d\u00fc\u015f\u00fcncesinin postmodern ya da postyap\u0131salc\u0131 olarak tan\u0131mlanmas\u0131na kar\u015f\u0131 da g\u00f6steren Foucault, t\u0131pk\u0131 yap\u0131salc\u0131l\u0131k gibi bu kavramlar\u0131n da kesin olarak tan\u0131mlanabilece\u011fine inanmad\u0131\u011f\u0131n\u0131 dile getiriyor ve bu t\u00fcr s\u0131n\u0131fland\u0131rmalar\u0131 reddediyor.Felsefe Sahnesi&#8217;ni \u00f6nemli k\u0131lan nedenlerden biri de Foucault&#8217;nun d\u00fc\u015f\u00fcnce \u00e7izgisinin izledi\u011fi yol ile ilgili birtak\u0131m kal\u0131pla\u015fm\u0131\u015f yorumar\u0131 k\u0131rabilecek ipu\u00e7lar\u0131 vermesi. Bu \u00e7izgide \u00f6nemli k\u0131r\u0131lmalar oldu\u011fu ve her biri yeni bir d\u00f6nem ba\u015flatan s\u00f6z konusu k\u0131r\u0131lmalar\u0131n sadece d\u00fc\u015f\u00fcn\u00fcr\u00fcn kulland\u0131\u011f\u0131 y\u00f6ntemde de\u011fil, se\u00e7ti\u011fi ara\u015ft\u0131rma alanlar\u0131 ile temel felsefi sorular kar\u015f\u0131s\u0131nda benimsedi\u011fi tutumda da belirginle\u015fti\u011fi g\u00f6r\u00fc\u015f\u00fc s\u0131k\u00e7a dile getirilir. Oysa Felsefe Sahnesi&#8217;nde yer alan ve Foucault&#8217;nun d\u00fc\u015f\u00fcncesindeki derin bir s\u00fcreklili\u011fe i\u015faret eden baz\u0131 metinler bu g\u00f6r\u00fc\u015f\u00fc ku\u015fkuyla kar\u015f\u0131lamay\u0131 gerektiriyor.Felsefe Sahnesi sadece Foucault&#8217;yu de\u011fil, Foucault \u00fczerinde etkili olmu\u015f entelekt\u00fcel isim ve ak\u0131mlar\u0131 tart\u0131\u015fmak i\u00e7in de zengin bir birikim sunuyor. Foucault&#8217;nun \u00f6zellikle yorumbilgisi \u00e7er\u00e7evesindeki Nietzsche, Freud ve Marx&#8217;\u0131; Jean Hyppolite \u00fczerine yazarken Kant ve Hegel&#8217;i; soybilimi tarif ederken Nietzsche&#8217;yi; Georges Canguilhem&#8217;i tan\u0131t\u0131rken yine Nietzsche&#8217;den Frankfurt Okulu&#8217;na uzanan yo\u011fun bir gelene\u011fi; Cassirer \u00fczerine yaz\u0131s\u0131nda yeni-Kant\u00e7\u0131l\u0131\u011f\u0131 ve nihayet yirminci y\u00fczy\u0131la damgas\u0131n\u0131 vuracak d\u00fc\u015f\u00fcn\u00fcr olarak g\u00f6rd\u00fc\u011f\u00fc \u00e7a\u011fda\u015f\u0131 Deleuze&#8217;\u00fc tart\u0131\u015ft\u0131\u011f\u0131 yaz\u0131lar\u0131, felsefe prati\u011fine hem i\u00e7eriden hem de d\u0131\u015far\u0131dan bakabilen ve ele\u015ftirel gelene\u011fi b\u00fcy\u00fck bir ustal\u0131kla beklenmedik noktalara g\u00f6t\u00fcren metinler. <\/p>\n","protected":false},"excerpt":{"rendered":"<p>Felsefe Sahnesi, daha \u00e7ok Foucault&#8217;nun 1960&#8217;lar ile 1970&#8217;lerin ba\u015f\u0131nda kaleme ald\u0131\u011f\u0131 yaz\u0131lar ile yapt\u0131\u011f\u0131 s\u00f6yle\u015fileri kaps\u0131yor. Bu d\u00f6nemde Foucault sadece Fransa&#8217;n\u0131n de\u011fil, ayn\u0131 zamanda Bat\u0131 entelekt\u00fcel<span class=\"excerpt-hellip\"> [\u2026]<\/span><\/p>\n","protected":false},"featured_media":0,"template":"","meta":{"_monsterinsights_skip_tracking":false,"_monsterinsights_sitenote_active":false,"_monsterinsights_sitenote_note":"","_monsterinsights_sitenote_category":0},"product_brand":[],"product_cat":[12389,12388],"product_tag":[],"class_list":{"0":"post-690282","1":"product","2":"type-product","3":"status-publish","5":"product_cat-diger-felsefe","6":"product_cat-felsefe","7":"pa_cilt-ciltsiz","8":"pa_tur-kitap","9":"pa_yayinevi-ayrinti-yayinlari","10":"pa_yazar-michel-foucault","12":"first","13":"instock","14":"sale","15":"shipping-taxable","16":"purchasable","17":"product-type-simple"},"_links":{"self":[{"href":"https:\/\/roveyayinevi.com.tr\/index.php\/wp-json\/wp\/v2\/product\/690282","targetHints":{"allow":["GET"]}}],"collection":[{"href":"https:\/\/roveyayinevi.com.tr\/index.php\/wp-json\/wp\/v2\/product"}],"about":[{"href":"https:\/\/roveyayinevi.com.tr\/index.php\/wp-json\/wp\/v2\/types\/product"}],"wp:attachment":[{"href":"https:\/\/roveyayinevi.com.tr\/index.php\/wp-json\/wp\/v2\/media?parent=690282"}],"wp:term":[{"taxonomy":"product_brand","embeddable":true,"href":"https:\/\/roveyayinevi.com.tr\/index.php\/wp-json\/wp\/v2\/product_brand?post=690282"},{"taxonomy":"product_cat","embeddable":true,"href":"https:\/\/roveyayinevi.com.tr\/index.php\/wp-json\/wp\/v2\/product_cat?post=690282"},{"taxonomy":"product_tag","embeddable":true,"href":"https:\/\/roveyayinevi.com.tr\/index.php\/wp-json\/wp\/v2\/product_tag?post=690282"}],"curies":[{"name":"wp","href":"https:\/\/api.w.org\/{rel}","templated":true}]}}