{"id":690281,"date":"2025-08-27T13:51:05","date_gmt":"2025-08-27T10:51:05","guid":{"rendered":"https:\/\/roveyayinevi.com.tr\/index.php\/urun\/fasist-ideolojinin-dogusu\/"},"modified":"2026-04-16T01:59:52","modified_gmt":"2026-04-15T22:59:52","slug":"fasist-ideolojinin-dogusu","status":"publish","type":"product","link":"https:\/\/roveyayinevi.com.tr\/index.php\/urun\/fasist-ideolojinin-dogusu\/","title":{"rendered":"Fa\u015fist \u0130deolojinin Do\u011fu\u015fu"},"content":{"rendered":"<p>\u0130srail\u2019li bir tarih\u00e7i ve d\u00fcnyan\u0131n \u00f6nde gelen fa\u015fizm uzmanlar\u0131ndan biri olan Zeev Sternhell\u2019in en \u00f6nemli \u00e7al\u0131\u015fmas\u0131d\u0131r. Fa\u015fist \u0130deolojinin Do\u011fu\u015fu. Sternhell bu kitapta fa\u015fist ideolojinin k\u00f6klerini ve fa\u015fist hareketin geli\u015fimini b\u00fcy\u00fck bir titizlikle irdeliyor ve tam bir soya\u011fac\u0131 \u00e7\u0131kar\u0131yor. Bunu yaparken, ger\u00e7ek be\u015fi\u011fi dedi\u011fi Fransa\u2019daki do\u011fumundan, \u0130talya\u2019da, 1914\u2019ten itibaren milliyet\u00e7iler ve f\u00fct\u00fcristlerle birle\u015fip \u00e7i\u00e7ekleni\u015finin izinde, s\u0131rt\u0131n\u0131 dayad\u0131\u011f\u0131 toplumsal mitler, yaratt\u0131\u011f\u0131 psikolojik ve ahlaki z\u0131tl\u0131klara kadar, fa\u015fizmin b\u00fct\u00fcn geli\u015fim a\u015famalar\u0131n\u0131 g\u00f6zler \u00f6n\u00fcne seriyor. Ayr\u0131ca Sternhell, Marksizm\u2019in anti-materyalist ve anti-rasyonalist Sorelci devrimci revizyonunun, kayg\u0131lar\u0131 ekonomik olmaktan \u00e7ok etik ve ahlaki olan bir revizyonun neden oldu\u011fu tart\u0131\u015fmalar\u0131n \u0131\u015f\u0131\u011f\u0131nda, militan fa\u015fizmin pek \u00e7ok siyasi ve entelekt\u00fcel temsilcisini (Mussolini, Valois, Mosley, Jos\u00e9 Antonio Primo du Rivera) oldu\u011fu kadar fa\u015fizme organik olarak ba\u011fl\u0131 olmayan siyaset\u00e7iler ve \u00f6zellikle Nietzsche, Sorel, Barr\u00e8s, Labriola, Pareto, Corradini gibi d\u00fc\u015f\u00fcn\u00fcrleri de tek tek irdeliyor. <\/p>\n","protected":false},"excerpt":{"rendered":"<p>\u0130srail\u2019li bir tarih\u00e7i ve d\u00fcnyan\u0131n \u00f6nde gelen fa\u015fizm uzmanlar\u0131ndan biri olan Zeev Sternhell\u2019in en \u00f6nemli \u00e7al\u0131\u015fmas\u0131d\u0131r. Fa\u015fist \u0130deolojinin Do\u011fu\u015fu. Sternhell bu kitapta fa\u015fist ideolojinin k\u00f6klerini ve<span class=\"excerpt-hellip\"> [\u2026]<\/span><\/p>\n","protected":false},"featured_media":0,"template":"","meta":{"_monsterinsights_skip_tracking":false,"_monsterinsights_sitenote_active":false,"_monsterinsights_sitenote_note":"","_monsterinsights_sitenote_category":0},"product_brand":[],"product_cat":[13656,12337],"product_tag":[],"class_list":{"0":"post-690281","1":"product","2":"type-product","3":"status-publish","5":"product_cat-azinliklar-etnik-sorunlar","6":"product_cat-politika-siyaset","7":"pa_cilt-ciltsiz","8":"pa_tur-kitap","9":"pa_yayinevi-ayrinti-yayinlari","10":"pa_yazar-mario-sznajder","12":"first","13":"instock","14":"sale","15":"shipping-taxable","16":"purchasable","17":"product-type-simple"},"_links":{"self":[{"href":"https:\/\/roveyayinevi.com.tr\/index.php\/wp-json\/wp\/v2\/product\/690281","targetHints":{"allow":["GET"]}}],"collection":[{"href":"https:\/\/roveyayinevi.com.tr\/index.php\/wp-json\/wp\/v2\/product"}],"about":[{"href":"https:\/\/roveyayinevi.com.tr\/index.php\/wp-json\/wp\/v2\/types\/product"}],"wp:attachment":[{"href":"https:\/\/roveyayinevi.com.tr\/index.php\/wp-json\/wp\/v2\/media?parent=690281"}],"wp:term":[{"taxonomy":"product_brand","embeddable":true,"href":"https:\/\/roveyayinevi.com.tr\/index.php\/wp-json\/wp\/v2\/product_brand?post=690281"},{"taxonomy":"product_cat","embeddable":true,"href":"https:\/\/roveyayinevi.com.tr\/index.php\/wp-json\/wp\/v2\/product_cat?post=690281"},{"taxonomy":"product_tag","embeddable":true,"href":"https:\/\/roveyayinevi.com.tr\/index.php\/wp-json\/wp\/v2\/product_tag?post=690281"}],"curies":[{"name":"wp","href":"https:\/\/api.w.org\/{rel}","templated":true}]}}