{"id":690280,"date":"2025-08-27T13:51:05","date_gmt":"2025-08-27T10:51:05","guid":{"rendered":"https:\/\/roveyayinevi.com.tr\/index.php\/urun\/bir-ekonomik-tetikcinin-itiraflari-1\/"},"modified":"2026-04-16T01:59:52","modified_gmt":"2026-04-15T22:59:52","slug":"bir-ekonomik-tetikcinin-itiraflari-1","status":"publish","type":"product","link":"https:\/\/roveyayinevi.com.tr\/index.php\/urun\/bir-ekonomik-tetikcinin-itiraflari-1\/","title":{"rendered":"Bir Ekonomik Tetik\u00e7inin \u0130tiraflar\u0131 1"},"content":{"rendered":"<p>&#8216;Ekonomik tetik\u00e7iler (ET&#8217;ler) yerk\u00fcre \u00fczerindeki \u00fclkeleri trilyonlarca dolar doland\u0131ran y\u00fcksek \u00fccretli profesyonellerdir. D\u00fcnya Bankas\u0131, ABD Uluslar aras\u0131 Kalk\u0131nma Ajans\u0131 ve di\u011fer yabanc\u0131 &#8220;yard\u0131m&#8221; kurulu\u015flar\u0131ndan b\u00fcy\u00fck \u015firketlerin kasalar\u0131na ve gezegenimizin tabii kaynaklar\u0131n\u0131 kontrol eden birka\u00e7 varl\u0131kl\u0131 ailenin ceplerine para aktar\u0131rlar. Kulland\u0131klar\u0131 ara\u00e7lar aras\u0131nda sahte finansal raporlar, hileli se\u00e7imler, r\u00fc\u015fvet, zorbal\u0131k, seks ve cinayet bulunmaktad\u0131r. Oynad\u0131klar\u0131 oyun imparatorluklar kadar eski olmas\u0131na ra\u011fmen, g\u00fcn\u00fcm\u00fczdeki k\u00fcreselle\u015fme s\u00fcrecinde yeni ve korkutucu bir boyuta ula\u015fm\u0131\u015ft\u0131r. Nereden mi biliyorum; ben de bir ET idim.&#8217;D\u00fcnyam\u0131z\u0131 kimler y\u00f6netiyor? Kirli aileler, kirli \u015firketler.Kalk\u0131nd\u0131rma yalan\u0131 alt\u0131nda -milyarlarca dolarl\u0131k- \u015fi\u015firilmi\u015f projeler ve bu projeleri &#8216;bilimsel&#8217; g\u00f6steren, \u00fcniversite kitaplar\u0131na bile ge\u00e7mi\u015f raporlar, teoriler. Maalesef bu kez komplo de\u011filler! Hedef \u00fclkeler, hedef y\u00f6neticiler; ya sat\u0131lacaklar, ya da \u00f6lecekler. Hepsi ya\u015fanm\u0131\u015f, hepsi ger\u00e7ekY\u00f6ntem \u00e7ok, ama\u00e7 tek: \u015e\u0130RKETOKRAS\u0130 \u0130LE Y\u00d6NET\u0130LEN &#8216;K\u00dcRESEL \u0130MPARATORLUK&#8217; <\/p>\n","protected":false},"excerpt":{"rendered":"<p>&#8216;Ekonomik tetik\u00e7iler (ET&#8217;ler) yerk\u00fcre \u00fczerindeki \u00fclkeleri trilyonlarca dolar doland\u0131ran y\u00fcksek \u00fccretli profesyonellerdir. D\u00fcnya Bankas\u0131, ABD Uluslar aras\u0131 Kalk\u0131nma Ajans\u0131 ve di\u011fer yabanc\u0131 &#8220;yard\u0131m&#8221; kurulu\u015flar\u0131ndan b\u00fcy\u00fck \u015firketlerin<span class=\"excerpt-hellip\"> [\u2026]<\/span><\/p>\n","protected":false},"featured_media":0,"template":"","meta":{"_monsterinsights_skip_tracking":false,"_monsterinsights_sitenote_active":false,"_monsterinsights_sitenote_note":"","_monsterinsights_sitenote_category":0},"product_brand":[],"product_cat":[12338,12337],"product_tag":[],"class_list":{"0":"post-690280","1":"product","2":"type-product","3":"status-publish","5":"product_cat-dunya-siyaseti-ve-politikasi","6":"product_cat-politika-siyaset","7":"pa_cilt-ciltsiz","8":"pa_tur-kitap","9":"pa_yayinevi-april-yayincilik","10":"pa_yazar-john-perkins","12":"first","13":"instock","14":"sale","15":"shipping-taxable","16":"purchasable","17":"product-type-simple"},"_links":{"self":[{"href":"https:\/\/roveyayinevi.com.tr\/index.php\/wp-json\/wp\/v2\/product\/690280","targetHints":{"allow":["GET"]}}],"collection":[{"href":"https:\/\/roveyayinevi.com.tr\/index.php\/wp-json\/wp\/v2\/product"}],"about":[{"href":"https:\/\/roveyayinevi.com.tr\/index.php\/wp-json\/wp\/v2\/types\/product"}],"wp:attachment":[{"href":"https:\/\/roveyayinevi.com.tr\/index.php\/wp-json\/wp\/v2\/media?parent=690280"}],"wp:term":[{"taxonomy":"product_brand","embeddable":true,"href":"https:\/\/roveyayinevi.com.tr\/index.php\/wp-json\/wp\/v2\/product_brand?post=690280"},{"taxonomy":"product_cat","embeddable":true,"href":"https:\/\/roveyayinevi.com.tr\/index.php\/wp-json\/wp\/v2\/product_cat?post=690280"},{"taxonomy":"product_tag","embeddable":true,"href":"https:\/\/roveyayinevi.com.tr\/index.php\/wp-json\/wp\/v2\/product_tag?post=690280"}],"curies":[{"name":"wp","href":"https:\/\/api.w.org\/{rel}","templated":true}]}}