{"id":690278,"date":"2025-08-27T13:51:05","date_gmt":"2025-08-27T10:51:05","guid":{"rendered":"https:\/\/roveyayinevi.com.tr\/index.php\/urun\/elestirel-psikoloji\/"},"modified":"2026-04-16T01:59:52","modified_gmt":"2026-04-15T22:59:52","slug":"elestirel-psikoloji","status":"publish","type":"product","link":"https:\/\/roveyayinevi.com.tr\/index.php\/urun\/elestirel-psikoloji\/","title":{"rendered":"Ele\u015ftirel Psikoloji"},"content":{"rendered":"<p>Psikoloji dedi\u011fimizde akl\u0131m\u0131za delilik, TV dizileri, evlilik programlar\u0131, sabah \u015fovlar\u0131, ki\u015fisel geli\u015fim kitaplar\u0131, iyi anne baba olma yollar\u0131 geliyor art\u0131k son zamanlarda. Psikolojinin popu\u0308lerku\u0308ltu\u0308re yans\u0131mas\u0131 bunlar olsa da, bu kitapta ne bunlar\u0131 ne de anaak\u0131m psikolojik bilgiyi bulacaks\u0131n\u0131z. Ele\u015ftirel Psikoloji kitab\u0131n\u0131n edit\u00f6r ve yazarlar\u0131ndan DennisFox\u2019un ifade etti\u011fi gibi, \u201cU\u011fra\u015fmas\u0131 en zor olan \u015feylerden biri de, \u00e7o\u011fu psikologun, \u00e7al\u0131\u015fmas\u0131n\u0131n apolitik oldu\u011funa dair inanc\u0131d\u0131r. \u00c7o\u011fu psikolog insanlara sadece yard\u0131m etti\u011fini du\u0308\u015fu\u0308nu\u0308yor. Asl\u0131na bak\u0131l\u0131rsa her ne kadar insanlara yard\u0131m etmeye \u00e7al\u0131\u015f\u0131yor olsalar da, yapt\u0131klar\u0131 \u00e7al\u0131\u015fmalar \u00e7o\u011fu zaman fark\u0131nda olmad\u0131klar\u0131 varsay\u0131mlar\u0131 ta\u015f\u0131r.\u201d Ele\u015ftirel psikoloji, psikolojiye ba\u015fka bir yerden bak\u0131yor; insan\u0131 i\u00e7inde ya\u015fad\u0131\u011f\u0131 toplumsal ba\u011flamda anlamaya ve insan\u0131 toplumdan etkilendi\u011fi kadar onu etkileyebilme potansiyeline sahip bir \u00f6zne olarak ele almaya \u00e7al\u0131\u015f\u0131yor. \u201cEle\u015ftirel psikoloji, e\u015fitsiz olan, politik, ekonomik ve di\u011fer toplumsal yap\u0131lar\u0131n su\u0308rdu\u0308ru\u0308lmesini destekleyen anaak\u0131m psikolojinin i\u00e7indeki kuvvetlere kar\u015f\u0131 \u00e7\u0131kma \u00e7abas\u0131d\u0131r.\u201d Asl\u0131nda bu kitap, topluma psikoloji ile yeniden bakmak ve psikolojinin toplumsal de\u011fi\u015fimde nas\u0131l bir rol oynayabilece\u011fini g\u00f6rmek isteyenler i\u00e7in iyi bir kaynak. \u00dcstelik, psikolojiye merakl\u0131 herkes okuyabilsin diye, her b\u00f6lu\u0308mde, \u00f6nemli kavramlar\u0131 a\u00e7\u0131klayan bir s\u00f6zlu\u0308k\u00e7e, bir okuma listesi, faydal\u0131 olabilecek internet sitelerinin adresleri ve tart\u0131\u015fma sorular\u0131 yer al\u0131yor. <\/p>\n","protected":false},"excerpt":{"rendered":"<p>Psikoloji dedi\u011fimizde akl\u0131m\u0131za delilik, TV dizileri, evlilik programlar\u0131, sabah \u015fovlar\u0131, ki\u015fisel geli\u015fim kitaplar\u0131, iyi anne baba olma yollar\u0131 geliyor art\u0131k son zamanlarda. Psikolojinin popu\u0308lerku\u0308ltu\u0308re yans\u0131mas\u0131 bunlar<span class=\"excerpt-hellip\"> [\u2026]<\/span><\/p>\n","protected":false},"featured_media":0,"template":"","meta":{"_monsterinsights_skip_tracking":false,"_monsterinsights_sitenote_active":false,"_monsterinsights_sitenote_note":"","_monsterinsights_sitenote_category":0},"product_brand":[],"product_cat":[12358,12357],"product_tag":[],"class_list":{"0":"post-690278","1":"product","2":"type-product","3":"status-publish","5":"product_cat-genel-psikoloji","6":"product_cat-psikoloji","7":"pa_cilt-ciltsiz","8":"pa_tur-kitap","9":"pa_yayinevi-ayrinti-yayinlari","10":"pa_yazar-d-fox","12":"first","13":"instock","14":"sale","15":"shipping-taxable","16":"purchasable","17":"product-type-simple"},"_links":{"self":[{"href":"https:\/\/roveyayinevi.com.tr\/index.php\/wp-json\/wp\/v2\/product\/690278","targetHints":{"allow":["GET"]}}],"collection":[{"href":"https:\/\/roveyayinevi.com.tr\/index.php\/wp-json\/wp\/v2\/product"}],"about":[{"href":"https:\/\/roveyayinevi.com.tr\/index.php\/wp-json\/wp\/v2\/types\/product"}],"wp:attachment":[{"href":"https:\/\/roveyayinevi.com.tr\/index.php\/wp-json\/wp\/v2\/media?parent=690278"}],"wp:term":[{"taxonomy":"product_brand","embeddable":true,"href":"https:\/\/roveyayinevi.com.tr\/index.php\/wp-json\/wp\/v2\/product_brand?post=690278"},{"taxonomy":"product_cat","embeddable":true,"href":"https:\/\/roveyayinevi.com.tr\/index.php\/wp-json\/wp\/v2\/product_cat?post=690278"},{"taxonomy":"product_tag","embeddable":true,"href":"https:\/\/roveyayinevi.com.tr\/index.php\/wp-json\/wp\/v2\/product_tag?post=690278"}],"curies":[{"name":"wp","href":"https:\/\/api.w.org\/{rel}","templated":true}]}}