{"id":690277,"date":"2025-08-27T13:51:05","date_gmt":"2025-08-27T10:51:05","guid":{"rendered":"https:\/\/roveyayinevi.com.tr\/index.php\/urun\/edebiyat-ve-kotuluk\/"},"modified":"2026-04-16T01:59:52","modified_gmt":"2026-04-15T22:59:52","slug":"edebiyat-ve-kotuluk","status":"publish","type":"product","link":"https:\/\/roveyayinevi.com.tr\/index.php\/urun\/edebiyat-ve-kotuluk\/","title":{"rendered":"Edebiyat ve K\u00f6t\u00fcl\u00fck"},"content":{"rendered":"<p>\u00c7a\u011f\u0131m\u0131z\u0131n yaln\u0131zca edebiyat\u0131n\u0131 de\u011fil, d\u00fc\u015f\u00fcnce alan\u0131n\u0131 da derinden etkileyen; Derrida, Foucault, Barthes gibi yazarlar\u0131 sarsan; Breton ve Sartre ile yapt\u0131\u011f\u0131 polemiklerde s\u00f6z\u00fcn\u00fc sak\u0131nmayan Georges Bataille, Edebiyat ve K\u00f6t\u00fcl\u00fck\u2019te, hayat\u0131m\u0131z\u0131n en \u00f6nemli ger\u00e7eklerinden birini, K\u00f6t\u00fcl\u00fc\u011f\u00fc ele al\u0131yor. Hem de, K\u00f6t\u00fcl\u00fc\u011f\u00fcn ahl\u00e2k yoksunlu\u011funu de\u011fil, tam tersine ahl\u00e2k\u0131 hi\u00e7e sayan \u201cy\u00fcksek ahl\u00e2k\u201d\u0131 \u015fart ko\u015ftu\u011funu \u00f6ne s\u00fcrerek. Ba\u015fta \u015fehvet ve \u00f6l\u00fcm olmak \u00fczere yasaklar\u0131 a\u015fman\u0131n, kurallar\u0131 ihl\u00e2l etmenin \u201cy\u00fcksek ahl\u00e2k\u0131\u201d gerektirdi\u011fini, ya\u015fam\u0131 k\u0131\u015fk\u0131rtman\u0131n ve a\u015fman\u0131n da b\u00f6yle m\u00fcmk\u00fcn olabilece\u011fini ortaya koyuyor. Ona g\u00f6re, K\u00f6t\u00fcl\u00fck \u00f6zg\u00fcrl\u00fc\u011f\u00fc, de\u011ferin a\u015f\u0131r\u0131 bi\u00e7imlerine ula\u015fmam\u0131z\u0131 sa\u011flayabilir ve hi\u00e7 kimse bundan \u201cdaha uza\u011fa\u201d gidemez. \u00d6zg\u00fcrl\u00fck daima isyana a\u00e7\u0131lan kap\u0131d\u0131r. Ger\u00e7ek \u00f6zg\u00fcrl\u00fck ya\u015fam\u0131 k\u0131\u015fk\u0131rtmak ve a\u015fmakt\u0131r. \u00d6zg\u00fcrl\u00fc\u011f\u00fcn i\u00e7indeki K\u00f6t\u00fcl\u00fc\u011f\u00fc ortaya koymak uzla\u015fmac\u0131, konformist d\u00fc\u015f\u00fcnce tarz\u0131na kar\u015f\u0131 \u00e7\u0131kmak demektir. \u0130yili\u011fin tuttu\u011fu taraf boyun e\u011fmenin, itaatin saf\u0131d\u0131r. K\u00f6t\u00fcl\u00fck \u00f6zg\u00fcrl\u00fc\u011f\u00fcnde deh\u015feti buluruz: <\/p>\n","protected":false},"excerpt":{"rendered":"<p>\u00c7a\u011f\u0131m\u0131z\u0131n yaln\u0131zca edebiyat\u0131n\u0131 de\u011fil, d\u00fc\u015f\u00fcnce alan\u0131n\u0131 da derinden etkileyen; Derrida, Foucault, Barthes gibi yazarlar\u0131 sarsan; Breton ve Sartre ile yapt\u0131\u011f\u0131 polemiklerde s\u00f6z\u00fcn\u00fc sak\u0131nmayan Georges Bataille, Edebiyat<span class=\"excerpt-hellip\"> [\u2026]<\/span><\/p>\n","protected":false},"featured_media":0,"template":"","meta":{"_monsterinsights_skip_tracking":false,"_monsterinsights_sitenote_active":false,"_monsterinsights_sitenote_note":"","_monsterinsights_sitenote_category":0},"product_brand":[],"product_cat":[12389,12388],"product_tag":[],"class_list":{"0":"post-690277","1":"product","2":"type-product","3":"status-publish","5":"product_cat-diger-felsefe","6":"product_cat-felsefe","7":"pa_cilt-ciltsiz","8":"pa_tur-kitap","9":"pa_yayinevi-ayrinti-yayinlari","10":"pa_yazar-georges-bataille","12":"first","13":"instock","14":"sale","15":"shipping-taxable","16":"purchasable","17":"product-type-simple"},"_links":{"self":[{"href":"https:\/\/roveyayinevi.com.tr\/index.php\/wp-json\/wp\/v2\/product\/690277","targetHints":{"allow":["GET"]}}],"collection":[{"href":"https:\/\/roveyayinevi.com.tr\/index.php\/wp-json\/wp\/v2\/product"}],"about":[{"href":"https:\/\/roveyayinevi.com.tr\/index.php\/wp-json\/wp\/v2\/types\/product"}],"wp:attachment":[{"href":"https:\/\/roveyayinevi.com.tr\/index.php\/wp-json\/wp\/v2\/media?parent=690277"}],"wp:term":[{"taxonomy":"product_brand","embeddable":true,"href":"https:\/\/roveyayinevi.com.tr\/index.php\/wp-json\/wp\/v2\/product_brand?post=690277"},{"taxonomy":"product_cat","embeddable":true,"href":"https:\/\/roveyayinevi.com.tr\/index.php\/wp-json\/wp\/v2\/product_cat?post=690277"},{"taxonomy":"product_tag","embeddable":true,"href":"https:\/\/roveyayinevi.com.tr\/index.php\/wp-json\/wp\/v2\/product_tag?post=690277"}],"curies":[{"name":"wp","href":"https:\/\/api.w.org\/{rel}","templated":true}]}}