{"id":690276,"date":"2025-08-27T13:51:04","date_gmt":"2025-08-27T10:51:04","guid":{"rendered":"https:\/\/roveyayinevi.com.tr\/index.php\/urun\/entelektuel\/"},"modified":"2026-04-16T01:59:52","modified_gmt":"2026-04-15T22:59:52","slug":"entelektuel","status":"publish","type":"product","link":"https:\/\/roveyayinevi.com.tr\/index.php\/urun\/entelektuel\/","title":{"rendered":"Entelekt\u00fcel"},"content":{"rendered":"<p>Edward Said\u2019in bu \u00f6nemli kitab\u0131 T\u00fcrkiye ba\u011flam\u0131nda son derece ayr\u0131\u015ft\u0131r\u0131c\u0131 bir yere oturuyor. Said, entelekt\u00fceli \u00f6ncelikle otorite ve iktidara hizmet etmeyi reddedi\u015fiyle, sonra da milliyeti, dini, gelene\u011fi ile aras\u0131na koydu\u011fu mesafe ile tan\u0131ml\u0131yor. \u201cArt\u0131k ki\u015finin evinde, kendini evinde hissetmemesi bir ahl\u00e2k meselesidir\u201d diyen Adorno\u2019yu yank\u0131layarak entelekt\u00fceli metaforik bir s\u00fcrg\u00fcn, bir evsizlik konumuna yerle\u015ftiriyor. S\u00fcrg\u00fcn i\u00e7inde ya\u015fad\u0131\u011f\u0131 toplumun (ve hatta d\u00fcnyan\u0131n) yerlilerinden olmamay\u0131, orada hep tedirgin, rahats\u0131z ve ba\u015fkalar\u0131n\u0131 da rahats\u0131z eden bir yabanc\u0131 olmay\u0131 i\u00e7eren bir konum ona g\u00f6re. Ama ge\u00e7mi\u015finin, dilinin, milliyetinin sundu\u011fu ucuz kesinliklerin \u00f6tesine ge\u00e7ip evrensellik idealinde \u0131srar eden entelekt\u00fcel, hep marjinal kalmay\u0131 bir yoksunluk olarak de\u011fil, bir \u00f6zg\u00fcrl\u00fck, bir ke\u015fif s\u00fcreci olarak ya\u015far. <\/p>\n","protected":false},"excerpt":{"rendered":"<p>Edward Said\u2019in bu \u00f6nemli kitab\u0131 T\u00fcrkiye ba\u011flam\u0131nda son derece ayr\u0131\u015ft\u0131r\u0131c\u0131 bir yere oturuyor. Said, entelekt\u00fceli \u00f6ncelikle otorite ve iktidara hizmet etmeyi reddedi\u015fiyle, sonra da milliyeti, dini,<span class=\"excerpt-hellip\"> [\u2026]<\/span><\/p>\n","protected":false},"featured_media":0,"template":"","meta":{"_monsterinsights_skip_tracking":false,"_monsterinsights_sitenote_active":false,"_monsterinsights_sitenote_note":"","_monsterinsights_sitenote_category":0},"product_brand":[],"product_cat":[13633,12324],"product_tag":[],"class_list":{"0":"post-690276","1":"product","2":"type-product","3":"status-publish","5":"product_cat-kultur-ve-bilim","6":"product_cat-sosyoloji","7":"pa_cilt-ciltsiz","8":"pa_tur-kitap","9":"pa_yayinevi-ayrinti-yayinlari","10":"pa_yazar-edward-w-said","12":"first","13":"instock","14":"sale","15":"shipping-taxable","16":"purchasable","17":"product-type-simple"},"_links":{"self":[{"href":"https:\/\/roveyayinevi.com.tr\/index.php\/wp-json\/wp\/v2\/product\/690276","targetHints":{"allow":["GET"]}}],"collection":[{"href":"https:\/\/roveyayinevi.com.tr\/index.php\/wp-json\/wp\/v2\/product"}],"about":[{"href":"https:\/\/roveyayinevi.com.tr\/index.php\/wp-json\/wp\/v2\/types\/product"}],"wp:attachment":[{"href":"https:\/\/roveyayinevi.com.tr\/index.php\/wp-json\/wp\/v2\/media?parent=690276"}],"wp:term":[{"taxonomy":"product_brand","embeddable":true,"href":"https:\/\/roveyayinevi.com.tr\/index.php\/wp-json\/wp\/v2\/product_brand?post=690276"},{"taxonomy":"product_cat","embeddable":true,"href":"https:\/\/roveyayinevi.com.tr\/index.php\/wp-json\/wp\/v2\/product_cat?post=690276"},{"taxonomy":"product_tag","embeddable":true,"href":"https:\/\/roveyayinevi.com.tr\/index.php\/wp-json\/wp\/v2\/product_tag?post=690276"}],"curies":[{"name":"wp","href":"https:\/\/api.w.org\/{rel}","templated":true}]}}