{"id":690272,"date":"2025-08-27T13:51:04","date_gmt":"2025-08-27T10:51:04","guid":{"rendered":"https:\/\/roveyayinevi.com.tr\/index.php\/urun\/ben-ozelim\/"},"modified":"2026-04-16T01:59:52","modified_gmt":"2026-04-15T22:59:52","slug":"ben-ozelim","status":"publish","type":"product","link":"https:\/\/roveyayinevi.com.tr\/index.php\/urun\/ben-ozelim\/","title":{"rendered":"Ben \u00d6zelim"},"content":{"rendered":"<p>Hal Niedzviecki, Dikizleme G\u00fcnl\u00fc\u011f\u00fc\u2019n\u00fcn ard\u0131ndan, Ben \u00d6zelim\u2019de kendini \u00f6zel, t\u00fcr\u00fcn\u00fcn tek \u00f6rne\u011fi g\u00f6ren ve her f\u0131rsatta bunu g\u00f6z\u00fcm\u00fcze sokan herkese ac\u0131 bir ger\u00e7e\u011fi a\u00e7\u0131kl\u0131yor: B\u0130REYL\u0130K YEN\u0130 KONFORM\u0130ZMD\u0130R! Pop\u00fcler k\u00fclt\u00fcr\u00fcn, ki\u015fisel geli\u015fim end\u00fcstrisinin, Hollywood filmlerinin, ana ak\u0131m medyan\u0131n \u201cHerkes bir y\u0131ld\u0131zd\u0131r\u201d, \u201cYapabilirsin\u201d sloganlar\u0131yla \u015fi\u015firdi\u011fi yelkenler \u00f6zg\u00fcr ufuklara a\u00e7\u0131lmak yerine derinlikten yoksun yeralt\u0131 \u00f6zentilerinde, i\u00e7eriksiz bloglarda, d\u00f6vme ve piercing \u00e7\u0131lg\u0131nl\u0131\u011f\u0131nda, patencilerin k\u00fc\u00e7\u00fck d\u00fcnyalar\u0131nda s\u00f6n\u00fcp kal\u0131yor. K\u00fcresel pop\u00fcler k\u00fclt\u00fcr \u201calternatif\u201d, \u201cd\u00fczen d\u0131\u015f\u0131\u201d, \u201cmarjinal\u201d olma iddias\u0131ndaki her \u015feyi \u00e7abucak sar\u0131p sarmalayarak t\u00fcketim k\u00fclt\u00fcr\u00fcn\u00fcn emrine amade hale getiriyor. \u0130\u015fte bu kitap g\u00fcn\u00fcm\u00fcz d\u00fcnyas\u0131ndaki bu e\u011filimlerin izini s\u00fcrerek en \u00e7arp\u0131c\u0131 \u00f6rnekleri \u00f6n\u00fcm\u00fcze koyuyor. B\u00f6ylece, dini ibadet ve kutsal ayinler de dahil, her \u015feyin nas\u0131l g\u00f6steriye ve al\u0131n\u0131p sat\u0131lan bir metaya d\u00f6n\u00fc\u015ft\u00fc\u011f\u00fcne tan\u0131k oluyoruz. Hal Niedzviecki Ben \u00d6zelim adl\u0131 kitab\u0131yla d\u00fcnyam\u0131z ve kendimiz hakk\u0131nda d\u00fc\u015f\u00fcnme bi\u00e7imimizi k\u00f6kten sarsacak devrimci bir \u00e7al\u0131\u015fmaya imza at\u0131yor.\u201cHal Niedzviecki ger\u00e7ekten \u00f6zel biri&#8230; G\u00fcn\u00fcm\u00fcz k\u00fclt\u00fcr ele\u015ftirisi alan\u0131n\u0131n en zeki, en komik ve en keskin kalemi, ger\u00e7ek\u00fcst\u00fc bir d\u00fcnyan\u0131n ayaklar\u0131 yere sa\u011flam basan bir rehberidir kendisi.\u201d <\/p>\n","protected":false},"excerpt":{"rendered":"<p>Hal Niedzviecki, Dikizleme G\u00fcnl\u00fc\u011f\u00fc\u2019n\u00fcn ard\u0131ndan, Ben \u00d6zelim\u2019de kendini \u00f6zel, t\u00fcr\u00fcn\u00fcn tek \u00f6rne\u011fi g\u00f6ren ve her f\u0131rsatta bunu g\u00f6z\u00fcm\u00fcze sokan herkese ac\u0131 bir ger\u00e7e\u011fi a\u00e7\u0131kl\u0131yor: B\u0130REYL\u0130K YEN\u0130<span class=\"excerpt-hellip\"> [\u2026]<\/span><\/p>\n","protected":false},"featured_media":0,"template":"","meta":{"_monsterinsights_skip_tracking":false,"_monsterinsights_sitenote_active":false,"_monsterinsights_sitenote_note":"","_monsterinsights_sitenote_category":0},"product_brand":[],"product_cat":[13633,12324],"product_tag":[],"class_list":{"0":"post-690272","1":"product","2":"type-product","3":"status-publish","5":"product_cat-kultur-ve-bilim","6":"product_cat-sosyoloji","7":"pa_cilt-ciltsiz","8":"pa_tur-kitap","9":"pa_yayinevi-ayrinti-yayinlari","10":"pa_yazar-hal-niedzviecki","12":"first","13":"instock","14":"sale","15":"shipping-taxable","16":"purchasable","17":"product-type-simple"},"_links":{"self":[{"href":"https:\/\/roveyayinevi.com.tr\/index.php\/wp-json\/wp\/v2\/product\/690272","targetHints":{"allow":["GET"]}}],"collection":[{"href":"https:\/\/roveyayinevi.com.tr\/index.php\/wp-json\/wp\/v2\/product"}],"about":[{"href":"https:\/\/roveyayinevi.com.tr\/index.php\/wp-json\/wp\/v2\/types\/product"}],"wp:attachment":[{"href":"https:\/\/roveyayinevi.com.tr\/index.php\/wp-json\/wp\/v2\/media?parent=690272"}],"wp:term":[{"taxonomy":"product_brand","embeddable":true,"href":"https:\/\/roveyayinevi.com.tr\/index.php\/wp-json\/wp\/v2\/product_brand?post=690272"},{"taxonomy":"product_cat","embeddable":true,"href":"https:\/\/roveyayinevi.com.tr\/index.php\/wp-json\/wp\/v2\/product_cat?post=690272"},{"taxonomy":"product_tag","embeddable":true,"href":"https:\/\/roveyayinevi.com.tr\/index.php\/wp-json\/wp\/v2\/product_tag?post=690272"}],"curies":[{"name":"wp","href":"https:\/\/api.w.org\/{rel}","templated":true}]}}