{"id":690271,"date":"2025-08-27T13:51:04","date_gmt":"2025-08-27T10:51:04","guid":{"rendered":"https:\/\/roveyayinevi.com.tr\/index.php\/urun\/bastan-cikarma-uzerine\/"},"modified":"2026-04-11T13:18:57","modified_gmt":"2026-04-11T10:18:57","slug":"bastan-cikarma-uzerine","status":"publish","type":"product","link":"https:\/\/roveyayinevi.com.tr\/index.php\/urun\/bastan-cikarma-uzerine\/","title":{"rendered":"Ba\u015ftan \u00c7\u0131karma \u00dczerine"},"content":{"rendered":"<p>Ba\u015ftan \u00e7\u0131karma, Bat\u0131\u2019n\u0131n tarihinde, \u015eeytan\u2019\u0131n stratejisi olarak g\u00f6r\u00fcld\u00fc hep. K\u00f6t\u00fcl\u00fc\u011f\u00fcn stratejisiydi o, yery\u00fcz\u00fcndeki lanet, hayat\u0131n hilesi&#8230; G\u00fcn\u00fcm\u00fczde, Bat\u0131 k\u00fclt\u00fcr\u00fc, her \u015feyi, libidolar\u0131, enerjileri, cinselli\u011fi, k\u00f6t\u00fcl\u00fc\u011f\u00fc, sapk\u0131nl\u0131\u011f\u0131&#8230; serbest b\u0131rakt\u0131! Y\u00fckselen de\u011ferlerini, hortlatt\u0131\u011f\u0131 bu duygu ve enerjilerin t\u00fcketimi \u00fczerine kurdu. Ama ba\u015ftan \u00e7\u0131karma hala karanl\u0131kta; hatta iyice karanl\u0131\u011fa g\u00f6m\u00fcld\u00fc. Bir gecelik a\u015fklar, mekanik cinsellikler, sanal seksler \u00e7a\u011f\u0131nda, ba\u015ftan \u00e7\u0131karmaya, ba\u015ftan \u00e7\u0131karman\u0131n \u00f6rt\u00fcl\u00fc, mu\u011flak, gerilimli d\u00fcnyas\u0131na, fl\u00f6rte, \u00fctopik a\u015fka, a\u015fk \u00fctopyas\u0131na yer yok. Baudrillard, Ba\u015ftan \u00c7\u0131karma \u00dczerine\u2019de bizi ba\u015fka bir aleme ba\u015ftan \u00e7\u0131karman\u0131n o karanl\u0131k alemine s\u00fcr\u00fckl\u00fcyor. Ba\u015fka bir hayat tahayy\u00fcl\u00fcne dair rit\u00fcellerin, oyunlar\u0131n, kar\u015f\u0131l\u0131kl\u0131 kozlar\u0131n, at\u0131lan ve geri \u00e7ekilen ad\u0131mlar\u0131n, s\u00f6ylenen ve s\u00f6ylenmeyen s\u00f6zlerin, ka\u00e7amak bak\u0131\u015flar\u0131n, belli belirsiz dokunu\u015flar\u0131n, strateji ve taktiklerin bu d\u00fcnyas\u0131nda, kurulu d\u00fczene ait hi\u00e7bir \u015fey yok. De\u011fi\u015fmez, kal\u0131c\u0131, temelli hi\u00e7bir \u015fey yok. Ba\u015ftan \u00e7\u0131karma Tanr\u0131\u2019n\u0131n d\u00fczenini, \u00fcretimin ya da arzunun d\u00fczenini alt\u00fcst eder. T\u00fcm ortodoks hayatlar ve d\u00fc\u015f\u00fcnceler i\u00e7in bir tehdittir ba\u015ftan \u00e7\u0131karma; cinselli\u011fin, anlam\u0131n ve iktidar\u0131n alt\u00fcst olu\u015fudur. Ba\u015ftan \u00e7\u0131karan kimdir, ba\u015ftan \u00e7\u0131kar\u0131lan kimdir? Kim kimi ni\u00e7in, nas\u0131l ve ne zaman ba\u015ftan \u00e7\u0131kar\u0131r?&#8230; Belki de herkes hem ba\u015ftan \u00e7\u0131karmakta hem de ba\u015ftan \u00e7\u0131kmaktad\u0131r&#8230; Baudrillard, sorular\u0131n\u0131 ve yan\u0131tlar\u0131n\u0131 cinsellikten felsefeye, edebiyattan g\u00fcndelik hayata uzanan bir eksen \u00fczerinde i\u015fliyor. Kierkegaard\u2019\u0131n Ba\u015ftan \u00c7\u0131kar\u0131c\u0131n\u0131n G\u00fcnl\u00fc\u011f\u00fc ve Fowles\u2019in Koleksiyoncu\u2019su bu karanl\u0131k ve me\u015fum yolculu\u011fun \u00f6nemli g\u00fczergahlar\u0131 aras\u0131nda. Ba\u015ftan \u00c7\u0131karma \u00dczerine\u2019nin bizi davet etti\u011fi d\u00fcnyan\u0131n kendisi de ba\u015ftan \u00e7\u0131kar\u0131c\u0131. Bu Baudrillard metni, \u00fcmitsiz ve \u00e7\u0131k\u0131\u015fs\u0131z bir d\u00fcnyadaki varl\u0131\u011f\u0131m\u0131za ironiyle bakma imkan\u0131 sunarken unuttu\u011fumuz, unutmam\u0131z i\u00e7in her \u015feyin yap\u0131ld\u0131\u011f\u0131 bir kavram\u0131 da yeniden d\u00fcnyam\u0131za sokuyor: Ba\u015ftan \u00e7\u0131karma kaderdir \u00e7\u00fcnk\u00fc. <\/p>\n","protected":false},"excerpt":{"rendered":"<p>Ba\u015ftan \u00e7\u0131karma, Bat\u0131\u2019n\u0131n tarihinde, \u015eeytan\u2019\u0131n stratejisi olarak g\u00f6r\u00fcld\u00fc hep. K\u00f6t\u00fcl\u00fc\u011f\u00fcn stratejisiydi o, yery\u00fcz\u00fcndeki lanet, hayat\u0131n hilesi&#8230; G\u00fcn\u00fcm\u00fczde, Bat\u0131 k\u00fclt\u00fcr\u00fc, her \u015feyi, libidolar\u0131, enerjileri, cinselli\u011fi, k\u00f6t\u00fcl\u00fc\u011f\u00fc, sapk\u0131nl\u0131\u011f\u0131&#8230;<span class=\"excerpt-hellip\"> [\u2026]<\/span><\/p>\n","protected":false},"featured_media":0,"template":"","meta":{"_monsterinsights_skip_tracking":false,"_monsterinsights_sitenote_active":false,"_monsterinsights_sitenote_note":"","_monsterinsights_sitenote_category":0},"product_brand":[],"product_cat":[12389,12388],"product_tag":[],"class_list":{"0":"post-690271","1":"product","2":"type-product","3":"status-publish","5":"product_cat-diger-felsefe","6":"product_cat-felsefe","7":"pa_cilt-ciltsiz","8":"pa_tur-kitap","9":"pa_yayinevi-ayrinti-yayinlari","10":"pa_yazar-jean-baudrillard","12":"first","13":"instock","14":"sale","15":"shipping-taxable","16":"purchasable","17":"product-type-simple"},"_links":{"self":[{"href":"https:\/\/roveyayinevi.com.tr\/index.php\/wp-json\/wp\/v2\/product\/690271","targetHints":{"allow":["GET"]}}],"collection":[{"href":"https:\/\/roveyayinevi.com.tr\/index.php\/wp-json\/wp\/v2\/product"}],"about":[{"href":"https:\/\/roveyayinevi.com.tr\/index.php\/wp-json\/wp\/v2\/types\/product"}],"wp:attachment":[{"href":"https:\/\/roveyayinevi.com.tr\/index.php\/wp-json\/wp\/v2\/media?parent=690271"}],"wp:term":[{"taxonomy":"product_brand","embeddable":true,"href":"https:\/\/roveyayinevi.com.tr\/index.php\/wp-json\/wp\/v2\/product_brand?post=690271"},{"taxonomy":"product_cat","embeddable":true,"href":"https:\/\/roveyayinevi.com.tr\/index.php\/wp-json\/wp\/v2\/product_cat?post=690271"},{"taxonomy":"product_tag","embeddable":true,"href":"https:\/\/roveyayinevi.com.tr\/index.php\/wp-json\/wp\/v2\/product_tag?post=690271"}],"curies":[{"name":"wp","href":"https:\/\/api.w.org\/{rel}","templated":true}]}}