{"id":690270,"date":"2025-08-27T13:51:03","date_gmt":"2025-08-27T10:51:03","guid":{"rendered":"https:\/\/roveyayinevi.com.tr\/index.php\/urun\/ateizm\/"},"modified":"2026-04-16T01:59:51","modified_gmt":"2026-04-15T22:59:51","slug":"ateizm","status":"publish","type":"product","link":"https:\/\/roveyayinevi.com.tr\/index.php\/urun\/ateizm\/","title":{"rendered":"Ateizm"},"content":{"rendered":"<p>Robin Le Poidevin orta\u00e7a\u011f felsefesinin temel teistik arg\u00fcmanlar\u0131n\u0131 \u00e7\u00fcr\u00fctmek i\u00e7in analitik felsefeye ba\u015fvuruyor. Yazar, kitab\u0131 \u00fcniversite \u00f6\u011frencilerinin din felsefesi ya da metafizik derslerinde okutulabilecek bir metin olarak tasarlam\u0131\u015f. Kitapta tart\u0131\u015f\u0131lan meseleler de metafizik meseleler \u2013nedensellik, zaman, zorunluluk, ontoloji vs\u2013 olarak sunuluyor. Bunun d\u0131\u015f\u0131nda Tanr\u0131 varsa neden k\u00f6t\u00fcl\u00fck var sorusu ateizmin teizmi \u00e7\u00fcr\u00fctme konusunda elinde en \u00e7ok koz bulunduran arg\u00fcman. Kitab\u0131n son kesitinin konusu zaman\u0131n do\u011fas\u0131nda ise \u00f6l\u00fcme y\u00f6nelik tutumlar\u0131m\u0131z tart\u0131\u015f\u0131l\u0131yor. Yazar\u0131n dedi\u011fi \u00fczere bu metinde sunulan son kertede ateist bir tasavvur olsa da, din kar\u015f\u0131t\u0131 bir yakla\u015f\u0131m de\u011fildir. Bu metafizik meseleler aras\u0131nda en \u00f6nemlisi \u015f\u00f6yle s\u0131raland\u0131r\u0131labilir: \u201cEvren hi\u00e7likten var olmu\u015f olamaz; nihai bir nedeni olmak zorundad\u0131r, yani Tanr\u0131. (b) Tanr\u0131\u2019n\u0131n varolu\u015fu, di\u011fer t\u00fcrl\u00fc tamamen gizemli kalacak \u015feye, yani do\u011fa yasalar\u0131n\u0131n neden ak\u0131ll\u0131 ya\u015fam\u0131n do\u011fu\u015funa yol a\u00e7t\u0131\u011f\u0131n\u0131 a\u00e7\u0131klar. (c) Ancak bir Tanr\u0131\u2019n\u0131n var oldu\u011funu farz etti\u011fimizde, nesnel ahlaki de\u011ferlerin oldu\u011fu, herhangi sosyal team\u00fclden ba\u011f\u0131ms\u0131z olarak do\u011fru ile yanl\u0131\u015f aras\u0131nda bir fark oldu\u011fu fikri bize bir anlam ifade edebilir. (d) Sonsuz hayat rastlant\u0131s\u0131n\u0131 sunan bir Tanr\u0131 olmazsa, \u00f6l\u00fcm bizim i\u00e7in her \u015feyin sonudur, her \u015fey sadece gelip ge\u00e7icidir ve zaman\u0131n amans\u0131z ge\u00e7ip gidi\u015fi giri\u015fti\u011fimiz her projeyi nihayetinde gereksiz k\u0131lar.\u201d <\/p>\n","protected":false},"excerpt":{"rendered":"<p>Robin Le Poidevin orta\u00e7a\u011f felsefesinin temel teistik arg\u00fcmanlar\u0131n\u0131 \u00e7\u00fcr\u00fctmek i\u00e7in analitik felsefeye ba\u015fvuruyor. Yazar, kitab\u0131 \u00fcniversite \u00f6\u011frencilerinin din felsefesi ya da metafizik derslerinde okutulabilecek bir metin<span class=\"excerpt-hellip\"> [\u2026]<\/span><\/p>\n","protected":false},"featured_media":0,"template":"","meta":{"_monsterinsights_skip_tracking":false,"_monsterinsights_sitenote_active":false,"_monsterinsights_sitenote_note":"","_monsterinsights_sitenote_category":0},"product_brand":[],"product_cat":[16382,12718],"product_tag":[],"class_list":{"0":"post-690270","1":"product","2":"type-product","3":"status-publish","5":"product_cat-diger-inanclar","6":"product_cat-din","7":"pa_cilt-ciltsiz","8":"pa_tur-kitap","9":"pa_yayinevi-ayrinti-yayinlari","10":"pa_yazar-robin-le-poidevin","12":"first","13":"instock","14":"sale","15":"shipping-taxable","16":"purchasable","17":"product-type-simple"},"_links":{"self":[{"href":"https:\/\/roveyayinevi.com.tr\/index.php\/wp-json\/wp\/v2\/product\/690270","targetHints":{"allow":["GET"]}}],"collection":[{"href":"https:\/\/roveyayinevi.com.tr\/index.php\/wp-json\/wp\/v2\/product"}],"about":[{"href":"https:\/\/roveyayinevi.com.tr\/index.php\/wp-json\/wp\/v2\/types\/product"}],"wp:attachment":[{"href":"https:\/\/roveyayinevi.com.tr\/index.php\/wp-json\/wp\/v2\/media?parent=690270"}],"wp:term":[{"taxonomy":"product_brand","embeddable":true,"href":"https:\/\/roveyayinevi.com.tr\/index.php\/wp-json\/wp\/v2\/product_brand?post=690270"},{"taxonomy":"product_cat","embeddable":true,"href":"https:\/\/roveyayinevi.com.tr\/index.php\/wp-json\/wp\/v2\/product_cat?post=690270"},{"taxonomy":"product_tag","embeddable":true,"href":"https:\/\/roveyayinevi.com.tr\/index.php\/wp-json\/wp\/v2\/product_tag?post=690270"}],"curies":[{"name":"wp","href":"https:\/\/api.w.org\/{rel}","templated":true}]}}