{"id":690265,"date":"2025-08-27T13:51:02","date_gmt":"2025-08-27T10:51:02","guid":{"rendered":"https:\/\/roveyayinevi.com.tr\/index.php\/urun\/balkon\/"},"modified":"2026-04-16T01:59:51","modified_gmt":"2026-04-15T22:59:51","slug":"balkon","status":"publish","type":"product","link":"https:\/\/roveyayinevi.com.tr\/index.php\/urun\/balkon\/","title":{"rendered":"Balkon"},"content":{"rendered":"<p>Bayan Irma, Balkon adl\u0131 l\u00fcks bir genelevin, bir yan\u0131lsamalar evinin sahibesidir. Toplumun \u00f6nde gelen ki\u015fileri onun evine gelip, ac\u0131nas\u0131 zavall\u0131l\u0131klar\u0131ndan s\u0131yr\u0131larak, kibir ve sahte bir ac\u0131mas\u0131zl\u0131k kisvesi alt\u0131nda g\u00fc\u00e7l\u00fc olduklar\u0131n\u0131 hissetmek, d\u0131\u015f d\u00fcnyadan ka\u00e7mak isterler. Ne var ki fazla duygusal oldu\u011fu i\u00e7in bu genelevden kovulan Chantal\u2019in simgesi haline geldi\u011fi bir ayaklanma t\u00fcm dengeleri aniden alt\u00fcst eder. Bayan Irma krali\u00e7eye ve d\u00fcnya ise ger\u00e7ek bir geneleve d\u00f6n\u00fc\u015fm\u00fc\u015ft\u00fcr art\u0131k. \ufffcTan\u0131t\u0131m Metni<\/p>\n","protected":false},"excerpt":{"rendered":"<p>Bayan Irma, Balkon adl\u0131 l\u00fcks bir genelevin, bir yan\u0131lsamalar evinin sahibesidir. Toplumun \u00f6nde gelen ki\u015fileri onun evine gelip, ac\u0131nas\u0131 zavall\u0131l\u0131klar\u0131ndan s\u0131yr\u0131larak, kibir ve sahte bir ac\u0131mas\u0131zl\u0131k<span class=\"excerpt-hellip\"> [\u2026]<\/span><\/p>\n","protected":false},"featured_media":0,"template":"","meta":{"_monsterinsights_skip_tracking":false,"_monsterinsights_sitenote_active":false,"_monsterinsights_sitenote_note":"","_monsterinsights_sitenote_category":0},"product_brand":[],"product_cat":[12291,14272],"product_tag":[],"class_list":{"0":"post-690265","1":"product","2":"type-product","3":"status-publish","5":"product_cat-edebiyat","6":"product_cat-tiyatro","7":"pa_cilt-ciltsiz","8":"pa_tur-kitap","9":"pa_yayinevi-ayrinti-yayinlari","10":"pa_yazar-jean-genet","12":"first","13":"instock","14":"sale","15":"shipping-taxable","16":"purchasable","17":"product-type-simple"},"_links":{"self":[{"href":"https:\/\/roveyayinevi.com.tr\/index.php\/wp-json\/wp\/v2\/product\/690265","targetHints":{"allow":["GET"]}}],"collection":[{"href":"https:\/\/roveyayinevi.com.tr\/index.php\/wp-json\/wp\/v2\/product"}],"about":[{"href":"https:\/\/roveyayinevi.com.tr\/index.php\/wp-json\/wp\/v2\/types\/product"}],"wp:attachment":[{"href":"https:\/\/roveyayinevi.com.tr\/index.php\/wp-json\/wp\/v2\/media?parent=690265"}],"wp:term":[{"taxonomy":"product_brand","embeddable":true,"href":"https:\/\/roveyayinevi.com.tr\/index.php\/wp-json\/wp\/v2\/product_brand?post=690265"},{"taxonomy":"product_cat","embeddable":true,"href":"https:\/\/roveyayinevi.com.tr\/index.php\/wp-json\/wp\/v2\/product_cat?post=690265"},{"taxonomy":"product_tag","embeddable":true,"href":"https:\/\/roveyayinevi.com.tr\/index.php\/wp-json\/wp\/v2\/product_tag?post=690265"}],"curies":[{"name":"wp","href":"https:\/\/api.w.org\/{rel}","templated":true}]}}