{"id":690262,"date":"2025-08-27T13:51:02","date_gmt":"2025-08-27T10:51:02","guid":{"rendered":"https:\/\/roveyayinevi.com.tr\/index.php\/urun\/bakuninden-lacana\/"},"modified":"2026-04-16T01:59:51","modified_gmt":"2026-04-15T22:59:51","slug":"bakuninden-lacana","status":"publish","type":"product","link":"https:\/\/roveyayinevi.com.tr\/index.php\/urun\/bakuninden-lacana\/","title":{"rendered":"Bakunin\u2019den Lacan\u2019a"},"content":{"rendered":"<p>\u0130ktidar sorunu, hem siyasal teori tart\u0131\u015fmalar\u0131n\u0131n hem de radikal siyasal \u00e7\u00f6z\u00fcmlemelerin merkezine geri d\u00f6n\u00fcyor. \u0130ktidar ve otorite sorununun \u201cdevletten \u00f6te\u201dyi de i\u00e7eren \u00e7ok daha kapsaml\u0131 bir kavray\u0131\u015f\u0131 gerektirdi\u011fi art\u0131k a\u00e7\u0131k\u00e7a anla\u015f\u0131ld\u0131. \u0130ktidar ve otoritenin de\u011fi\u015fik bi\u00e7imleriyle y\u00fczle\u015fmek i\u00e7in klasik devrimci siyasetin dayand\u0131\u011f\u0131 kavramsal kategorilerin ve ak\u0131lc\u0131 s\u00f6ylemlerin baz\u0131lar\u0131n\u0131 \u201cyap\u0131s\u00f6k\u00fcme u\u011fratmak\u201d, iktidar\u0131 devirmeye y\u00f6nelik kimi \u201cdevrimci\u201d giri\u015fimlerin iktidar\u0131 yeniden \u00fcretti\u011fini g\u00f6stermek yeterli. Bu durum da iktidar\u0131n i\u00e7inden direni\u015fi teorile\u015ftirmenin baz\u0131 zorluklar\u0131yla hesapla\u015fmay\u0131 gerektiriyor. Bir kitap, hem bir yandan g\u00fcn\u00fcm\u00fcz\u00fcn radikal sol siyaseti i\u00e7in bir yakla\u015f\u0131m form\u00fcle etme aray\u0131\u015f\u0131ndakilere k\u0131\u015fk\u0131rt\u0131c\u0131 malzemeler sunarken bir yandan da kadim siyaset felsefesi tart\u0131\u015fmalar\u0131na nas\u0131l yeni bir alan a\u00e7abilir? Saul Newman bu zor terk edilir mevzilere y\u00f6nelik operasyonunu sakin bir dille ger\u00e7ekle\u015ftiriyor. Postyap\u0131salc\u0131 teorinin kimi temel d\u00fc\u015f\u00fcn\u00fcrlerinin yap\u0131tlar\u0131yla anar\u015fist siyasi gelene\u011fin klasik yazarlar\u0131n\u0131n g\u00f6r\u00fc\u015flerini kesi\u015ftirerek yeni bir anar\u015fizm siyaseti teorisi geli\u015ftirmeye koyuluyor. Bu hedef i\u00e7in \u00f6nce Marksist ve anar\u015fist siyasi geleneklerle hesapla\u015f\u0131yor ve anar\u015fizme daha yak\u0131n durmakla beraber her iki gelenekteki \u00f6zc\u00fc e\u011filimleri ele\u015ftiriyor; klasik anar\u015fizm ile klasik Marksizm aras\u0131ndaki tarihsel m\u00fcnaka\u015falar\u0131n temel unsurlar\u0131yla y\u00fczle\u015fmeye davet ediyor okuru. Postyap\u0131salc\u0131 teorinin nas\u0131l radikal siyasete evrilebilece\u011fine dair bir \u00f6neri ortaya koyarak, bu arg\u00fcmanlar\u0131n getirdi\u011fi ele\u015ftirileri mant\u0131kl\u0131 bulan ama buradan nas\u0131l bir siyasi projenin \u00e7\u0131kart\u0131labilece\u011fini g\u00f6remedi\u011fi i\u00e7in uzak duranlar\u0131n dikkatini \u00e7ekiyor. Nietzsche gibi postyap\u0131salc\u0131 d\u00fc\u015f\u00fcncenin \u00f6nc\u00fcllerinden biri olarak ele ald\u0131\u011f\u0131 Stirner\u2019i yaftalardan \u00f6zg\u00fcrle\u015ftiriyor ve tehlikeli bir siyasi fig\u00fcr haline getirmekten \u00e7ekinmiyor. Foucault, Deleuze ve Guattari ile Derrida\u2019n\u0131n \u00e7al\u0131\u015fmalar\u0131n\u0131 bu perspektifle ele al\u0131yor ve iktidar\u0131 kirlenmemi\u015f, saf bir D\u0131\u015far\u0131s\u0131 nosyonuna dayand\u0131rmaks\u0131z\u0131n radikal bir siyasi kalk\u0131\u015fman\u0131n nas\u0131l geli\u015ftirilebilece\u011fini \u00f6zenle tart\u0131\u015f\u0131yor. Bu ama\u00e7la ele ald\u0131\u011f\u0131 Lacan\u2019\u0131n D\u0131\u015far\u0131s\u0131 kavram\u0131n\u0131 \u00f6zc\u00fcl\u00fc\u011f\u00fc ve safl\u0131\u011f\u0131 d\u0131\u015flayan siyasi bir kalk\u0131\u015f noktas\u0131 olarak postyap\u0131salc\u0131 anar\u015fizmle bulu\u015fturuyor.Bu perspektifin g\u00fcn\u00fcm\u00fcz siyasi hareketlerindeki kar\u015f\u0131l\u0131klar\u0131 da g\u00fcndeme getiriliyor ve \u00f6zellikle Seattle \u201999 sonras\u0131 s\u00fcreci belirleyen alternatif k\u00fcreselle\u015fme hareketi ve Zapatistlerin merkezsiz ve hiyerar\u015fik olmayan siyaset ve karar alma bi\u00e7imlerine dikkat \u00e7ekilerek anar\u015fizmin gelece\u011fin radikal siyasetindeki etkili konumuna i\u015faret ediliyor.Okuyucu Newman\u2019\u0131n bu kitab\u0131nda, \u00e7a\u011fda\u015f siyasal teorinin en \u00f6nemli meselelerine dair olduk\u00e7a dikkatli, \u00f6zg\u00fcn ve kavray\u0131\u015f g\u00fcc\u00fc y\u00fcksek bir tart\u0131\u015fma bulacak. Ernesto Laclau <\/p>\n","protected":false},"excerpt":{"rendered":"<p>\u0130ktidar sorunu, hem siyasal teori tart\u0131\u015fmalar\u0131n\u0131n hem de radikal siyasal \u00e7\u00f6z\u00fcmlemelerin merkezine geri d\u00f6n\u00fcyor. \u0130ktidar ve otorite sorununun \u201cdevletten \u00f6te\u201dyi de i\u00e7eren \u00e7ok daha kapsaml\u0131 bir<span class=\"excerpt-hellip\"> [\u2026]<\/span><\/p>\n","protected":false},"featured_media":0,"template":"","meta":{"_monsterinsights_skip_tracking":false,"_monsterinsights_sitenote_active":false,"_monsterinsights_sitenote_note":"","_monsterinsights_sitenote_category":0},"product_brand":[],"product_cat":[12389,12388],"product_tag":[],"class_list":{"0":"post-690262","1":"product","2":"type-product","3":"status-publish","5":"product_cat-diger-felsefe","6":"product_cat-felsefe","7":"pa_cilt-ciltsiz","8":"pa_tur-kitap","9":"pa_yayinevi-ayrinti-yayinlari","10":"pa_yazar-saul-newman","12":"first","13":"instock","14":"sale","15":"shipping-taxable","16":"purchasable","17":"product-type-simple"},"_links":{"self":[{"href":"https:\/\/roveyayinevi.com.tr\/index.php\/wp-json\/wp\/v2\/product\/690262","targetHints":{"allow":["GET"]}}],"collection":[{"href":"https:\/\/roveyayinevi.com.tr\/index.php\/wp-json\/wp\/v2\/product"}],"about":[{"href":"https:\/\/roveyayinevi.com.tr\/index.php\/wp-json\/wp\/v2\/types\/product"}],"wp:attachment":[{"href":"https:\/\/roveyayinevi.com.tr\/index.php\/wp-json\/wp\/v2\/media?parent=690262"}],"wp:term":[{"taxonomy":"product_brand","embeddable":true,"href":"https:\/\/roveyayinevi.com.tr\/index.php\/wp-json\/wp\/v2\/product_brand?post=690262"},{"taxonomy":"product_cat","embeddable":true,"href":"https:\/\/roveyayinevi.com.tr\/index.php\/wp-json\/wp\/v2\/product_cat?post=690262"},{"taxonomy":"product_tag","embeddable":true,"href":"https:\/\/roveyayinevi.com.tr\/index.php\/wp-json\/wp\/v2\/product_tag?post=690262"}],"curies":[{"name":"wp","href":"https:\/\/api.w.org\/{rel}","templated":true}]}}