{"id":690261,"date":"2025-08-27T13:51:02","date_gmt":"2025-08-27T10:51:02","guid":{"rendered":"https:\/\/roveyayinevi.com.tr\/index.php\/urun\/asksiz-iliskiler\/"},"modified":"2026-04-16T01:59:51","modified_gmt":"2026-04-15T22:59:51","slug":"asksiz-iliskiler","status":"publish","type":"product","link":"https:\/\/roveyayinevi.com.tr\/index.php\/urun\/asksiz-iliskiler\/","title":{"rendered":"A\u015fks\u0131z \u0130li\u015fkiler"},"content":{"rendered":"<p>Samuel Beckett\u2019in t\u00fcm sanat\u0131, bireyin anlamland\u0131ramad\u0131\u011f\u0131, sanc\u0131l\u0131 bir varolu\u015f ser\u00fcveni i\u00e7inde ac\u0131 \u00e7ekmesi \u00fczerine kuruludur. Beckett, Descartes\u2019\u0131n \u00fcnl\u00fc s\u00f6ylemini, Ac\u0131 \u00e7ekiyorum, o halde var\u0131m bi\u00e7iminde yeniden dile getirmi\u015ftir adeta. Yaratt\u0131\u011f\u0131 ki\u015filikler d\u0131\u015f d\u00fcnyan\u0131n fiyasko sundan ka\u00e7maya \u00e7al\u0131\u015fan, yaln\u0131z, yorgun ve tekbenci kar\u015f\u0131-kahramanlard\u0131r. Bir ilk yap\u0131t olmas\u0131na kar\u015f\u0131n A\u015fks\u0131z \u0130li\u015fkiler Beckett\u2019in yazarl\u0131\u011f\u0131nda ve d\u00fcnya yaz\u0131n\u0131nda k\u00fc\u00e7\u00fcmsenmeyecek bir yere sahiptir. \u00d6yk\u00fclerin kahraman\u0131 Belacqua Shuah, modern yaz\u0131nda yabanc\u0131la\u015fmay\u0131 u\u00e7 noktalara ta\u015f\u0131yacak olan Beckett kar\u015f\u0131-kahramanlar\u0131n\u0131n \u00f6nc\u00fcs\u00fcd\u00fcr; modern d\u00fcnyan\u0131n anlams\u0131z kaosuna teslim olmak istemeyen, usunun d\u0131\u015f\u0131nda ak\u0131p giden g\u00fcnl\u00fck ya\u015fam kar\u015f\u0131s\u0131nda yaln\u0131zca bir izleyici, hatta kimi kez bir isyank\u00e2rd\u0131r. \ufffcTan\u0131t\u0131m Metni<\/p>\n","protected":false},"excerpt":{"rendered":"<p>Samuel Beckett\u2019in t\u00fcm sanat\u0131, bireyin anlamland\u0131ramad\u0131\u011f\u0131, sanc\u0131l\u0131 bir varolu\u015f ser\u00fcveni i\u00e7inde ac\u0131 \u00e7ekmesi \u00fczerine kuruludur. Beckett, Descartes\u2019\u0131n \u00fcnl\u00fc s\u00f6ylemini, Ac\u0131 \u00e7ekiyorum, o halde var\u0131m bi\u00e7iminde yeniden<span class=\"excerpt-hellip\"> [\u2026]<\/span><\/p>\n","protected":false},"featured_media":0,"template":"","meta":{"_monsterinsights_skip_tracking":false,"_monsterinsights_sitenote_active":false,"_monsterinsights_sitenote_note":"","_monsterinsights_sitenote_category":0},"product_brand":[],"product_cat":[12291,12866],"product_tag":[],"class_list":{"0":"post-690261","1":"product","2":"type-product","3":"status-publish","5":"product_cat-edebiyat","6":"product_cat-ingiliz-edebiyati","7":"pa_cilt-ciltsiz","8":"pa_tur-kitap","9":"pa_yayinevi-ayrinti-yayinlari","10":"pa_yazar-samuel-beckett","12":"first","13":"instock","14":"sale","15":"shipping-taxable","16":"purchasable","17":"product-type-simple"},"_links":{"self":[{"href":"https:\/\/roveyayinevi.com.tr\/index.php\/wp-json\/wp\/v2\/product\/690261","targetHints":{"allow":["GET"]}}],"collection":[{"href":"https:\/\/roveyayinevi.com.tr\/index.php\/wp-json\/wp\/v2\/product"}],"about":[{"href":"https:\/\/roveyayinevi.com.tr\/index.php\/wp-json\/wp\/v2\/types\/product"}],"wp:attachment":[{"href":"https:\/\/roveyayinevi.com.tr\/index.php\/wp-json\/wp\/v2\/media?parent=690261"}],"wp:term":[{"taxonomy":"product_brand","embeddable":true,"href":"https:\/\/roveyayinevi.com.tr\/index.php\/wp-json\/wp\/v2\/product_brand?post=690261"},{"taxonomy":"product_cat","embeddable":true,"href":"https:\/\/roveyayinevi.com.tr\/index.php\/wp-json\/wp\/v2\/product_cat?post=690261"},{"taxonomy":"product_tag","embeddable":true,"href":"https:\/\/roveyayinevi.com.tr\/index.php\/wp-json\/wp\/v2\/product_tag?post=690261"}],"curies":[{"name":"wp","href":"https:\/\/api.w.org\/{rel}","templated":true}]}}