{"id":690258,"date":"2025-08-27T13:51:01","date_gmt":"2025-08-27T10:51:01","guid":{"rendered":"https:\/\/roveyayinevi.com.tr\/index.php\/urun\/tatlinin-kitabi\/"},"modified":"2025-11-22T02:09:21","modified_gmt":"2025-11-21T23:09:21","slug":"tatlinin-kitabi","status":"publish","type":"product","link":"https:\/\/roveyayinevi.com.tr\/index.php\/urun\/tatlinin-kitabi\/","title":{"rendered":"Tatl\u0131n\u0131n Kitab\u0131"},"content":{"rendered":"<p>Tatl\u0131lar ya\u015fam\u0131m\u0131z\u0131n her d\u00f6neminde, renkli, kokulu, s\u00fcsl\u00fc sunumlar\u0131 ile dama\u011f\u0131m\u0131z\u0131 ve g\u00f6nl\u00fcm\u00fcz\u00fc ho\u015f etmi\u015ftir. Tatl\u0131 kelimesini duymak bile bizi g\u00fcl\u00fcmsetir. Do\u011fdu\u011fumuzda \u015ferbet olur i\u00e7ilir, y\u0131ld\u00f6n\u00fcmlerinde ve bayramlarda masalar\u0131m\u0131z\u0131 s\u00fcsler, d\u00fc\u011f\u00fcnlerde g\u00f6rkemiyle i\u00e7imizi a\u00e7an g\u00f6rsel bir sanat ve damaklar\u0131m\u0131zda lezzet olur. <\/p>\n","protected":false},"excerpt":{"rendered":"<p>Tatl\u0131lar ya\u015fam\u0131m\u0131z\u0131n her d\u00f6neminde, renkli, kokulu, s\u00fcsl\u00fc sunumlar\u0131 ile dama\u011f\u0131m\u0131z\u0131 ve g\u00f6nl\u00fcm\u00fcz\u00fc ho\u015f etmi\u015ftir. Tatl\u0131 kelimesini duymak bile bizi g\u00fcl\u00fcmsetir. Do\u011fdu\u011fumuzda \u015ferbet olur i\u00e7ilir, y\u0131ld\u00f6n\u00fcmlerinde ve<span class=\"excerpt-hellip\"> [\u2026]<\/span><\/p>\n","protected":false},"featured_media":0,"template":"","meta":{"_monsterinsights_skip_tracking":false,"_monsterinsights_sitenote_active":false,"_monsterinsights_sitenote_note":"","_monsterinsights_sitenote_category":0},"product_brand":[],"product_cat":[12458,12457],"product_tag":[],"class_list":{"0":"post-690258","1":"product","2":"type-product","3":"status-publish","5":"product_cat-turk-mutfagi","6":"product_cat-yemek-kitaplari","7":"pa_cilt-ciltsiz","8":"pa_tur-kitap","9":"pa_yayinevi-alfa-yayinlari","10":"pa_yazar-ebru-omurcali","12":"first","13":"instock","14":"sale","15":"shipping-taxable","16":"purchasable","17":"product-type-simple"},"_links":{"self":[{"href":"https:\/\/roveyayinevi.com.tr\/index.php\/wp-json\/wp\/v2\/product\/690258","targetHints":{"allow":["GET"]}}],"collection":[{"href":"https:\/\/roveyayinevi.com.tr\/index.php\/wp-json\/wp\/v2\/product"}],"about":[{"href":"https:\/\/roveyayinevi.com.tr\/index.php\/wp-json\/wp\/v2\/types\/product"}],"wp:attachment":[{"href":"https:\/\/roveyayinevi.com.tr\/index.php\/wp-json\/wp\/v2\/media?parent=690258"}],"wp:term":[{"taxonomy":"product_brand","embeddable":true,"href":"https:\/\/roveyayinevi.com.tr\/index.php\/wp-json\/wp\/v2\/product_brand?post=690258"},{"taxonomy":"product_cat","embeddable":true,"href":"https:\/\/roveyayinevi.com.tr\/index.php\/wp-json\/wp\/v2\/product_cat?post=690258"},{"taxonomy":"product_tag","embeddable":true,"href":"https:\/\/roveyayinevi.com.tr\/index.php\/wp-json\/wp\/v2\/product_tag?post=690258"}],"curies":[{"name":"wp","href":"https:\/\/api.w.org\/{rel}","templated":true}]}}