{"id":690255,"date":"2025-08-27T13:51:01","date_gmt":"2025-08-27T10:51:01","guid":{"rendered":"https:\/\/roveyayinevi.com.tr\/index.php\/urun\/winn-dixie-sayesinde\/"},"modified":"2026-04-16T01:59:51","modified_gmt":"2026-04-15T22:59:51","slug":"winn-dixie-sayesinde","status":"publish","type":"product","link":"https:\/\/roveyayinevi.com.tr\/index.php\/urun\/winn-dixie-sayesinde\/","title":{"rendered":"Winn-Dixie Sayesinde"},"content":{"rendered":"<p>Winn-Dixie Sayesinde 10 ya\u015f\u0131ndaki Opal\u2019in \u00f6yk\u00fcs\u00fc. Bir yaz g\u00fcn\u00fc, Opal Buloni birka\u00e7 \u015fey almak i\u00e7in s\u00fcpermarkete gider ve eve bir k\u00f6pekle geri d\u00f6ner. Winn-Dixie, s\u0131radan bir k\u00f6pek de\u011fildir. B\u00fcy\u00fck ve \u00e7irkin bir k\u00f6pek olmas\u0131na kar\u015f\u0131n, y\u00fcz\u00fcnde \u00e7ok g\u00fczel bir g\u00fcl\u00fcmseme vard\u0131r. Opal, t\u00fcm sevgisini Winn-Dixie\u2019ye verir ve onun sayesinde \u00e7ok ilgin\u00e7 insanlarla tan\u0131\u015f\u0131r, yeni arkada\u015fl\u0131klar kurmaya ba\u015flar. Winn-Dixie sayesinde \u00fc\u00e7 ya\u015f\u0131nda onlar\u0131 terk eden annesi hakk\u0131nda babas\u0131yla konu\u015fmay\u0131 ba\u015far\u0131r. Opal, Winn-Dixie ve sahip oldu\u011fu yeni dostlar\u0131yla yaln\u0131zl\u0131\u011f\u0131n\u0131 unutur. <\/p>\n","protected":false},"excerpt":{"rendered":"<p>Winn-Dixie Sayesinde 10 ya\u015f\u0131ndaki Opal\u2019in \u00f6yk\u00fcs\u00fc. Bir yaz g\u00fcn\u00fc, Opal Buloni birka\u00e7 \u015fey almak i\u00e7in s\u00fcpermarkete gider ve eve bir k\u00f6pekle geri d\u00f6ner. Winn-Dixie, s\u0131radan bir<span class=\"excerpt-hellip\"> [\u2026]<\/span><\/p>\n","protected":false},"featured_media":0,"template":"","meta":{"_monsterinsights_skip_tracking":false,"_monsterinsights_sitenote_active":false,"_monsterinsights_sitenote_note":"","_monsterinsights_sitenote_category":0},"product_brand":[],"product_cat":[12274,12649],"product_tag":[],"class_list":{"0":"post-690255","1":"product","2":"type-product","3":"status-publish","5":"product_cat-cocuk-ve-genclik-kitaplari","6":"product_cat-hobi-muzik","7":"pa_cilt-ciltsiz","8":"pa_tur-kitap","9":"pa_yayinevi-arkadas-yayinlari","10":"pa_yazar-kate-dicamillo","12":"first","13":"instock","14":"sale","15":"shipping-taxable","16":"purchasable","17":"product-type-simple"},"_links":{"self":[{"href":"https:\/\/roveyayinevi.com.tr\/index.php\/wp-json\/wp\/v2\/product\/690255","targetHints":{"allow":["GET"]}}],"collection":[{"href":"https:\/\/roveyayinevi.com.tr\/index.php\/wp-json\/wp\/v2\/product"}],"about":[{"href":"https:\/\/roveyayinevi.com.tr\/index.php\/wp-json\/wp\/v2\/types\/product"}],"wp:attachment":[{"href":"https:\/\/roveyayinevi.com.tr\/index.php\/wp-json\/wp\/v2\/media?parent=690255"}],"wp:term":[{"taxonomy":"product_brand","embeddable":true,"href":"https:\/\/roveyayinevi.com.tr\/index.php\/wp-json\/wp\/v2\/product_brand?post=690255"},{"taxonomy":"product_cat","embeddable":true,"href":"https:\/\/roveyayinevi.com.tr\/index.php\/wp-json\/wp\/v2\/product_cat?post=690255"},{"taxonomy":"product_tag","embeddable":true,"href":"https:\/\/roveyayinevi.com.tr\/index.php\/wp-json\/wp\/v2\/product_tag?post=690255"}],"curies":[{"name":"wp","href":"https:\/\/api.w.org\/{rel}","templated":true}]}}