{"id":690254,"date":"2025-08-27T13:51:00","date_gmt":"2025-08-27T10:51:00","guid":{"rendered":"https:\/\/roveyayinevi.com.tr\/index.php\/urun\/farkli-oldugumu-biliyordum\/"},"modified":"2026-04-14T02:00:47","modified_gmt":"2026-04-13T23:00:47","slug":"farkli-oldugumu-biliyordum","status":"publish","type":"product","link":"https:\/\/roveyayinevi.com.tr\/index.php\/urun\/farkli-oldugumu-biliyordum\/","title":{"rendered":"Farkl\u0131 Oldu\u011fumu Biliyordum"},"content":{"rendered":"<p>D\u00fcnyam\u0131zda de\u011fi\u015fik bilin\u00e7 d\u00fczeyleri ile ilgili fark\u0131ndal\u0131\u011f\u0131n artt\u0131\u011f\u0131 bir d\u00f6nemdeyiz. Bu kitap, yetenekli ve \u00fcst\u00fcn yeteneklilerin ya\u015fad\u0131klar\u0131 ve sergiledikleri problemlerin kayna\u011f\u0131na inerken onlar\u0131n yarat\u0131c\u0131l\u0131k, duygusall\u0131k, duyarl\u0131l\u0131k, bilin\u00e7\u00fcst\u00fc fark\u0131ndal\u0131k ve sezgilerle dolu i\u00e7 d\u00fcnyalar\u0131n\u0131 anlamam\u0131z\u0131 sa\u011flamaktad\u0131r. Anneler, babalar, veliler, \u00f6\u011fretmenler, e\u011fitim uzmanlar\u0131, psikolojik dan\u0131\u015fmanlar ve \u00e7ocuklarla ilgilenen herkes i\u00e7in\u2026 <\/p>\n","protected":false},"excerpt":{"rendered":"<p>D\u00fcnyam\u0131zda de\u011fi\u015fik bilin\u00e7 d\u00fczeyleri ile ilgili fark\u0131ndal\u0131\u011f\u0131n artt\u0131\u011f\u0131 bir d\u00f6nemdeyiz. Bu kitap, yetenekli ve \u00fcst\u00fcn yeteneklilerin ya\u015fad\u0131klar\u0131 ve sergiledikleri problemlerin kayna\u011f\u0131na inerken onlar\u0131n yarat\u0131c\u0131l\u0131k, duygusall\u0131k, duyarl\u0131l\u0131k,<span class=\"excerpt-hellip\"> [\u2026]<\/span><\/p>\n","protected":false},"featured_media":0,"template":"","meta":{"_monsterinsights_skip_tracking":false,"_monsterinsights_sitenote_active":false,"_monsterinsights_sitenote_note":"","_monsterinsights_sitenote_category":0},"product_brand":[],"product_cat":[12312,12304],"product_tag":[],"class_list":{"0":"post-690254","1":"product","2":"type-product","3":"status-publish","5":"product_cat-diger","6":"product_cat-tarih","7":"pa_cilt-ciltsiz","8":"pa_tur-kitap","9":"pa_yayinevi-kok-yayinevi","10":"pa_yazar-tara-stuart","12":"first","13":"instock","14":"sale","15":"shipping-taxable","16":"purchasable","17":"product-type-simple"},"_links":{"self":[{"href":"https:\/\/roveyayinevi.com.tr\/index.php\/wp-json\/wp\/v2\/product\/690254","targetHints":{"allow":["GET"]}}],"collection":[{"href":"https:\/\/roveyayinevi.com.tr\/index.php\/wp-json\/wp\/v2\/product"}],"about":[{"href":"https:\/\/roveyayinevi.com.tr\/index.php\/wp-json\/wp\/v2\/types\/product"}],"wp:attachment":[{"href":"https:\/\/roveyayinevi.com.tr\/index.php\/wp-json\/wp\/v2\/media?parent=690254"}],"wp:term":[{"taxonomy":"product_brand","embeddable":true,"href":"https:\/\/roveyayinevi.com.tr\/index.php\/wp-json\/wp\/v2\/product_brand?post=690254"},{"taxonomy":"product_cat","embeddable":true,"href":"https:\/\/roveyayinevi.com.tr\/index.php\/wp-json\/wp\/v2\/product_cat?post=690254"},{"taxonomy":"product_tag","embeddable":true,"href":"https:\/\/roveyayinevi.com.tr\/index.php\/wp-json\/wp\/v2\/product_tag?post=690254"}],"curies":[{"name":"wp","href":"https:\/\/api.w.org\/{rel}","templated":true}]}}