{"id":690249,"date":"2025-08-27T13:50:59","date_gmt":"2025-08-27T10:50:59","guid":{"rendered":"https:\/\/roveyayinevi.com.tr\/index.php\/urun\/kanli-dugun-ispanyolca-turkce\/"},"modified":"2026-04-16T01:59:51","modified_gmt":"2026-04-15T22:59:51","slug":"kanli-dugun-ispanyolca-turkce","status":"publish","type":"product","link":"https:\/\/roveyayinevi.com.tr\/index.php\/urun\/kanli-dugun-ispanyolca-turkce\/","title":{"rendered":"Kanl\u0131 D\u00fc\u011f\u00fcn (\u0130spanyolca &#8211; T\u00fcrk\u00e7e)"},"content":{"rendered":"<p>Federico Garcia Lorca (1898-1936): \u015eiirleri ve oyunlar\u0131nda halk k\u00fclt\u00fcr\u00fc unsurlar\u0131n\u0131 modern i\u00e7erikle harmanlama g\u00fcc\u00fcyle ispanya&#8217;n\u0131n 20. y\u00fczy\u0131l ba\u015f\u0131nda d\u00fcnya k\u00fclt\u00fcr\u00fcne \u00f6nemli katk\u0131da bulunan yazarlar\u0131ndand\u0131. \u0130spanya \u0130\u00e7 Sava\u015f s\u0131ras\u0131nda Franco&#8217;cu g\u00fc\u00e7ler taraf\u0131ndan tutuklan\u0131p kur\u015funa dizildi. En \u00f6nemli yap\u0131tlar\u0131ndan Kanl\u0131 D\u00fc\u011f\u00fcn 1933&#8217;de yay\u0131mland\u0131. D\u00fcnyan\u0131n pek \u00e7ok \u00fclkesinde defalarca sahnelendi. Roza Hakmen (1956); T\u00fcrk\u00e7enin en \u00f6nemli Frans\u0131zca, \u0130ngilizce ve \u0130spanyolca \u00e7evirmenlerinden. Don Ki\u015fot, Kay\u0131p Zaman\u0131n \u0130zinde, \u00c7anlar Kimin \u0130\u00e7in \u00c7al\u0131yor ve Vampirle Konu\u015fma \u00e7evirilerinden yazl\u0131zca birke\u00e7\u0131.<\/p>\n","protected":false},"excerpt":{"rendered":"<p>Federico Garcia Lorca (1898-1936): \u015eiirleri ve oyunlar\u0131nda halk k\u00fclt\u00fcr\u00fc unsurlar\u0131n\u0131 modern i\u00e7erikle harmanlama g\u00fcc\u00fcyle ispanya&#8217;n\u0131n 20. y\u00fczy\u0131l ba\u015f\u0131nda d\u00fcnya k\u00fclt\u00fcr\u00fcne \u00f6nemli katk\u0131da bulunan yazarlar\u0131ndand\u0131. \u0130spanya \u0130\u00e7<span class=\"excerpt-hellip\"> [\u2026]<\/span><\/p>\n","protected":false},"featured_media":0,"template":"","meta":{"_monsterinsights_skip_tracking":false,"_monsterinsights_sitenote_active":false,"_monsterinsights_sitenote_note":"","_monsterinsights_sitenote_category":0},"product_brand":[],"product_cat":[12291,14272],"product_tag":[],"class_list":{"0":"post-690249","1":"product","2":"type-product","3":"status-publish","5":"product_cat-edebiyat","6":"product_cat-tiyatro","7":"pa_cilt-ciltsiz","8":"pa_tur-kitap","9":"pa_yayinevi-is-bankasi-kultur-yayinlari","10":"pa_yazar-federico-garcia-lorca","12":"first","13":"instock","14":"sale","15":"shipping-taxable","16":"purchasable","17":"product-type-simple"},"_links":{"self":[{"href":"https:\/\/roveyayinevi.com.tr\/index.php\/wp-json\/wp\/v2\/product\/690249","targetHints":{"allow":["GET"]}}],"collection":[{"href":"https:\/\/roveyayinevi.com.tr\/index.php\/wp-json\/wp\/v2\/product"}],"about":[{"href":"https:\/\/roveyayinevi.com.tr\/index.php\/wp-json\/wp\/v2\/types\/product"}],"wp:attachment":[{"href":"https:\/\/roveyayinevi.com.tr\/index.php\/wp-json\/wp\/v2\/media?parent=690249"}],"wp:term":[{"taxonomy":"product_brand","embeddable":true,"href":"https:\/\/roveyayinevi.com.tr\/index.php\/wp-json\/wp\/v2\/product_brand?post=690249"},{"taxonomy":"product_cat","embeddable":true,"href":"https:\/\/roveyayinevi.com.tr\/index.php\/wp-json\/wp\/v2\/product_cat?post=690249"},{"taxonomy":"product_tag","embeddable":true,"href":"https:\/\/roveyayinevi.com.tr\/index.php\/wp-json\/wp\/v2\/product_tag?post=690249"}],"curies":[{"name":"wp","href":"https:\/\/api.w.org\/{rel}","templated":true}]}}