{"id":690248,"date":"2025-08-27T13:50:59","date_gmt":"2025-08-27T10:50:59","guid":{"rendered":"https:\/\/roveyayinevi.com.tr\/index.php\/urun\/lutfen-beni-anla-anne-ve-babama-sevgilerimle\/"},"modified":"2025-09-01T08:29:23","modified_gmt":"2025-09-01T05:29:23","slug":"lutfen-beni-anla-anne-ve-babama-sevgilerimle","status":"publish","type":"product","link":"https:\/\/roveyayinevi.com.tr\/index.php\/urun\/lutfen-beni-anla-anne-ve-babama-sevgilerimle\/","title":{"rendered":"L\u00fctfen Beni Anla &#8211; Anne ve Babama Sevgilerimle"},"content":{"rendered":"<p>Biz bu i\u015fi ba\u015fard\u0131k! Kutlar\u0131m sizi sevgili gen\u00e7ler! B\u00f6yle bir kitap yaz\u0131lmas\u0131 \u00f6nerisi sizlerden geldi. Bu fikri yurdun d\u00f6rtbir yan\u0131ndan yazd\u0131\u011f\u0131n\u0131z sevgi dolu mektuplarla desteklediniz, y\u00f6nlendirdiniz. Ve ba\u015fard\u0131n\u0131z! Bug\u00fcne dek biz anne babalar konu\u015ftuk, sizler dinlediniz. Oysa bu kitapta siz gen\u00e7ler konu\u015ftunuz, biz anne babalar dinledik. Neler anlatt\u0131n\u0131z neler..<\/p>\n","protected":false},"excerpt":{"rendered":"<p>Biz bu i\u015fi ba\u015fard\u0131k! Kutlar\u0131m sizi sevgili gen\u00e7ler! B\u00f6yle bir kitap yaz\u0131lmas\u0131 \u00f6nerisi sizlerden geldi. Bu fikri yurdun d\u00f6rtbir yan\u0131ndan yazd\u0131\u011f\u0131n\u0131z sevgi dolu mektuplarla desteklediniz, y\u00f6nlendirdiniz.<span class=\"excerpt-hellip\"> [\u2026]<\/span><\/p>\n","protected":false},"featured_media":0,"template":"","meta":{"_monsterinsights_skip_tracking":false,"_monsterinsights_sitenote_active":false,"_monsterinsights_sitenote_note":"","_monsterinsights_sitenote_category":0},"product_brand":[],"product_cat":[14787,13488],"product_tag":[],"class_list":{"0":"post-690248","1":"product","2":"type-product","3":"status-publish","5":"product_cat-diger-toplum-ve-insan","6":"product_cat-toplum-ve-insan","7":"pa_cilt-ciltsiz","8":"pa_tur-kitap","9":"pa_yayinevi-artemis-yayinlari","10":"pa_yazar-ipek-ongun","12":"first","13":"instock","14":"sale","15":"shipping-taxable","16":"purchasable","17":"product-type-simple"},"_links":{"self":[{"href":"https:\/\/roveyayinevi.com.tr\/index.php\/wp-json\/wp\/v2\/product\/690248","targetHints":{"allow":["GET"]}}],"collection":[{"href":"https:\/\/roveyayinevi.com.tr\/index.php\/wp-json\/wp\/v2\/product"}],"about":[{"href":"https:\/\/roveyayinevi.com.tr\/index.php\/wp-json\/wp\/v2\/types\/product"}],"wp:attachment":[{"href":"https:\/\/roveyayinevi.com.tr\/index.php\/wp-json\/wp\/v2\/media?parent=690248"}],"wp:term":[{"taxonomy":"product_brand","embeddable":true,"href":"https:\/\/roveyayinevi.com.tr\/index.php\/wp-json\/wp\/v2\/product_brand?post=690248"},{"taxonomy":"product_cat","embeddable":true,"href":"https:\/\/roveyayinevi.com.tr\/index.php\/wp-json\/wp\/v2\/product_cat?post=690248"},{"taxonomy":"product_tag","embeddable":true,"href":"https:\/\/roveyayinevi.com.tr\/index.php\/wp-json\/wp\/v2\/product_tag?post=690248"}],"curies":[{"name":"wp","href":"https:\/\/api.w.org\/{rel}","templated":true}]}}