{"id":690243,"date":"2025-08-27T13:50:58","date_gmt":"2025-08-27T10:50:58","guid":{"rendered":"https:\/\/roveyayinevi.com.tr\/index.php\/urun\/sinif-yonetimi\/"},"modified":"2026-04-16T01:59:50","modified_gmt":"2026-04-15T22:59:50","slug":"sinif-yonetimi","status":"publish","type":"product","link":"https:\/\/roveyayinevi.com.tr\/index.php\/urun\/sinif-yonetimi\/","title":{"rendered":"S\u0131n\u0131f Y\u00f6netimi"},"content":{"rendered":"<p>1979 y\u0131l\u0131nda Orta Do\u011fu Teknik \u00dcniversitesi Sosyoloji B\u00f6l\u00fcm\u00fcnden mezun olan Erden, 1984 y\u0131l\u0131nda Hacettepe \u00dcniversitesi, E\u011fitim Fak\u00fcltesinde, \u201cE\u011fitim Programlar\u0131 ve \u00d6\u011fretim\u201d dal\u0131nda doktora derecesi ald\u0131. 1997 y\u0131l\u0131nda Hacettepe \u00dcniversitesinde profes\u00f6rl\u00fck unvan\u0131n\u0131 alan Erden, ayn\u0131 y\u0131l Y\u0131ld\u0131z Teknik \u00dcniversitesine ge\u00e7mi\u015f ve bu \u00fcniversitede, E\u011fitim Bilimleri B\u00f6l\u00fcm Ba\u015fkanl\u0131\u011f\u0131 ve kurucusu oldu\u011fu E\u011fitim Fak\u00fcltesi Dekanl\u0131\u011f\u0131 g\u00f6revlerini y\u00fcr\u00fctm\u00fc\u015ft\u00fcr. Erden&#8217;in \u00d6\u011fretmenlik Mesle\u011fine Giri\u015f, E\u011fitim Bilimlerine Giri\u015f, S\u0131n\u0131f Y\u00f6netimi, E\u011fitim Psikolojisi, \u00d6\u011frenme Stilleri, Okula Uyum Sa\u011flayamayan Farkl\u0131 \u00c7ocuklar isimli kitaplar\u0131; ulusal ve uluslararas\u0131 \u00e7e\u015fitli dergilerde yay\u0131mlanm\u0131\u015f \u00e7ok say\u0131da bilimsel makalesi bulunmaktad\u0131r<\/p>\n","protected":false},"excerpt":{"rendered":"<p>1979 y\u0131l\u0131nda Orta Do\u011fu Teknik \u00dcniversitesi Sosyoloji B\u00f6l\u00fcm\u00fcnden mezun olan Erden, 1984 y\u0131l\u0131nda Hacettepe \u00dcniversitesi, E\u011fitim Fak\u00fcltesinde, \u201cE\u011fitim Programlar\u0131 ve \u00d6\u011fretim\u201d dal\u0131nda doktora derecesi ald\u0131. 1997<span class=\"excerpt-hellip\"> [\u2026]<\/span><\/p>\n","protected":false},"featured_media":0,"template":"","meta":{"_monsterinsights_skip_tracking":false,"_monsterinsights_sitenote_active":false,"_monsterinsights_sitenote_note":"","_monsterinsights_sitenote_category":0},"product_brand":[],"product_cat":[12364,12376],"product_tag":[],"class_list":{"0":"post-690243","1":"product","2":"type-product","3":"status-publish","5":"product_cat-genel-konular","6":"product_cat-kisisel-gelisim","7":"pa_cilt-ciltsiz","8":"pa_tur-kitap","9":"pa_yayinevi-arkadas-yayinlari-ders-kitaplari","10":"pa_yazar-munire-erden","12":"first","13":"instock","14":"sale","15":"shipping-taxable","16":"purchasable","17":"product-type-simple"},"_links":{"self":[{"href":"https:\/\/roveyayinevi.com.tr\/index.php\/wp-json\/wp\/v2\/product\/690243","targetHints":{"allow":["GET"]}}],"collection":[{"href":"https:\/\/roveyayinevi.com.tr\/index.php\/wp-json\/wp\/v2\/product"}],"about":[{"href":"https:\/\/roveyayinevi.com.tr\/index.php\/wp-json\/wp\/v2\/types\/product"}],"wp:attachment":[{"href":"https:\/\/roveyayinevi.com.tr\/index.php\/wp-json\/wp\/v2\/media?parent=690243"}],"wp:term":[{"taxonomy":"product_brand","embeddable":true,"href":"https:\/\/roveyayinevi.com.tr\/index.php\/wp-json\/wp\/v2\/product_brand?post=690243"},{"taxonomy":"product_cat","embeddable":true,"href":"https:\/\/roveyayinevi.com.tr\/index.php\/wp-json\/wp\/v2\/product_cat?post=690243"},{"taxonomy":"product_tag","embeddable":true,"href":"https:\/\/roveyayinevi.com.tr\/index.php\/wp-json\/wp\/v2\/product_tag?post=690243"}],"curies":[{"name":"wp","href":"https:\/\/api.w.org\/{rel}","templated":true}]}}