{"id":690242,"date":"2025-08-27T13:50:58","date_gmt":"2025-08-27T10:50:58","guid":{"rendered":"https:\/\/roveyayinevi.com.tr\/index.php\/urun\/robinson-crusoe-3\/"},"modified":"2026-04-16T01:59:50","modified_gmt":"2026-04-15T22:59:50","slug":"robinson-crusoe-3","status":"publish","type":"product","link":"https:\/\/roveyayinevi.com.tr\/index.php\/urun\/robinson-crusoe-3\/","title":{"rendered":"Robinson Crusoe"},"content":{"rendered":"<p>Robinson Crusoe: 1600&#8217;l\u00fc y\u0131llarda, macera dolu yolculuklar\u0131ndan birinde, Robinson Crusoe batan gemiden hayatta kalan tek ki\u015fi olur ve \u0131ss\u0131z bir adada otuz y\u0131l kadar ya\u015far. \u0130lkel ko\u015fullara uyum sa\u011flayarak alet, bar\u0131nak, giysi ve ekmek yapmay\u0131 \u00f6\u011frenir. 270 y\u0131l\u0131 a\u015fk\u0131n s\u00fcredir, d\u00fcnyan\u0131n her yerinden okurlar, zengin ve g\u00fcvenli ya\u015fam\u0131n\u0131 b\u0131rak\u0131p tehlikeli sulara a\u00e7\u0131lan ve ancak yaln\u0131zca yamyamlar\u0131n u\u011frad\u0131\u011f\u0131 \u0131ss\u0131z bir adada tek ba\u015f\u0131na kald\u0131\u011f\u0131nda ayaklar\u0131 suya eren bu g\u00f6z\u00fc kara gencin \u00f6yk\u00fcs\u00fcn\u00fc b\u00fcy\u00fclenerek okuyor. <\/p>\n","protected":false},"excerpt":{"rendered":"<p>Robinson Crusoe: 1600&#8217;l\u00fc y\u0131llarda, macera dolu yolculuklar\u0131ndan birinde, Robinson Crusoe batan gemiden hayatta kalan tek ki\u015fi olur ve \u0131ss\u0131z bir adada otuz y\u0131l kadar ya\u015far. \u0130lkel<span class=\"excerpt-hellip\"> [\u2026]<\/span><\/p>\n","protected":false},"featured_media":0,"template":"","meta":{"_monsterinsights_skip_tracking":false,"_monsterinsights_sitenote_active":false,"_monsterinsights_sitenote_note":"","_monsterinsights_sitenote_category":0},"product_brand":[],"product_cat":[12274,12467],"product_tag":[],"class_list":{"0":"post-690242","1":"product","2":"type-product","3":"status-publish","5":"product_cat-cocuk-ve-genclik-kitaplari","6":"product_cat-dunya-klasikleri","7":"pa_cilt-ciltsiz","8":"pa_tur-kitap","9":"pa_yayinevi-arkadas-yayinlari","10":"pa_yazar-daniel-defoe","12":"first","13":"instock","14":"sale","15":"shipping-taxable","16":"purchasable","17":"product-type-simple"},"_links":{"self":[{"href":"https:\/\/roveyayinevi.com.tr\/index.php\/wp-json\/wp\/v2\/product\/690242","targetHints":{"allow":["GET"]}}],"collection":[{"href":"https:\/\/roveyayinevi.com.tr\/index.php\/wp-json\/wp\/v2\/product"}],"about":[{"href":"https:\/\/roveyayinevi.com.tr\/index.php\/wp-json\/wp\/v2\/types\/product"}],"wp:attachment":[{"href":"https:\/\/roveyayinevi.com.tr\/index.php\/wp-json\/wp\/v2\/media?parent=690242"}],"wp:term":[{"taxonomy":"product_brand","embeddable":true,"href":"https:\/\/roveyayinevi.com.tr\/index.php\/wp-json\/wp\/v2\/product_brand?post=690242"},{"taxonomy":"product_cat","embeddable":true,"href":"https:\/\/roveyayinevi.com.tr\/index.php\/wp-json\/wp\/v2\/product_cat?post=690242"},{"taxonomy":"product_tag","embeddable":true,"href":"https:\/\/roveyayinevi.com.tr\/index.php\/wp-json\/wp\/v2\/product_tag?post=690242"}],"curies":[{"name":"wp","href":"https:\/\/api.w.org\/{rel}","templated":true}]}}