{"id":690241,"date":"2025-08-27T13:50:58","date_gmt":"2025-08-27T10:50:58","guid":{"rendered":"https:\/\/roveyayinevi.com.tr\/index.php\/urun\/resimlerle-troya\/"},"modified":"2026-04-16T01:59:50","modified_gmt":"2026-04-15T22:59:50","slug":"resimlerle-troya","status":"publish","type":"product","link":"https:\/\/roveyayinevi.com.tr\/index.php\/urun\/resimlerle-troya\/","title":{"rendered":"Resimlerle Troya"},"content":{"rendered":"<p>Resimlerle Troya, \u00e7ok say\u0131da resim ve bilimsel temellere dayanan anlat\u0131m\u0131yla, nesiller boyunca ara\u015ft\u0131rmac\u0131lar\u0131 b\u00fcy\u00fclemi\u015f, efsanelere konu olmu\u015f bir kentin de\u011fi\u015fken tarihine yap\u0131lan ola\u011fan\u00fcst\u00fc bir zaman yolculu\u011fu.   En son bilimsel veriler yard\u0131m\u0131yla, Troya\u2019n\u0131n \u201cyeniden canland\u0131r\u0131lmas\u0131\u201d ilk kez ba\u015far\u0131ld\u0131. Bilgisayar sim\u00fclasyonu yard\u0131m\u0131yla olu\u015fturulmu\u015f m\u00fckemmel kalitede resimler sayesinde, kenti her tarihsel yap\u0131 a\u015famas\u0131nda ziyaret etmek art\u0131k olas\u0131. Manfred Korfmann ve beraberindeki arkeolog ekibinin kaz\u0131lar\u0131na on y\u0131l\u0131 a\u015fk\u0131n s\u00fcreyle refakat etmi\u015f olan yazarlar, harabelerin g\u00fcn\u00fcm\u00fcze ait foto\u011fraflar\u0131n\u0131, bunlarla tam olarak \u00f6rt\u00fc\u015fen bilgisayar resimleriyle kar\u015f\u0131la\u015ft\u0131r\u0131yor ve ayn\u0131 zamanda \u00e7e\u015fitli d\u00f6nemlerin tarihini anlat\u0131yorlar: \u0130lk yerle\u015fimin ba\u015flang\u0131c\u0131ndan Priamos Hazinesi Troya\u2019s\u0131 ve Homeros d\u00f6nemine ve oradan da Roma egemenli\u011fine dek.     Resimlerle Troya, kentin b\u00fcy\u00fckl\u00fc\u011f\u00fc ve \u00f6nemiyle ilgili bug\u00fcne dek s\u00fcregelmi\u015f t\u00fcm d\u00fc\u015f\u00fcnce ayr\u0131l\u0131klar\u0131n\u0131n alt\u0131na kal\u0131n bir \u00e7izgi \u00e7ekiyor: Troya\u2019n\u0131n bu en yeni resimlerini g\u00f6renler, onun bir zamanlar ne kadar b\u00fcy\u00fck ve g\u00fc\u00e7l\u00fc bir kent oldu\u011fundan art\u0131k ku\u015fku duymayacaklar\u2026 <\/p>\n","protected":false},"excerpt":{"rendered":"<p>Resimlerle Troya, \u00e7ok say\u0131da resim ve bilimsel temellere dayanan anlat\u0131m\u0131yla, nesiller boyunca ara\u015ft\u0131rmac\u0131lar\u0131 b\u00fcy\u00fclemi\u015f, efsanelere konu olmu\u015f bir kentin de\u011fi\u015fken tarihine yap\u0131lan ola\u011fan\u00fcst\u00fc bir zaman yolculu\u011fu.<span class=\"excerpt-hellip\"> [\u2026]<\/span><\/p>\n","protected":false},"featured_media":0,"template":"","meta":{"_monsterinsights_skip_tracking":false,"_monsterinsights_sitenote_active":false,"_monsterinsights_sitenote_note":"","_monsterinsights_sitenote_category":0},"product_brand":[],"product_cat":[12312,12304],"product_tag":[],"class_list":{"0":"post-690241","1":"product","2":"type-product","3":"status-publish","5":"product_cat-diger","6":"product_cat-tarih","7":"pa_cilt-ciltsiz","8":"pa_tur-kitap","9":"pa_yayinevi-arkadas-yayinlari","10":"pa_yazar-peter-jablonka","12":"first","13":"instock","14":"sale","15":"shipping-taxable","16":"purchasable","17":"product-type-simple"},"_links":{"self":[{"href":"https:\/\/roveyayinevi.com.tr\/index.php\/wp-json\/wp\/v2\/product\/690241","targetHints":{"allow":["GET"]}}],"collection":[{"href":"https:\/\/roveyayinevi.com.tr\/index.php\/wp-json\/wp\/v2\/product"}],"about":[{"href":"https:\/\/roveyayinevi.com.tr\/index.php\/wp-json\/wp\/v2\/types\/product"}],"wp:attachment":[{"href":"https:\/\/roveyayinevi.com.tr\/index.php\/wp-json\/wp\/v2\/media?parent=690241"}],"wp:term":[{"taxonomy":"product_brand","embeddable":true,"href":"https:\/\/roveyayinevi.com.tr\/index.php\/wp-json\/wp\/v2\/product_brand?post=690241"},{"taxonomy":"product_cat","embeddable":true,"href":"https:\/\/roveyayinevi.com.tr\/index.php\/wp-json\/wp\/v2\/product_cat?post=690241"},{"taxonomy":"product_tag","embeddable":true,"href":"https:\/\/roveyayinevi.com.tr\/index.php\/wp-json\/wp\/v2\/product_tag?post=690241"}],"curies":[{"name":"wp","href":"https:\/\/api.w.org\/{rel}","templated":true}]}}