{"id":690238,"date":"2025-08-27T13:50:57","date_gmt":"2025-08-27T10:50:57","guid":{"rendered":"https:\/\/roveyayinevi.com.tr\/index.php\/urun\/gulen-ceset-bir-anita-blake-vampir-avcisi-romani\/"},"modified":"2026-04-16T01:59:50","modified_gmt":"2026-04-15T22:59:50","slug":"gulen-ceset-bir-anita-blake-vampir-avcisi-romani","status":"publish","type":"product","link":"https:\/\/roveyayinevi.com.tr\/index.php\/urun\/gulen-ceset-bir-anita-blake-vampir-avcisi-romani\/","title":{"rendered":"G\u00fclen Ceset Bir Anita Blake Vampir Avc\u0131s\u0131 Roman\u0131"},"content":{"rendered":"<p>Laurell K. Hamilton\u2018\u0131n romanlar\u0131, okuyucular\u0131, \u00f6l\u00fc diriltici ve vampir avc\u0131s\u0131 Anita Blake\u2018in tehlikeli d\u00fcnyas\u0131na g\u00f6t\u00fcr\u00fcyor. Yeralt\u0131ndan bir yarat\u0131k St. Louis\u2018de deh\u015fet sa\u00e7\u0131yor. Ve Anita baz\u0131 s\u0131rlar\u0131n g\u00f6m\u00fcl\u00fc, baz\u0131 insanlar\u0131n da \u00f6l\u00fc kalmas\u0131 gerekti\u011fini \u00f6\u011frenmek \u00fczere&#8230;&#8221;\u00c7ok tehlikeli biriymi\u015fim gibi davran\u0131yorlar bana. Oysa hi\u00e7 abartm\u0131yorum ki&#8230; \u00d6l\u00fcleri diriltip birka\u00e7 vampir \u00f6ld\u00fcr\u00fcyorsun sonra da insanlar seni canavar olarak g\u00f6rmeye ba\u015fl\u0131yor. Tamam, bu bazen \u00fcz\u00fcc\u00fc. Ama art\u0131k&#8230; Avantajlar\u0131 da var. Cidden buraya silahs\u0131z gelece\u011fimi mi sand\u0131n, diye sordum mesela. Sesim kulakta ciddi ve ger\u00e7ek\u00e7i t\u0131nl\u0131yordu. Hayat\u0131n \u00fcst\u00fcne bahse girmek ister misin?&#8221; &#8220;Yeti\u015fkinler i\u00e7in Vampir Avc\u0131s\u0131 Buffy&#8230; Aksiyon hi\u00e7 durmuyor.&#8221; -The New York Review &#8220;Vah\u015fi ve e\u011flenceli.&#8221; -Publishers Weekly <\/p>\n","protected":false},"excerpt":{"rendered":"<p>Laurell K. Hamilton\u2018\u0131n romanlar\u0131, okuyucular\u0131, \u00f6l\u00fc diriltici ve vampir avc\u0131s\u0131 Anita Blake\u2018in tehlikeli d\u00fcnyas\u0131na g\u00f6t\u00fcr\u00fcyor. Yeralt\u0131ndan bir yarat\u0131k St. Louis\u2018de deh\u015fet sa\u00e7\u0131yor. Ve Anita baz\u0131 s\u0131rlar\u0131n<span class=\"excerpt-hellip\"> [\u2026]<\/span><\/p>\n","protected":false},"featured_media":0,"template":"","meta":{"_monsterinsights_skip_tracking":false,"_monsterinsights_sitenote_active":false,"_monsterinsights_sitenote_note":"","_monsterinsights_sitenote_category":0},"product_brand":[],"product_cat":[12291,14777],"product_tag":[],"class_list":{"0":"post-690238","1":"product","2":"type-product","3":"status-publish","5":"product_cat-edebiyat","6":"product_cat-fantastik","7":"pa_cilt-ciltsiz","8":"pa_tur-kitap","9":"pa_yayinevi-artemis-yayinlari","10":"pa_yazar-laurell-k-hamilton","12":"first","13":"instock","14":"sale","15":"shipping-taxable","16":"purchasable","17":"product-type-simple"},"_links":{"self":[{"href":"https:\/\/roveyayinevi.com.tr\/index.php\/wp-json\/wp\/v2\/product\/690238","targetHints":{"allow":["GET"]}}],"collection":[{"href":"https:\/\/roveyayinevi.com.tr\/index.php\/wp-json\/wp\/v2\/product"}],"about":[{"href":"https:\/\/roveyayinevi.com.tr\/index.php\/wp-json\/wp\/v2\/types\/product"}],"wp:attachment":[{"href":"https:\/\/roveyayinevi.com.tr\/index.php\/wp-json\/wp\/v2\/media?parent=690238"}],"wp:term":[{"taxonomy":"product_brand","embeddable":true,"href":"https:\/\/roveyayinevi.com.tr\/index.php\/wp-json\/wp\/v2\/product_brand?post=690238"},{"taxonomy":"product_cat","embeddable":true,"href":"https:\/\/roveyayinevi.com.tr\/index.php\/wp-json\/wp\/v2\/product_cat?post=690238"},{"taxonomy":"product_tag","embeddable":true,"href":"https:\/\/roveyayinevi.com.tr\/index.php\/wp-json\/wp\/v2\/product_tag?post=690238"}],"curies":[{"name":"wp","href":"https:\/\/api.w.org\/{rel}","templated":true}]}}